{"id":5904,"date":"2020-07-23T17:08:32","date_gmt":"2020-07-23T17:08:32","guid":{"rendered":"http:\/\/desarrollo.vila.es\/?page_id=5904"},"modified":"2020-07-24T15:46:49","modified_gmt":"2020-07-24T15:46:49","slug":"aeropuerto","status":"publish","type":"page","link":"https:\/\/vila.es\/de\/kontakt\/aeropuerto\/","title":{"rendered":"Aeropuerto"},"content":{"rendered":"<p><div class=\"fusion-fullwidth fullwidth-box fusion-builder-row-1 fusion-flex-container nonhundred-percent-fullwidth non-hundred-percent-height-scrolling\" style=\"--awb-border-radius-top-left:0px;--awb-border-radius-top-right:0px;--awb-border-radius-bottom-right:0px;--awb-border-radius-bottom-left:0px;--awb-background-color:#ebeff0;--awb-flex-wrap:wrap;\" ><div class=\"fusion-builder-row fusion-row fusion-flex-align-items-flex-start fusion-flex-content-wrap\" style=\"max-width:calc( 1420px + 0px );margin-left: calc(-0px \/ 2 );margin-right: calc(-0px \/ 2 );\"><div class=\"fusion-layout-column fusion_builder_column fusion-builder-column-0 fusion_builder_column_1_1 1_1 fusion-flex-column\" style=\"--awb-bg-size:cover;--awb-width-large:100%;--awb-margin-top-large:0px;--awb-spacing-right-large:0px;--awb-margin-bottom-large:20px;--awb-spacing-left-large:0px;--awb-width-medium:100%;--awb-spacing-right-medium:0px;--awb-spacing-left-medium:0px;--awb-width-small:100%;--awb-spacing-right-small:0px;--awb-spacing-left-small:0px;\"><div class=\"fusion-column-wrapper fusion-column-has-shadow fusion-flex-justify-content-flex-start fusion-content-layout-column\"><div class=\"fusion-text fusion-text-1\"><h1>FLUGHAFEN<\/h1>\n<\/div><\/div><\/div><\/div><\/div><div class=\"fusion-fullwidth fullwidth-box fusion-builder-row-2 fusion-flex-container nonhundred-percent-fullwidth non-hundred-percent-height-scrolling\" style=\"--awb-border-radius-top-left:0px;--awb-border-radius-top-right:0px;--awb-border-radius-bottom-right:0px;--awb-border-radius-bottom-left:0px;--awb-padding-bottom:80px;--awb-margin-bottom:0px;--awb-background-color:#ebeff0;--awb-flex-wrap:wrap;\" ><div class=\"fusion-builder-row fusion-row fusion-flex-align-items-flex-start fusion-flex-content-wrap\" style=\"max-width:1476.8px;margin-left: calc(-4% \/ 2 );margin-right: calc(-4% \/ 2 );\"><div class=\"fusion-layout-column fusion_builder_column fusion-builder-column-1 fusion_builder_column_2_3 2_3 fusion-flex-column right\" style=\"--awb-padding-right:0px;--awb-padding-bottom:0px;--awb-bg-size:cover;--awb-width-large:66.666666666667%;--awb-margin-top-large:0px;--awb-spacing-right-large:3.84%;--awb-margin-bottom-large:0px;--awb-spacing-left-large:2.88%;--awb-width-medium:66.666666666667%;--awb-spacing-right-medium:3.84%;--awb-spacing-left-medium:2.88%;--awb-width-small:100%;--awb-spacing-right-small:1.92%;--awb-spacing-left-small:1.92%;\"><div class=\"fusion-column-wrapper fusion-column-has-shadow fusion-flex-justify-content-flex-start fusion-content-layout-column\"><div class=\"fusion-image-element \" style=\"text-align:left;--awb-caption-title-font-family:var(--h2_typography-font-family);--awb-caption-title-font-weight:var(--h2_typography-font-weight);--awb-caption-title-font-style:var(--h2_typography-font-style);--awb-caption-title-size:var(--h2_typography-font-size);--awb-caption-title-transform:var(--h2_typography-text-transform);--awb-caption-title-line-height:var(--h2_typography-line-height);--awb-caption-title-letter-spacing:var(--h2_typography-letter-spacing);\"><span class=\" fusion-imageframe imageframe-none imageframe-1 hover-type-none\"><img decoding=\"async\" width=\"760\" height=\"427\" title=\"map-aeroplane\" src=\"https:\/\/vila.es\/wp-content\/uploads\/2020\/07\/map-aeroplane-1.jpg\" alt class=\"img-responsive wp-image-6003\" srcset=\"https:\/\/vila.es\/wp-content\/uploads\/2020\/07\/map-aeroplane-1-200x112.jpg 200w, https:\/\/vila.es\/wp-content\/uploads\/2020\/07\/map-aeroplane-1-400x225.jpg 400w, https:\/\/vila.es\/wp-content\/uploads\/2020\/07\/map-aeroplane-1-600x337.jpg 600w, https:\/\/vila.es\/wp-content\/uploads\/2020\/07\/map-aeroplane-1.jpg 760w\" sizes=\"(max-width: 640px) 100vw, 760px\" \/><\/span><\/div><\/div><\/div><div class=\"fusion-layout-column fusion_builder_column fusion-builder-column-2 fusion_builder_column_1_3 1_3 fusion-flex-column\" style=\"--awb-padding-bottom:0px;--awb-padding-left:0px;--awb-bg-size:cover;--awb-width-large:33.333333333333%;--awb-margin-top-large:0px;--awb-spacing-right-large:5.76%;--awb-margin-bottom-large:0px;--awb-spacing-left-large:3.8399999999999%;--awb-width-medium:33.333333333333%;--awb-spacing-right-medium:5.76%;--awb-spacing-left-medium:3.8399999999999%;--awb-width-small:100%;--awb-spacing-right-small:1.92%;--awb-spacing-left-small:1.92%;\"><div class=\"fusion-column-wrapper fusion-column-has-shadow fusion-flex-justify-content-flex-start fusion-content-layout-column\"><div class=\"fusion-text fusion-text-2\"><p>Ungef\u00e4hrer Zeitaufwand vom Flughafen bis Vil\u00e1 Abogados oder Parkhaus in der N\u00e4he \u2013 20 Minuten.<\/p>\n<\/div><\/div><\/div><\/div><\/div><\/p>\n","protected":false},"excerpt":{"rendered":"","protected":false},"author":1,"featured_media":0,"parent":5598,"menu_order":0,"comment_status":"closed","ping_status":"closed","template":"100-width.php","meta":{"footnotes":""},"class_list":["post-5904","page","type-page","status-publish","hentry"],"yoast_head":"<!-- This site is optimized with the Yoast SEO plugin v27.1.1 - https:\/\/yoast.com\/product\/yoast-seo-wordpress\/ -->\n<title>Aeropuerto - Vil\u00e1 Abogados<\/title>\n<meta name=\"robots\" content=\"index, follow, max-snippet:-1, max-image-preview:large, max-video-preview:-1\" \/>\n<link rel=\"canonical\" href=\"https:\/\/vila.es\/de\/kontakt\/aeropuerto\/\" \/>\n<meta property=\"og:locale\" content=\"de_DE\" \/>\n<meta property=\"og:type\" content=\"article\" \/>\n<meta property=\"og:title\" content=\"Aeropuerto - Vil\u00e1 Abogados\" \/>\n<meta property=\"og:url\" content=\"https:\/\/vila.es\/de\/kontakt\/aeropuerto\/\" \/>\n<meta property=\"og:site_name\" content=\"Vil\u00e1 Abogados\" \/>\n<meta property=\"article:modified_time\" content=\"2020-07-24T15:46:49+00:00\" \/>\n<meta name=\"twitter:card\" content=\"summary_large_image\" \/>\n<meta name=\"twitter:label1\" content=\"Gesch\u00e4tzte Lesezeit\" \/>\n\t<meta name=\"twitter:data1\" content=\"5\u00a0Minuten\" \/>\n<script type=\"application\/ld+json\" class=\"yoast-schema-graph\">{\"@context\":\"https:\/\/schema.org\",\"@graph\":[{\"@type\":\"WebPage\",\"@id\":\"https:\/\/vila.es\/de\/kontakt\/aeropuerto\/\",\"url\":\"https:\/\/vila.es\/de\/kontakt\/aeropuerto\/\",\"name\":\"Aeropuerto - Vil\u00e1 Abogados\",\"isPartOf\":{\"@id\":\"https:\/\/vila.es\/en\/#website\"},\"datePublished\":\"2020-07-23T17:08:32+00:00\",\"dateModified\":\"2020-07-24T15:46:49+00:00\",\"breadcrumb\":{\"@id\":\"https:\/\/vila.es\/de\/kontakt\/aeropuerto\/#breadcrumb\"},\"inLanguage\":\"de\",\"potentialAction\":[{\"@type\":\"ReadAction\",\"target\":[\"https:\/\/vila.es\/de\/kontakt\/aeropuerto\/\"]}]},{\"@type\":\"BreadcrumbList\",\"@id\":\"https:\/\/vila.es\/de\/kontakt\/aeropuerto\/#breadcrumb\",\"itemListElement\":[{\"@type\":\"ListItem\",\"position\":1,\"name\":\"Portada\",\"item\":\"https:\/\/vila.es\/de\/\"},{\"@type\":\"ListItem\",\"position\":2,\"name\":\"Kontakt\",\"item\":\"https:\/\/vila.es\/de\/kontakt\/\"},{\"@type\":\"ListItem\",\"position\":3,\"name\":\"Aeropuerto\"}]},{\"@type\":\"WebSite\",\"@id\":\"https:\/\/vila.es\/en\/#website\",\"url\":\"https:\/\/vila.es\/en\/\",\"name\":\"Vil\u00e1 Abogados\",\"description\":\"Damos soporte jur\u00eddico a proyectos e iniciativas de negocio de empresas y de emprendedores extranjeros y nacionales\",\"potentialAction\":[{\"@type\":\"SearchAction\",\"target\":{\"@type\":\"EntryPoint\",\"urlTemplate\":\"https:\/\/vila.es\/en\/?s={search_term_string}\"},\"query-input\":{\"@type\":\"PropertyValueSpecification\",\"valueRequired\":true,\"valueName\":\"search_term_string\"}}],\"inLanguage\":\"de\"}]}<\/script>\n<!-- \/ Yoast SEO plugin. -->","yoast_head_json":{"title":"Aeropuerto - Vil\u00e1 Abogados","robots":{"index":"index","follow":"follow","max-snippet":"max-snippet:-1","max-image-preview":"max-image-preview:large","max-video-preview":"max-video-preview:-1"},"canonical":"https:\/\/vila.es\/de\/kontakt\/aeropuerto\/","og_locale":"de_DE","og_type":"article","og_title":"Aeropuerto - Vil\u00e1 Abogados","og_url":"https:\/\/vila.es\/de\/kontakt\/aeropuerto\/","og_site_name":"Vil\u00e1 Abogados","article_modified_time":"2020-07-24T15:46:49+00:00","twitter_card":"summary_large_image","twitter_misc":{"Gesch\u00e4tzte Lesezeit":"5\u00a0Minuten"},"schema":{"@context":"https:\/\/schema.org","@graph":[{"@type":"WebPage","@id":"https:\/\/vila.es\/de\/kontakt\/aeropuerto\/","url":"https:\/\/vila.es\/de\/kontakt\/aeropuerto\/","name":"Aeropuerto - Vil\u00e1 Abogados","isPartOf":{"@id":"https:\/\/vila.es\/en\/#website"},"datePublished":"2020-07-23T17:08:32+00:00","dateModified":"2020-07-24T15:46:49+00:00","breadcrumb":{"@id":"https:\/\/vila.es\/de\/kontakt\/aeropuerto\/#breadcrumb"},"inLanguage":"de","potentialAction":[{"@type":"ReadAction","target":["https:\/\/vila.es\/de\/kontakt\/aeropuerto\/"]}]},{"@type":"BreadcrumbList","@id":"https:\/\/vila.es\/de\/kontakt\/aeropuerto\/#breadcrumb","itemListElement":[{"@type":"ListItem","position":1,"name":"Portada","item":"https:\/\/vila.es\/de\/"},{"@type":"ListItem","position":2,"name":"Kontakt","item":"https:\/\/vila.es\/de\/kontakt\/"},{"@type":"ListItem","position":3,"name":"Aeropuerto"}]},{"@type":"WebSite","@id":"https:\/\/vila.es\/en\/#website","url":"https:\/\/vila.es\/en\/","name":"Vil\u00e1 Abogados","description":"Damos soporte jur\u00eddico a proyectos e iniciativas de negocio de empresas y de emprendedores extranjeros y nacionales","potentialAction":[{"@type":"SearchAction","target":{"@type":"EntryPoint","urlTemplate":"https:\/\/vila.es\/en\/?s={search_term_string}"},"query-input":{"@type":"PropertyValueSpecification","valueRequired":true,"valueName":"search_term_string"}}],"inLanguage":"de"}]}},"_links":{"self":[{"href":"https:\/\/vila.es\/de\/wp-json\/wp\/v2\/pages\/5904","targetHints":{"allow":["GET"]}}],"collection":[{"href":"https:\/\/vila.es\/de\/wp-json\/wp\/v2\/pages"}],"about":[{"href":"https:\/\/vila.es\/de\/wp-json\/wp\/v2\/types\/page"}],"author":[{"embeddable":true,"href":"https:\/\/vila.es\/de\/wp-json\/wp\/v2\/users\/1"}],"replies":[{"embeddable":true,"href":"https:\/\/vila.es\/de\/wp-json\/wp\/v2\/comments?post=5904"}],"version-history":[{"count":4,"href":"https:\/\/vila.es\/de\/wp-json\/wp\/v2\/pages\/5904\/revisions"}],"predecessor-version":[{"id":6101,"href":"https:\/\/vila.es\/de\/wp-json\/wp\/v2\/pages\/5904\/revisions\/6101"}],"up":[{"embeddable":true,"href":"https:\/\/vila.es\/de\/wp-json\/wp\/v2\/pages\/5598"}],"wp:attachment":[{"href":"https:\/\/vila.es\/de\/wp-json\/wp\/v2\/media?parent=5904"}],"curies":[{"name":"wp","href":"https:\/\/api.w.org\/{rel}","templated":true}]}}