{"id":5801,"date":"2020-07-23T09:59:46","date_gmt":"2020-07-23T09:59:46","guid":{"rendered":"http:\/\/desarrollo.vila.es\/?page_id=5801"},"modified":"2020-08-31T12:18:51","modified_gmt":"2020-08-31T12:18:51","slug":"datenschutzerklarung","status":"publish","type":"page","link":"https:\/\/vila.es\/de\/datenschutzerklarung\/","title":{"rendered":"Datenschutzerklarung"},"content":{"rendered":"<div class=\"fusion-fullwidth fullwidth-box fusion-builder-row-1 fusion-flex-container nonhundred-percent-fullwidth non-hundred-percent-height-scrolling\" style=\"--awb-border-radius-top-left:0px;--awb-border-radius-top-right:0px;--awb-border-radius-bottom-right:0px;--awb-border-radius-bottom-left:0px;--awb-margin-top:0px;--awb-flex-wrap:wrap;\" ><div class=\"fusion-builder-row fusion-row fusion-flex-align-items-flex-start fusion-flex-content-wrap\" style=\"max-width:calc( 1420px + 0px );margin-left: calc(-0px \/ 2 );margin-right: calc(-0px \/ 2 );\"><div class=\"fusion-layout-column fusion_builder_column fusion-builder-column-0 fusion_builder_column_1_1 1_1 fusion-flex-column\" style=\"--awb-bg-size:cover;--awb-width-large:100%;--awb-margin-top-large:0px;--awb-spacing-right-large:0px;--awb-margin-bottom-large:0px;--awb-spacing-left-large:0px;--awb-width-medium:100%;--awb-spacing-right-medium:0px;--awb-spacing-left-medium:0px;--awb-width-small:100%;--awb-spacing-right-small:0px;--awb-spacing-left-small:0px;\"><div class=\"fusion-column-wrapper fusion-flex-justify-content-flex-start fusion-content-layout-column\"><div class=\"fusion-text fusion-text-1\"><h1 style=\"font-family: Raleway, Arial, Helvetica, sans-serif; font-weight: 200;\">DATENSCHUTZERKL\u00c4RUNG<\/h1>\n<p>Mit der Benutzung dieser Website und der darin angebotenen Dienstleistungen erkl\u00e4rt sich jeder, der auf diese Website zugreift (im Folgenden, der \u201e<strong>Benutzer<\/strong>\u201c) damit einverstanden, dass Eduardo Vil\u00e1, S.L. (im Folgenden, die \u201e<strong>Kanzlei<\/strong>\u201c) seine Daten \u00fcbereinstimmend mit dieser Datenschutzerkl\u00e4rung verarbeitet, speichert und auswertet. Die Daten werden ausschlie\u00dflich f\u00fcr die jeweils genannten Zwecke verwendet.<\/p>\n<p>A) Vom Benutzer per E-Mail \u00fcbermittelte Daten<\/p>\n<p>Die Kanzlei verarbeitet die per E-Mail \u00fcbermittelten Daten ausschlie\u00dflich zur Beantwortung der vom Benutzer vorgebrachten Anliegen, d. h. zur effektiven Mitteilung und\/oder Bearbeitung der vom Benutzer vorgebrachten Anliegen auf der Grundlage seines rechtm\u00e4\u00dfigen Interesses, eine Antwort auf seine Anfragen\/Ersuchen zu erhalten.<\/p>\n<p>Der Benutzer verpflichtet sich bei der Kontaktaufnahme und all jene Angaben, die f\u00fcr die reibungslose Ausf\u00fchrung der gew\u00fcnschten Bearbeitung erforderlich sind wahrheitsgetreue, genaue und vollst\u00e4ndige Daten \u00fcber seine Identit\u00e4t zu \u00fcbermitteln. Ferner verpflichtet sich der Benutzer, die von ihm \u00fcbermittelten personenbezogenen Daten auf dem neuesten Stand zu halten. Somit tr\u00e4gt er f\u00fcr etwaige, sich daraus ergebene falsche oder ungenaue Angaben die alleinige Verantwortung.<\/p>\n<p>Die Kanzlei verpflichtet sich als Verantwortliche der Datenverarbeitung, die Geheimhaltung und Vertraulichkeit der ihr \u00fcbermittelten personenbezogenen Daten zu wahren und alle erforderlichen Sicherheitsma\u00dfnahmen zu ergreifen, um deren Verlust, \u00c4nderung ohne Zustimmung oder unbefugten Zugang zu vermeiden. Nach Erbringung der gew\u00fcnschten Dienstleistung werden diese personenbezogenen Daten ordnungsgem\u00e4\u00df gesperrt, und zwar ausschlie\u00dflich zur Erf\u00fcllung der erforderlichen gesetzlichen Verpflichtungen und zur Geltendmachung, Aus\u00fcbung oder Verteidigung von Rechtsanspr\u00fcchen w\u00e4hrend der Verj\u00e4hrungsfrist der sich aus der jeweiligen Beziehung ergebenden Anspr\u00fcche.<\/p>\n<p>Die Kanzlei wird die Daten des Benutzers nicht an Dritte \u00fcbertragen oder verkaufen und, falls irgendeine Art der zuk\u00fcnftigen Daten\u00fcbermittlung vorgesehen ist, vollzieht die Kanzlei diese stets mit vorheriger Einholung der ausdr\u00fccklichen, informierten und eindeutigen Zustimmung des Benutzers, und zwar \u00fcber die von ihm bereitgestellten Kontaktm\u00f6glichkeiten. Das geschieht niemals ohne die erforderliche Zustimmung, es sei denn, es liegt eine gesetzliche Verpflichtung (z. B. gerichtliche Aufforderung) vor oder diese Daten\u00fcbermittlung ist f\u00fcr die Erbringung der Dienstleistung erforderlich (z. B. Kurier- und Transportunternehmen, IT-Unterst\u00fctzung); in diesem Fall sind die Parteien an die entsprechende Vertraulichkeitsvereinbarung gebunden.<\/p>\n<p>Ferner kann der Benutzer seine Rechte gem\u00e4\u00df den geltenden Bestimmungen unter der Adresse Paseo de Gracia 76, 1\u00ba &#8211; 2\u00aa, 08008 Barcelona, Spanien, oder per E-Mail an info@vila.es aus\u00fcben. Au\u00dferdem kann er die Beschwerden, die sich aus der Verarbeitung seiner Daten ergeben, an die zust\u00e4ndige Aufsichtsbeh\u00f6rde richten.<\/p>\n<p>Unbeschadet der vorstehenden Ausf\u00fchrungen weist die Kanzlei darauf hin, dass die Daten\u00fcbertragung im Internet (z.B. bei der Verwendung von E-Mail) Sicherheitsl\u00fccken ausgesetzt sein kann. Ein l\u00fcckenloser Schutz der Daten gegen den Zugriff durch Dritte ist nicht m\u00f6glich. Daher erfolgt die \u00dcbermittlung personenbezogener Daten auf eigene Gefahr des Benutzers.<\/p>\n<p>B) Automatisch erhobene Daten<\/p>\n<p>Diese Website kann in \u00dcbereinstimmung mit unserer <a href=\"\/de\/politica-de-cookies\"><u><strong>Cookie-Richtlinie<\/u><\/strong><\/a> automatisch und anonym Daten sammeln.<\/p>\n<\/div><\/div><\/div><\/div><\/div>\n","protected":false},"excerpt":{"rendered":"","protected":false},"author":1,"featured_media":0,"parent":0,"menu_order":0,"comment_status":"closed","ping_status":"closed","template":"","meta":{"footnotes":""},"class_list":["post-5801","page","type-page","status-publish","hentry"],"yoast_head":"<!-- This site is optimized with the Yoast SEO plugin v27.1.1 - https:\/\/yoast.com\/product\/yoast-seo-wordpress\/ -->\n<title>Datenschutzerklarung - Vil\u00e1 Abogados<\/title>\n<meta name=\"robots\" content=\"index, follow, max-snippet:-1, max-image-preview:large, max-video-preview:-1\" \/>\n<link rel=\"canonical\" href=\"https:\/\/vila.es\/de\/datenschutzerklarung\/\" \/>\n<meta property=\"og:locale\" content=\"de_DE\" \/>\n<meta property=\"og:type\" content=\"article\" \/>\n<meta property=\"og:title\" content=\"Datenschutzerklarung - Vil\u00e1 Abogados\" \/>\n<meta property=\"og:url\" content=\"https:\/\/vila.es\/de\/datenschutzerklarung\/\" \/>\n<meta property=\"og:site_name\" content=\"Vil\u00e1 Abogados\" \/>\n<meta property=\"article:modified_time\" content=\"2020-08-31T12:18:51+00:00\" \/>\n<meta name=\"twitter:card\" content=\"summary_large_image\" \/>\n<meta name=\"twitter:label1\" content=\"Gesch\u00e4tzte Lesezeit\" \/>\n\t<meta name=\"twitter:data1\" content=\"4\u00a0Minuten\" \/>\n<script type=\"application\/ld+json\" class=\"yoast-schema-graph\">{\"@context\":\"https:\/\/schema.org\",\"@graph\":[{\"@type\":\"WebPage\",\"@id\":\"https:\/\/vila.es\/de\/datenschutzerklarung\/\",\"url\":\"https:\/\/vila.es\/de\/datenschutzerklarung\/\",\"name\":\"Datenschutzerklarung - Vil\u00e1 Abogados\",\"isPartOf\":{\"@id\":\"https:\/\/vila.es\/en\/#website\"},\"datePublished\":\"2020-07-23T09:59:46+00:00\",\"dateModified\":\"2020-08-31T12:18:51+00:00\",\"breadcrumb\":{\"@id\":\"https:\/\/vila.es\/de\/datenschutzerklarung\/#breadcrumb\"},\"inLanguage\":\"de\",\"potentialAction\":[{\"@type\":\"ReadAction\",\"target\":[\"https:\/\/vila.es\/de\/datenschutzerklarung\/\"]}]},{\"@type\":\"BreadcrumbList\",\"@id\":\"https:\/\/vila.es\/de\/datenschutzerklarung\/#breadcrumb\",\"itemListElement\":[{\"@type\":\"ListItem\",\"position\":1,\"name\":\"Portada\",\"item\":\"https:\/\/vila.es\/de\/\"},{\"@type\":\"ListItem\",\"position\":2,\"name\":\"Datenschutzerklarung\"}]},{\"@type\":\"WebSite\",\"@id\":\"https:\/\/vila.es\/en\/#website\",\"url\":\"https:\/\/vila.es\/en\/\",\"name\":\"Vil\u00e1 Abogados\",\"description\":\"Damos soporte jur\u00eddico a proyectos e iniciativas de negocio de empresas y de emprendedores extranjeros y nacionales\",\"potentialAction\":[{\"@type\":\"SearchAction\",\"target\":{\"@type\":\"EntryPoint\",\"urlTemplate\":\"https:\/\/vila.es\/en\/?s={search_term_string}\"},\"query-input\":{\"@type\":\"PropertyValueSpecification\",\"valueRequired\":true,\"valueName\":\"search_term_string\"}}],\"inLanguage\":\"de\"}]}<\/script>\n<!-- \/ Yoast SEO plugin. -->","yoast_head_json":{"title":"Datenschutzerklarung - Vil\u00e1 Abogados","robots":{"index":"index","follow":"follow","max-snippet":"max-snippet:-1","max-image-preview":"max-image-preview:large","max-video-preview":"max-video-preview:-1"},"canonical":"https:\/\/vila.es\/de\/datenschutzerklarung\/","og_locale":"de_DE","og_type":"article","og_title":"Datenschutzerklarung - Vil\u00e1 Abogados","og_url":"https:\/\/vila.es\/de\/datenschutzerklarung\/","og_site_name":"Vil\u00e1 Abogados","article_modified_time":"2020-08-31T12:18:51+00:00","twitter_card":"summary_large_image","twitter_misc":{"Gesch\u00e4tzte Lesezeit":"4\u00a0Minuten"},"schema":{"@context":"https:\/\/schema.org","@graph":[{"@type":"WebPage","@id":"https:\/\/vila.es\/de\/datenschutzerklarung\/","url":"https:\/\/vila.es\/de\/datenschutzerklarung\/","name":"Datenschutzerklarung - Vil\u00e1 Abogados","isPartOf":{"@id":"https:\/\/vila.es\/en\/#website"},"datePublished":"2020-07-23T09:59:46+00:00","dateModified":"2020-08-31T12:18:51+00:00","breadcrumb":{"@id":"https:\/\/vila.es\/de\/datenschutzerklarung\/#breadcrumb"},"inLanguage":"de","potentialAction":[{"@type":"ReadAction","target":["https:\/\/vila.es\/de\/datenschutzerklarung\/"]}]},{"@type":"BreadcrumbList","@id":"https:\/\/vila.es\/de\/datenschutzerklarung\/#breadcrumb","itemListElement":[{"@type":"ListItem","position":1,"name":"Portada","item":"https:\/\/vila.es\/de\/"},{"@type":"ListItem","position":2,"name":"Datenschutzerklarung"}]},{"@type":"WebSite","@id":"https:\/\/vila.es\/en\/#website","url":"https:\/\/vila.es\/en\/","name":"Vil\u00e1 Abogados","description":"Damos soporte jur\u00eddico a proyectos e iniciativas de negocio de empresas y de emprendedores extranjeros y nacionales","potentialAction":[{"@type":"SearchAction","target":{"@type":"EntryPoint","urlTemplate":"https:\/\/vila.es\/en\/?s={search_term_string}"},"query-input":{"@type":"PropertyValueSpecification","valueRequired":true,"valueName":"search_term_string"}}],"inLanguage":"de"}]}},"_links":{"self":[{"href":"https:\/\/vila.es\/de\/wp-json\/wp\/v2\/pages\/5801","targetHints":{"allow":["GET"]}}],"collection":[{"href":"https:\/\/vila.es\/de\/wp-json\/wp\/v2\/pages"}],"about":[{"href":"https:\/\/vila.es\/de\/wp-json\/wp\/v2\/types\/page"}],"author":[{"embeddable":true,"href":"https:\/\/vila.es\/de\/wp-json\/wp\/v2\/users\/1"}],"replies":[{"embeddable":true,"href":"https:\/\/vila.es\/de\/wp-json\/wp\/v2\/comments?post=5801"}],"version-history":[{"count":7,"href":"https:\/\/vila.es\/de\/wp-json\/wp\/v2\/pages\/5801\/revisions"}],"predecessor-version":[{"id":6910,"href":"https:\/\/vila.es\/de\/wp-json\/wp\/v2\/pages\/5801\/revisions\/6910"}],"wp:attachment":[{"href":"https:\/\/vila.es\/de\/wp-json\/wp\/v2\/media?parent=5801"}],"curies":[{"name":"wp","href":"https:\/\/api.w.org\/{rel}","templated":true}]}}