{"id":5795,"date":"2020-07-23T09:57:01","date_gmt":"2020-07-23T09:57:01","guid":{"rendered":"http:\/\/desarrollo.vila.es\/?page_id=5795"},"modified":"2020-10-23T00:35:50","modified_gmt":"2020-10-23T00:35:50","slug":"cookie-richtlinie","status":"publish","type":"page","link":"https:\/\/vila.es\/de\/cookie-richtlinie\/","title":{"rendered":"Cookie richtlinie"},"content":{"rendered":"<div class=\"fusion-fullwidth fullwidth-box fusion-builder-row-1 fusion-flex-container nonhundred-percent-fullwidth non-hundred-percent-height-scrolling\" style=\"--awb-border-radius-top-left:0px;--awb-border-radius-top-right:0px;--awb-border-radius-bottom-right:0px;--awb-border-radius-bottom-left:0px;--awb-margin-top:0px;--awb-flex-wrap:wrap;\" ><div class=\"fusion-builder-row fusion-row fusion-flex-align-items-flex-start fusion-flex-content-wrap\" style=\"max-width:1476.8px;margin-left: calc(-4% \/ 2 );margin-right: calc(-4% \/ 2 );\"><div class=\"fusion-layout-column fusion_builder_column fusion-builder-column-0 fusion_builder_column_1_1 1_1 fusion-flex-column\" style=\"--awb-bg-size:cover;--awb-width-large:100%;--awb-margin-top-large:0px;--awb-spacing-right-large:1.92%;--awb-margin-bottom-large:0px;--awb-spacing-left-large:1.92%;--awb-width-medium:100%;--awb-spacing-right-medium:1.92%;--awb-spacing-left-medium:1.92%;--awb-width-small:100%;--awb-spacing-right-small:1.92%;--awb-spacing-left-small:1.92%;\"><div class=\"fusion-column-wrapper fusion-flex-justify-content-flex-start fusion-content-layout-column\"><div class=\"fusion-text fusion-text-1\"><h1 style=\"font-family: Raleway, Arial, Helvetica, sans-serif; font-weight: 200;\">COOKIE-RICHTLINIE<\/h1>\n<\/div><div class=\"fusion-text fusion-text-2\"><p>Diese Website verwendet keine eigene automatisierten Datenspeicherungs- und -abfrage Systeme in Form von Cookies, die f\u00fcr den Betrieb der Plattform nicht technisch erforderlich sind. Sie kann jedoch Cookies von externen Anbietern verwenden, um statistische Daten zu sammeln, wie in den folgenden Abschnitten beschrieben, basierend auf den Pr\u00e4ferenzen des Benutzers.<\/p>\n<p>Cookies sind kleine Textdateien, die beim Besuch von Websites auf Ihrem Computer gespeichert werden. Sie dienen weitgehend dazu, Websites funktionsf\u00e4hig zu machen oder effizienter zu gestalten und den Inhabern Informationen \u00fcber die Nutzung ihrer Website zur Verf\u00fcgung zu stellen. In diesem Fall verwendet die Kanzlei Cookies, um anonyme Informationen \u00fcber die Nutzung der Website durch die Besucher einzuholen und Berichte \u00fcber die Besuchertrends zusammenzustellen, ohne die einzelnen Benutzer zu ermitteln. Von den Cookies, die zur Einholung von Informationen \u00fcber die Nutzung der Website durch die Besucher dienen, verbleiben nach Ihrer Sitzung nur die nachfolgend aufgef\u00fchrten Cookies auf Ihrem Computer, um Ihnen ein komfortables Benutzererlebnis zu bieten:<\/p>\n<table style=\"margin-bottom: 40px; border-collapse: collapse;\" width=\"100%\">\n<tbody>\n<tr>\n<td>Cookie<\/td>\n<td>Art<\/td>\n<td>Quelle<\/td>\n<td>Verwendung<\/td>\n<td>Aufbewahrungszeit<\/td>\n<\/tr>\n<tr>\n<td>_utma<\/td>\n<td>Dritter<\/td>\n<td>Google Analytics<\/td>\n<td>Zwischen Benutzer und Sessions zu unterscheiden<\/td>\n<td>2 Jahre<\/td>\n<\/tr>\n<tr>\n<td>_utmb<\/td>\n<td>Dritter<\/td>\n<td>Google Analytics<\/td>\n<td>Neue Sessions oder Besuche zu unterscheiden<\/td>\n<td>30 Minuten<\/td>\n<\/tr>\n<tr>\n<td>_utmc<\/td>\n<td>Dritter<\/td>\n<td>Google Analytics<\/td>\n<td>Interaktion mit urchin.js<\/td>\n<td>1 Session<\/td>\n<\/tr>\n<tr>\n<td>_utmt<\/td>\n<td>Dritter<\/td>\n<td>Google Analytics<\/td>\n<td>Beschr\u00e4nkt den Anfragenprozentsatz<\/td>\n<td>10 Minuten<\/td>\n<\/tr>\n<tr>\n<td>_utmv<\/td>\n<td>Dritter<\/td>\n<td>Google Analytics<\/td>\n<td>Speichert Daten \u00fcber Variablen bez\u00fcglich Besucher<\/td>\n<td>2 Jahre<\/td>\n<\/tr>\n<tr>\n<td>_umtz<\/td>\n<td>Dritter<\/td>\n<td>Google Analytics<\/td>\n<td>Erkennt den Ursprungskanal eines Benutzers<\/td>\n<td>6 Monate<\/td>\n<\/tr>\n<tr>\n<td>_ga<\/td>\n<td>Dritter<\/td>\n<td>Google Analytics<\/td>\n<td>Identifiziert Besuche, die mit einer zuf\u00e4lligen Kennung markiert werden sollen, so dass eindeutige Benutzer definiert werden k\u00f6nnen<\/td>\n<td>2 Jahre<\/td>\n<\/tr>\n<tr>\n<td>_moove_gdpr_popup<\/td>\n<td>Eigene<\/td>\n<td>&#8211;<\/td>\n<td>Speichert die Cookie-Einstellungen des Benutzers<\/td>\n<td>1 Jahr<\/td>\n<\/tr>\n<\/tbody>\n<\/table>\n<p>Die von den Cookies gesammelten Informationen erm\u00f6glichen uns auch, die Website durch Sch\u00e4tzung von Volumen und Nutzungsmustern, Anpassung an die Interessen der Nutzer, Erh\u00f6hen der Suchgeschwindigkeit usw. zu verbessern.<\/p>\n<p>Der Benutzer hat jedoch die M\u00f6glichkeit, Cookies beim Zugriff auf die Webseite oder indem er in seinen Browser-Einstellungen ihre Annahme ablehnt, auszuschalten. Dies schr\u00e4nkt aber gegebenenfalls die gesamte Funktion der Website ein. Mehr \u00fcber die geeignete Einstellung der Cookies und ihre Aktivierung, Einschr\u00e4nkung und\/oder Deaktivierung erfahren Sie in der Hilfsfunktion Ihres Browsers. Viele Browser bieten auch die M\u00f6glichkeit, einen privaten Modus zu aktivieren, in dem sie die Cookies nach jeder Browsersitzung l\u00f6schen. Je nach Browser kann dieser private Modus als \u201eprivat\u201c, \u201einkognito\u201c oder so \u00e4hnlich bezeichnet sein. Weitere Informationen zur Aktivierung dieses Modus finden Sie in der Hilfsfunktion Ihres Browsers.<\/p>\n<p style=\"padding-left: 40px;\"><strong>Statistische Daten<\/strong><\/p>\n<p style=\"padding-left: 40px;\">F\u00fcr statistische Zwecke benutzt die Kanzlei Google Analytics, einen Webanalysedienst der Google Inc. Mithilfe von Cookies wertet dieser Dienst die Nutzung der Website durch die Benutzer aus und generiert so auf anonyme Weise und ohne Identifizierung der Benutzer statistische Daten wie die Anzahl der Besuche auf den Seiten der Website, die Verweildauer auf den einzelnen Subseiten, das Surfverhalten der Besucher und sonstige allgemeine Informationen.<\/p>\n<p style=\"padding-left: 40px;\">Cookies besch\u00e4digen den Computer nicht und \u00fcbermitteln keine personenbezogenen Daten des Benutzers an die Kanzlei, sondern helfen bei der Entwicklung, Verbesserung und Optimierung der Website, um ein besseres Nutzererlebnis zu bieten. Die durch die Cookies erzeugten Informationen \u00fcber Ihre Benutzung dieser Website (einschlie\u00dflich Ihrer IP-Adresse) werden an einen Server von Google in den USA \u00fcbertragen und dort gespeichert. Anhand dieser Informationen wertet Google die Nutzung der Website aus, erstellt Berichte f\u00fcr die Website-Betreiber und erbringt weitere mit der Internetnutzung verbundene Dienstleistungen. Die Kanzlei verf\u00fcgt \u00fcber keine Mittel, um die von Google Analytics anonymisierten Informationen mit den personenbezogenen Kundendaten zu verkn\u00fcpfen. N\u00e4here Informationen zur Datenschutzerkl\u00e4rung von Google Analytics finden Sie unter \u201e<a href=\"https:\/\/support.google.com\/analytics\/answer\/6004245?hl=de\"><strong><u>Analytics-Hilfe &#8211; Datenschutz<\/u><\/strong><\/a>\u201c.<\/p>\n<p style=\"padding-left: 40px;\">Einzelheiten zu den Eigenschaften und Spezifikationen der von Google Analytics verwendeten Cookies finden Sie unter \u201e<a href=\"https:\/\/developers.google.com\/analytics\/devguides\/collection\/analyticsjs\/cookie-usage?hl=es-419\"><strong><u>Verwendung von Google Analytics-Cookies<\/u><\/strong><\/a>\u201c.<\/p>\n<p style=\"padding-left: 40px;\">Mit der Nutzung dieser Website stimmt der Benutzer der Verarbeitung seiner Daten durch Google in der zuvor beschriebenen Art und Weise und zum zuvor angegebenen Zweck zu. Er kann aber auch die Erfassung, \u00dcbertragung und Verarbeitung seiner Daten durch Google ablehnen, indem er das Plug-In \u201e<a href=\"http:\/\/tools.google.com\/dlpage\/gaoptout\"><strong><u>Browser-Add-on zur Deaktivierung von Google Analytics<\/u><\/strong><\/a>\u201c f\u00fcr seinen Browser herunterl\u00e4dt und installiert.<\/p>\n<\/div><\/div><\/div><\/div><\/div>\n","protected":false},"excerpt":{"rendered":"","protected":false},"author":1,"featured_media":0,"parent":0,"menu_order":0,"comment_status":"closed","ping_status":"closed","template":"","meta":{"footnotes":""},"class_list":["post-5795","page","type-page","status-publish","hentry"],"yoast_head":"<!-- This site is optimized with the Yoast SEO plugin v27.1.1 - https:\/\/yoast.com\/product\/yoast-seo-wordpress\/ -->\n<title>Cookie richtlinie - Vil\u00e1 Abogados<\/title>\n<meta name=\"robots\" content=\"index, follow, max-snippet:-1, max-image-preview:large, max-video-preview:-1\" \/>\n<link rel=\"canonical\" href=\"https:\/\/vila.es\/de\/cookie-richtlinie\/\" \/>\n<meta property=\"og:locale\" content=\"de_DE\" \/>\n<meta property=\"og:type\" content=\"article\" \/>\n<meta property=\"og:title\" content=\"Cookie richtlinie - Vil\u00e1 Abogados\" \/>\n<meta property=\"og:url\" content=\"https:\/\/vila.es\/de\/cookie-richtlinie\/\" \/>\n<meta property=\"og:site_name\" content=\"Vil\u00e1 Abogados\" \/>\n<meta property=\"article:modified_time\" content=\"2020-10-23T00:35:50+00:00\" \/>\n<meta name=\"twitter:card\" content=\"summary_large_image\" \/>\n<meta name=\"twitter:label1\" content=\"Gesch\u00e4tzte Lesezeit\" \/>\n\t<meta name=\"twitter:data1\" content=\"5\u00a0Minuten\" \/>\n<script type=\"application\/ld+json\" class=\"yoast-schema-graph\">{\"@context\":\"https:\/\/schema.org\",\"@graph\":[{\"@type\":\"WebPage\",\"@id\":\"https:\/\/vila.es\/de\/cookie-richtlinie\/\",\"url\":\"https:\/\/vila.es\/de\/cookie-richtlinie\/\",\"name\":\"Cookie richtlinie - Vil\u00e1 Abogados\",\"isPartOf\":{\"@id\":\"https:\/\/vila.es\/en\/#website\"},\"datePublished\":\"2020-07-23T09:57:01+00:00\",\"dateModified\":\"2020-10-23T00:35:50+00:00\",\"breadcrumb\":{\"@id\":\"https:\/\/vila.es\/de\/cookie-richtlinie\/#breadcrumb\"},\"inLanguage\":\"de\",\"potentialAction\":[{\"@type\":\"ReadAction\",\"target\":[\"https:\/\/vila.es\/de\/cookie-richtlinie\/\"]}]},{\"@type\":\"BreadcrumbList\",\"@id\":\"https:\/\/vila.es\/de\/cookie-richtlinie\/#breadcrumb\",\"itemListElement\":[{\"@type\":\"ListItem\",\"position\":1,\"name\":\"Portada\",\"item\":\"https:\/\/vila.es\/de\/\"},{\"@type\":\"ListItem\",\"position\":2,\"name\":\"Cookie richtlinie\"}]},{\"@type\":\"WebSite\",\"@id\":\"https:\/\/vila.es\/en\/#website\",\"url\":\"https:\/\/vila.es\/en\/\",\"name\":\"Vil\u00e1 Abogados\",\"description\":\"Damos soporte jur\u00eddico a proyectos e iniciativas de negocio de empresas y de emprendedores extranjeros y nacionales\",\"potentialAction\":[{\"@type\":\"SearchAction\",\"target\":{\"@type\":\"EntryPoint\",\"urlTemplate\":\"https:\/\/vila.es\/en\/?s={search_term_string}\"},\"query-input\":{\"@type\":\"PropertyValueSpecification\",\"valueRequired\":true,\"valueName\":\"search_term_string\"}}],\"inLanguage\":\"de\"}]}<\/script>\n<!-- \/ Yoast SEO plugin. -->","yoast_head_json":{"title":"Cookie richtlinie - Vil\u00e1 Abogados","robots":{"index":"index","follow":"follow","max-snippet":"max-snippet:-1","max-image-preview":"max-image-preview:large","max-video-preview":"max-video-preview:-1"},"canonical":"https:\/\/vila.es\/de\/cookie-richtlinie\/","og_locale":"de_DE","og_type":"article","og_title":"Cookie richtlinie - Vil\u00e1 Abogados","og_url":"https:\/\/vila.es\/de\/cookie-richtlinie\/","og_site_name":"Vil\u00e1 Abogados","article_modified_time":"2020-10-23T00:35:50+00:00","twitter_card":"summary_large_image","twitter_misc":{"Gesch\u00e4tzte Lesezeit":"5\u00a0Minuten"},"schema":{"@context":"https:\/\/schema.org","@graph":[{"@type":"WebPage","@id":"https:\/\/vila.es\/de\/cookie-richtlinie\/","url":"https:\/\/vila.es\/de\/cookie-richtlinie\/","name":"Cookie richtlinie - Vil\u00e1 Abogados","isPartOf":{"@id":"https:\/\/vila.es\/en\/#website"},"datePublished":"2020-07-23T09:57:01+00:00","dateModified":"2020-10-23T00:35:50+00:00","breadcrumb":{"@id":"https:\/\/vila.es\/de\/cookie-richtlinie\/#breadcrumb"},"inLanguage":"de","potentialAction":[{"@type":"ReadAction","target":["https:\/\/vila.es\/de\/cookie-richtlinie\/"]}]},{"@type":"BreadcrumbList","@id":"https:\/\/vila.es\/de\/cookie-richtlinie\/#breadcrumb","itemListElement":[{"@type":"ListItem","position":1,"name":"Portada","item":"https:\/\/vila.es\/de\/"},{"@type":"ListItem","position":2,"name":"Cookie richtlinie"}]},{"@type":"WebSite","@id":"https:\/\/vila.es\/en\/#website","url":"https:\/\/vila.es\/en\/","name":"Vil\u00e1 Abogados","description":"Damos soporte jur\u00eddico a proyectos e iniciativas de negocio de empresas y de emprendedores extranjeros y nacionales","potentialAction":[{"@type":"SearchAction","target":{"@type":"EntryPoint","urlTemplate":"https:\/\/vila.es\/en\/?s={search_term_string}"},"query-input":{"@type":"PropertyValueSpecification","valueRequired":true,"valueName":"search_term_string"}}],"inLanguage":"de"}]}},"_links":{"self":[{"href":"https:\/\/vila.es\/de\/wp-json\/wp\/v2\/pages\/5795","targetHints":{"allow":["GET"]}}],"collection":[{"href":"https:\/\/vila.es\/de\/wp-json\/wp\/v2\/pages"}],"about":[{"href":"https:\/\/vila.es\/de\/wp-json\/wp\/v2\/types\/page"}],"author":[{"embeddable":true,"href":"https:\/\/vila.es\/de\/wp-json\/wp\/v2\/users\/1"}],"replies":[{"embeddable":true,"href":"https:\/\/vila.es\/de\/wp-json\/wp\/v2\/comments?post=5795"}],"version-history":[{"count":12,"href":"https:\/\/vila.es\/de\/wp-json\/wp\/v2\/pages\/5795\/revisions"}],"predecessor-version":[{"id":7916,"href":"https:\/\/vila.es\/de\/wp-json\/wp\/v2\/pages\/5795\/revisions\/7916"}],"wp:attachment":[{"href":"https:\/\/vila.es\/de\/wp-json\/wp\/v2\/media?parent=5795"}],"curies":[{"name":"wp","href":"https:\/\/api.w.org\/{rel}","templated":true}]}}