{"id":5789,"date":"2020-07-23T09:53:38","date_gmt":"2020-07-23T09:53:38","guid":{"rendered":"http:\/\/desarrollo.vila.es\/?page_id=5789"},"modified":"2020-08-31T12:06:57","modified_gmt":"2020-08-31T12:06:57","slug":"rechtlicher-hinweis","status":"publish","type":"page","link":"https:\/\/vila.es\/de\/rechtlicher-hinweis\/","title":{"rendered":"Rechtlicher hinweis"},"content":{"rendered":"<div class=\"fusion-fullwidth fullwidth-box fusion-builder-row-1 fusion-flex-container nonhundred-percent-fullwidth non-hundred-percent-height-scrolling\" style=\"--awb-border-radius-top-left:0px;--awb-border-radius-top-right:0px;--awb-border-radius-bottom-right:0px;--awb-border-radius-bottom-left:0px;--awb-margin-top:0px;--awb-flex-wrap:wrap;\" ><div class=\"fusion-builder-row fusion-row fusion-flex-align-items-flex-start fusion-flex-content-wrap\" style=\"max-width:calc( 1420px + 0px );margin-left: calc(-0px \/ 2 );margin-right: calc(-0px \/ 2 );\"><div class=\"fusion-layout-column fusion_builder_column fusion-builder-column-0 fusion_builder_column_1_1 1_1 fusion-flex-column\" style=\"--awb-bg-size:cover;--awb-width-large:100%;--awb-margin-top-large:0px;--awb-spacing-right-large:0px;--awb-margin-bottom-large:0px;--awb-spacing-left-large:0px;--awb-width-medium:100%;--awb-spacing-right-medium:0px;--awb-spacing-left-medium:0px;--awb-width-small:100%;--awb-spacing-right-small:0px;--awb-spacing-left-small:0px;\"><div class=\"fusion-column-wrapper fusion-flex-justify-content-flex-start fusion-content-layout-column\"><div class=\"fusion-text fusion-text-1\"><h1 style=\"font-family: Raleway, Arial, Helvetica, sans-serif; font-weight: 200;\">RECHTLICHER HINWEIS<\/h1>\n<p>Gem\u00e4\u00df Art. 10 des spanischen Gesetzes 34\/2002 vom 11. Juli \u00fcber die Dienste der Informationsgesellschaft und den elektronischen Gesch\u00e4ftsverkehr (<em>Ley de servicios de la sociedad de la informaci\u00f3n y del comercio electr\u00f3nico<\/em>) werden folgende Angaben zum Inhaber dieser Website mit der Domain vila.es zur Verf\u00fcgung gestellt:<\/p>\n<ul>\n<li>Eduardo Vil\u00e1, S.L.<\/li>\n<li>Steuernummer: B-61343539<\/li>\n<li>Gesch\u00e4ftssitz: Paseo de Gracia, 76, 1\u00ba &#8211; 2\u00aa, 08008 Barcelona, Spanien<\/li>\n<li>Email: <a href=\"mailto:info@vila.es\">info@vila.es<\/a><\/li>\n<\/ul>\n<p><strong>\u00a0<\/strong><\/p>\n<p><strong>ALLGEMEINE NUTZUNGSBEDINGUNGEN DER WEBSITE VON VIL\u00c1 ABOGADOS<\/strong><\/p>\n<p><strong>GEGENSTAND<\/strong><\/p>\n<p>Die Nutzung dieser Website unterliegt den folgenden Nutzungsbedingungen. Wir bitten jeden, der auf diese Website zugreift (im Folgenden als \u201eBenutzer\u201c bezeichnet), diese sorgf\u00e4ltig zu lesen. Durch den Zugriff auf die Website und die Nutzung ihrer Inhalte stimmen Sie diesen Bedingungen ohne Einschr\u00e4nkung zu.<\/p>\n<p>Eduardo Vil\u00e1, S.L. (im Folgenden als \u201eKanzlei\u201c bezeichnet) beh\u00e4lt sich das Recht vor, diese Bedingungen jederzeit zu \u00e4ndern (unter anderem, um sie an gesetzgeberische Neuerungen, Neuerungen in der Rechtsprechung oder Handelsbr\u00e4uche anzupassen). In diesem Fall wird der Benutzer beim Zugriff auf die Website darauf hingewiesen, damit er die Bedingungen bei Bedarf \u00fcberpr\u00fcfen kann.<\/p>\n<p>Wird eine dieser Bestimmungen ganz oder teilweise f\u00fcr nichtig, ung\u00fcltig oder unwirksam erkl\u00e4rt, so ber\u00fchrt dies nicht die G\u00fcltigkeit oder Wirksamkeit der \u00fcbrigen Bestimmungen, die f\u00fcr die Parteien verbindlich bleiben.<\/p>\n<p>Der Verzicht einer der Parteien, zu einem bestimmten Zeitpunkt die Erf\u00fcllung einer der hier dargelegten Bestimmungen zu verlangen, bedeutet weder einen allgemeinen Verzicht noch begr\u00fcndet er ein erworbenes Recht f\u00fcr die andere Partei.<\/p>\n<p><strong>INHALTE<\/strong><\/p>\n<p>Diese Website enth\u00e4lt von der Kanzlei ausschlie\u00dflich zu Informationszwecken erstelltes Material. Der Benutzer sollte beachten, dass dieses Material m\u00f6glicherweise nicht den neuesten Stand der Gesetzgebung oder Rechtsprechung zu den behandelten Themen widerspiegelt. Dar\u00fcber hinaus kann dieses Material ohne vorherige Ank\u00fcndigung ge\u00e4ndert, entwickelt oder aktualisiert werden.<\/p>\n<p>Das auf der Website enthaltene Material darf unter keinen Umst\u00e4nden als Ersatz f\u00fcr eine Rechts- oder andere Beratung dienen. Der Zugang zu diesem Material stellt weder eine Beziehung zwischen Rechtsanwalt und Kunden noch irgendeine andere Art von Vertrauens- oder Gesch\u00e4ftsbeziehung zwischen der Kanzlei und dem Benutzer dar, noch hat er diese zur Folge. Daher sollte der Benutzer nicht auf Grundlage der hierin enthaltenen Informationen handeln, ohne vorher professionellen Rat eingeholt zu haben. Ebenso darf der Benutzer der Kanzlei keinerlei vertrauliche Informationen zukommen lassen, ohne zuvor einen unserer Rechtsanw\u00e4lte konsultiert und von der Kanzlei die Zustimmung f\u00fcr die Zusendung solcher Informationen erhalten zu haben.<\/p>\n<p><strong>GEISTIGES UND GEWERBLICHES EIGENTUM<\/strong><\/p>\n<p>Der gesamte Inhalt dieser Website, d. h. Texte, Fotografien, Grafiken, Bilder, Icons, Technologie, Software, Links und sonstige Bild- und\/oder Toninhalte sowie das grafische Design und die Quellcodes, sind Eigentum der Kanzlei oder Dritter, ohne dass dem Benutzer hierdurch irgendeines der durch die geltenden Vorschriften \u00fcber geistiges Eigentum anerkannten Nutzungsrechte \u00fcbertragen wird.<br \/>\nUnabh\u00e4ngig vom Verwendungszweck ist die vollst\u00e4ndige oder teilweise Reproduktion der Inhalte in irgendeiner Art oder Weise, einschlie\u00dflich der Verbreitung, \u00f6ffentlichen Mitteilung oder Verteilung, nur mit vorheriger schriftlicher Zustimmung seitens der Kanzlei m\u00f6glich. Jede nicht von der Kanzlei vorher gestattete Nutzung gilt als schwerwiegende Verletzung der geistigen oder gewerblichen Urheberrechte.<\/p>\n<p><strong>HAFTUNGSBESCHR\u00c4NKUNG<\/strong><\/p>\n<p>Der Benutzer benutzt diese Website auf eigene Gefahr. Die Kanzlei haftet nicht f\u00fcr die Richtigkeit oder Vollst\u00e4ndigkeit des Inhalts dieser oder anderer Websites, auf die \u00fcber diese Website zugegriffen werden kann. Die Kanzlei ist weder f\u00fcr Sch\u00e4den als haftbar zu erachten, die sich aus der Nutzung der Website ergeben, noch f\u00fcr Handlungen, die auf Grundlage der darin enthaltenen Informationen erfolgen.<\/p>\n<p>Die Kanzlei gew\u00e4hrleistet nicht, dass diese Website frei von Viren und anderen Elementen ist, die Sch\u00e4den oder St\u00f6rungen im Computersystem, in den elektronischen Dokumenten oder in den Dateien des Benutzers verursachen k\u00f6nnten.<\/p>\n<p>Folglich haftet die Kanzlei nicht f\u00fcr Sch\u00e4den, die dem Benutzer oder Dritten durch solche Elemente entstehen k\u00f6nnten.<\/p>\n<p>Unbeschadet der vorstehenden Ausf\u00fchrungen \u00fcbernimmt die Kanzlei keinerlei Haftung hinsichtlich der auf der Website ver\u00f6ffentlichten Inhalte und Informationen, wenn ein externer Dritter diese erstellt oder eingef\u00fcgt hat.<\/p>\n<p><strong>VERLINKUNGEN<\/strong><\/p>\n<p>A) Eingehende Links<\/p>\n<p>Der Benutzer sowie jede nat\u00fcrliche oder juristische Person, die eine Verlinkung zu dieser Website setzen m\u00f6chte, hat vorher die schriftliche Zustimmung der Kanzlei einzuholen.<\/p>\n<p>Das Setzen eines ausgehenden Links auf der Website eines Dritten zu dieser Website bedeutet unter keinen Umst\u00e4nden eine bestehende Beziehung zwischen der Kanzlei und dem Inhaber der ersteren Website noch die Annahme oder Genehmigung ihrer Inhalte oder Dienstleistungen durch die Kanzlei.<\/p>\n<p>Die Kanzlei beh\u00e4lt sich auf jeden Fall das Recht vor, s\u00e4mtliche Verlinkungen zu ihrer Website jederzeit zu verbieten oder zu deaktivieren, insbesondere dann, wenn unrechtm\u00e4\u00dfige Aktivit\u00e4ten oder Inhalte der Website, die diese Verlinkungen enthalten, vorliegen.<\/p>\n<p>B) Ausgehende Links<\/p>\n<p>Diese Website kann Verlinkungen zu Websites anderer Anbieter enthalten. Die Kanzlei \u00fcbernimmt keinerlei Verantwortung f\u00fcr externe Links zu Websites anderer Anbieter, die m\u00f6glicherweise auf der Website enthalten sind, oder f\u00fcr den Inhalt dieser Websites. Somit greift der Benutzer auf eigene Verantwortung und unter den f\u00fcr die besagten Websites geltenden Nutzungsbedingungen auf ihre Inhalte zu. Solche anderen Websites werden weder von der Kanzlei kontrolliert, noch fallen sie unter die Datenschutzbestimmungen dieser Website. Wenn Sie \u00fcber die bereitgestellten Links auf andere Websites zugreifen, k\u00f6nnen deren Betreiber Ihre pers\u00f6nlichen Daten erfassen und f\u00fcr andere als die hier beschriebenen Zwecke verwenden. Bevor Sie pers\u00f6nliche Daten \u00fcbermitteln, vergewissern Sie sich bitte, dass Sie den Datenschutzrichtlinien dieser Websites von Drittanbietern zustimmen.<\/p>\n<p><strong>PERSONENBEZOGENE DATEN<\/strong><\/p>\n<p>Diese Website verarbeitet keine personenbezogenen Daten des Benutzers, ausgenommen die in der <a href=\"\/de\/politica-privacidad\"><strong><u>Aufgef\u00fchrten Daten<\/u><\/strong><\/a>.<\/p>\n<p><strong>GELTENDES RECHT<\/strong><\/p>\n<p>Diese allgemeinen Bedingungen unterliegen dem spanischen Recht.<\/p>\n<\/div><\/div><\/div><\/div><\/div>\n","protected":false},"excerpt":{"rendered":"","protected":false},"author":1,"featured_media":0,"parent":0,"menu_order":0,"comment_status":"closed","ping_status":"closed","template":"","meta":{"footnotes":""},"class_list":["post-5789","page","type-page","status-publish","hentry"],"yoast_head":"<!-- This site is optimized with the Yoast SEO plugin v27.1.1 - https:\/\/yoast.com\/product\/yoast-seo-wordpress\/ -->\n<title>Rechtlicher hinweis - Vil\u00e1 Abogados<\/title>\n<meta name=\"robots\" content=\"index, follow, max-snippet:-1, max-image-preview:large, max-video-preview:-1\" \/>\n<link rel=\"canonical\" href=\"https:\/\/vila.es\/de\/rechtlicher-hinweis\/\" \/>\n<meta property=\"og:locale\" content=\"de_DE\" \/>\n<meta property=\"og:type\" content=\"article\" \/>\n<meta property=\"og:title\" content=\"Rechtlicher hinweis - Vil\u00e1 Abogados\" \/>\n<meta property=\"og:url\" content=\"https:\/\/vila.es\/de\/rechtlicher-hinweis\/\" \/>\n<meta property=\"og:site_name\" content=\"Vil\u00e1 Abogados\" \/>\n<meta property=\"article:modified_time\" content=\"2020-08-31T12:06:57+00:00\" \/>\n<meta name=\"twitter:card\" content=\"summary_large_image\" \/>\n<meta name=\"twitter:label1\" content=\"Gesch\u00e4tzte Lesezeit\" \/>\n\t<meta name=\"twitter:data1\" content=\"6\u00a0Minuten\" \/>\n<script type=\"application\/ld+json\" class=\"yoast-schema-graph\">{\"@context\":\"https:\/\/schema.org\",\"@graph\":[{\"@type\":\"WebPage\",\"@id\":\"https:\/\/vila.es\/de\/rechtlicher-hinweis\/\",\"url\":\"https:\/\/vila.es\/de\/rechtlicher-hinweis\/\",\"name\":\"Rechtlicher hinweis - Vil\u00e1 Abogados\",\"isPartOf\":{\"@id\":\"https:\/\/vila.es\/en\/#website\"},\"datePublished\":\"2020-07-23T09:53:38+00:00\",\"dateModified\":\"2020-08-31T12:06:57+00:00\",\"breadcrumb\":{\"@id\":\"https:\/\/vila.es\/de\/rechtlicher-hinweis\/#breadcrumb\"},\"inLanguage\":\"de\",\"potentialAction\":[{\"@type\":\"ReadAction\",\"target\":[\"https:\/\/vila.es\/de\/rechtlicher-hinweis\/\"]}]},{\"@type\":\"BreadcrumbList\",\"@id\":\"https:\/\/vila.es\/de\/rechtlicher-hinweis\/#breadcrumb\",\"itemListElement\":[{\"@type\":\"ListItem\",\"position\":1,\"name\":\"Portada\",\"item\":\"https:\/\/vila.es\/de\/\"},{\"@type\":\"ListItem\",\"position\":2,\"name\":\"Rechtlicher hinweis\"}]},{\"@type\":\"WebSite\",\"@id\":\"https:\/\/vila.es\/en\/#website\",\"url\":\"https:\/\/vila.es\/en\/\",\"name\":\"Vil\u00e1 Abogados\",\"description\":\"Damos soporte jur\u00eddico a proyectos e iniciativas de negocio de empresas y de emprendedores extranjeros y nacionales\",\"potentialAction\":[{\"@type\":\"SearchAction\",\"target\":{\"@type\":\"EntryPoint\",\"urlTemplate\":\"https:\/\/vila.es\/en\/?s={search_term_string}\"},\"query-input\":{\"@type\":\"PropertyValueSpecification\",\"valueRequired\":true,\"valueName\":\"search_term_string\"}}],\"inLanguage\":\"de\"}]}<\/script>\n<!-- \/ Yoast SEO plugin. -->","yoast_head_json":{"title":"Rechtlicher hinweis - Vil\u00e1 Abogados","robots":{"index":"index","follow":"follow","max-snippet":"max-snippet:-1","max-image-preview":"max-image-preview:large","max-video-preview":"max-video-preview:-1"},"canonical":"https:\/\/vila.es\/de\/rechtlicher-hinweis\/","og_locale":"de_DE","og_type":"article","og_title":"Rechtlicher hinweis - Vil\u00e1 Abogados","og_url":"https:\/\/vila.es\/de\/rechtlicher-hinweis\/","og_site_name":"Vil\u00e1 Abogados","article_modified_time":"2020-08-31T12:06:57+00:00","twitter_card":"summary_large_image","twitter_misc":{"Gesch\u00e4tzte Lesezeit":"6\u00a0Minuten"},"schema":{"@context":"https:\/\/schema.org","@graph":[{"@type":"WebPage","@id":"https:\/\/vila.es\/de\/rechtlicher-hinweis\/","url":"https:\/\/vila.es\/de\/rechtlicher-hinweis\/","name":"Rechtlicher hinweis - Vil\u00e1 Abogados","isPartOf":{"@id":"https:\/\/vila.es\/en\/#website"},"datePublished":"2020-07-23T09:53:38+00:00","dateModified":"2020-08-31T12:06:57+00:00","breadcrumb":{"@id":"https:\/\/vila.es\/de\/rechtlicher-hinweis\/#breadcrumb"},"inLanguage":"de","potentialAction":[{"@type":"ReadAction","target":["https:\/\/vila.es\/de\/rechtlicher-hinweis\/"]}]},{"@type":"BreadcrumbList","@id":"https:\/\/vila.es\/de\/rechtlicher-hinweis\/#breadcrumb","itemListElement":[{"@type":"ListItem","position":1,"name":"Portada","item":"https:\/\/vila.es\/de\/"},{"@type":"ListItem","position":2,"name":"Rechtlicher hinweis"}]},{"@type":"WebSite","@id":"https:\/\/vila.es\/en\/#website","url":"https:\/\/vila.es\/en\/","name":"Vil\u00e1 Abogados","description":"Damos soporte jur\u00eddico a proyectos e iniciativas de negocio de empresas y de emprendedores extranjeros y nacionales","potentialAction":[{"@type":"SearchAction","target":{"@type":"EntryPoint","urlTemplate":"https:\/\/vila.es\/en\/?s={search_term_string}"},"query-input":{"@type":"PropertyValueSpecification","valueRequired":true,"valueName":"search_term_string"}}],"inLanguage":"de"}]}},"_links":{"self":[{"href":"https:\/\/vila.es\/de\/wp-json\/wp\/v2\/pages\/5789","targetHints":{"allow":["GET"]}}],"collection":[{"href":"https:\/\/vila.es\/de\/wp-json\/wp\/v2\/pages"}],"about":[{"href":"https:\/\/vila.es\/de\/wp-json\/wp\/v2\/types\/page"}],"author":[{"embeddable":true,"href":"https:\/\/vila.es\/de\/wp-json\/wp\/v2\/users\/1"}],"replies":[{"embeddable":true,"href":"https:\/\/vila.es\/de\/wp-json\/wp\/v2\/comments?post=5789"}],"version-history":[{"count":8,"href":"https:\/\/vila.es\/de\/wp-json\/wp\/v2\/pages\/5789\/revisions"}],"predecessor-version":[{"id":6905,"href":"https:\/\/vila.es\/de\/wp-json\/wp\/v2\/pages\/5789\/revisions\/6905"}],"wp:attachment":[{"href":"https:\/\/vila.es\/de\/wp-json\/wp\/v2\/media?parent=5789"}],"curies":[{"name":"wp","href":"https:\/\/api.w.org\/{rel}","templated":true}]}}