{"id":5640,"date":"2020-07-21T09:25:52","date_gmt":"2020-07-21T09:25:52","guid":{"rendered":"http:\/\/desarrollo.vila.es\/?page_id=5640"},"modified":"2020-10-16T05:41:12","modified_gmt":"2020-10-16T05:41:12","slug":"neue-technologien","status":"publish","type":"page","link":"https:\/\/vila.es\/de\/beratungsfelder\/neue-technologien\/","title":{"rendered":"Neue Technologien"},"content":{"rendered":"<div class=\"fusion-fullwidth fullwidth-box fusion-builder-row-1 fusion-flex-container fusion-parallax-fixed nonhundred-percent-fullwidth non-hundred-percent-height-scrolling\" style=\"--awb-background-position:left center;--awb-border-radius-top-left:0px;--awb-border-radius-top-right:0px;--awb-border-radius-bottom-right:0px;--awb-border-radius-bottom-left:0px;--awb-padding-top:20px;--awb-padding-bottom:0px;--awb-margin-top:0px;--awb-margin-bottom:0px;--awb-background-image:url(&quot;https:\/\/vila.es\/wp-content\/uploads\/2020\/07\/nuevas-tecnologias-1.jpg&quot;);--awb-background-size:cover;--awb-flex-wrap:wrap;background-attachment:fixed;\" ><div class=\"fusion-builder-row fusion-row fusion-flex-align-items-flex-start fusion-flex-content-wrap\" style=\"max-width:1476.8px;margin-left: calc(-4% \/ 2 );margin-right: calc(-4% \/ 2 );\"><div class=\"fusion-layout-column fusion_builder_column fusion-builder-column-0 fusion_builder_column_1_2 1_2 fusion-flex-column\" style=\"--awb-padding-top:0px;--awb-padding-bottom:0px;--awb-bg-size:cover;--awb-width-large:50%;--awb-margin-top-large:0px;--awb-spacing-right-large:3.84%;--awb-margin-bottom-large:0px;--awb-spacing-left-large:3.84%;--awb-width-medium:50%;--awb-spacing-right-medium:3.84%;--awb-spacing-left-medium:3.84%;--awb-width-small:100%;--awb-spacing-right-small:1.92%;--awb-spacing-left-small:1.92%;\"><div class=\"fusion-column-wrapper fusion-column-has-shadow fusion-flex-justify-content-flex-start fusion-content-layout-column\"><div class=\"fusion-text fusion-text-1\"><h1><span style=\"color: #ffffff;\">NEUE TECHNOLOGIEN<\/span><\/h1>\n<\/div><div class=\"fusion-text fusion-text-2 text\"><p><span style=\"color: #ffffff;\"><span class=\"first-big\">N<\/span>eue Technologien sind der Wirtschaftssektor, der sich am schnellsten entwickelt und sich auf die Unternehmen und die Wirtschaft im Allgemeinen auswirkt, gleichzeitig aber auch neue Gesch\u00e4ftsmodelle und -konzepte hervorbringt, die nicht immer gesetzlich vorgesehen sind. Diese neuen Konzepte passen oft nicht genau in die bestehenden Rechtsinstitutionen, so dass der Unternehmer zwangsl\u00e4ufig Wege beschreiten muss, auf denen die Gefahr besteht, gegen die geltenden Vorschriften zu versto\u00dfen.<\/span><\/p>\n<p><span style=\"color: #ffffff;\">Anderseits leitet Kreativit\u00e4t Projekte, die auf neuen Technologien basieren, und diesen einen gesetzeskonformen rechtlichen Rahmen zu geben, erfordert kreative und nicht immer offensichtliche Rechtsformeln. Ebenfalls zu beachten ist die Beziehung zu den Investoren und Partnern, wobei der Schutz der immateriellen Verm\u00f6genswerte nicht zu vergessen ist, d.h. geistiges und gewerbliches Eigentum, Know-how und Gesch\u00e4ftsgeheimnisse, die eng mit der Entstehung und der Besonderheit der Initiativen verbunden sind \u2013 Werte, aus denen normalerweise der Mehrwert des Projekts besteht.<\/span><\/p>\n<p><span style=\"color: #ffffff;\">Die Blockchain-Technologie erm\u00f6glicht die Erstellung von sicheren Pr\u00fcfverfahren, zuverl\u00e4ssigen Managementsystemen f\u00fcr Lieferketten, direkten, schnellen und r\u00fcckverfolgbaren Finanztransaktionen, die eine Vermittlung vermeiden. Diese Technologie ist die Grundlage f\u00fcr neue noch zu entdeckende Gesch\u00e4ftsmodelle. Ebenso k\u00f6nnen die sogenannten Smart Contracts (intelligenten Vertr\u00e4ge) hervorragende technologische Werkzeuge sein, um Gesch\u00e4ftsvorg\u00e4nge zu automatisieren und zu beschleunigen. Allerdings erweist es sich als problematisch, Technologie und Recht aufeinander abzustimmen, was bei der Ausgestaltung und Umsetzung zu ber\u00fccksichtigen ist.<\/span><\/p>\n<\/div><\/div><\/div><div class=\"fusion-layout-column fusion_builder_column fusion-builder-column-1 fusion_builder_column_1_2 1_2 fusion-flex-column\" style=\"--awb-padding-top:0px;--awb-padding-bottom:0px;--awb-bg-size:cover;--awb-width-large:50%;--awb-margin-top-large:0px;--awb-spacing-right-large:3.84%;--awb-margin-bottom-large:0px;--awb-spacing-left-large:3.84%;--awb-width-medium:50%;--awb-spacing-right-medium:3.84%;--awb-spacing-left-medium:3.84%;--awb-width-small:100%;--awb-spacing-right-small:1.92%;--awb-spacing-left-small:1.92%;\"><div class=\"fusion-column-wrapper fusion-column-has-shadow fusion-flex-justify-content-flex-start fusion-content-layout-column\"><\/div><\/div><\/div><\/div>\n","protected":false},"excerpt":{"rendered":"","protected":false},"author":1,"featured_media":0,"parent":6133,"menu_order":0,"comment_status":"closed","ping_status":"closed","template":"100-width.php","meta":{"footnotes":""},"class_list":["post-5640","page","type-page","status-publish","hentry"],"yoast_head":"<!-- This site is optimized with the Yoast SEO plugin v27.1.1 - https:\/\/yoast.com\/product\/yoast-seo-wordpress\/ -->\n<title>Neue Technologien - Vil\u00e1 Abogados<\/title>\n<meta name=\"description\" content=\"Wir bieten juristische Solidit\u00e4t und kreative Formeln f\u00fcr neue Modelle und Gesch\u00e4ftskonzepte in Technologien wie Blockchain oder Smart-Contracts.\" \/>\n<meta name=\"robots\" content=\"index, follow, max-snippet:-1, max-image-preview:large, max-video-preview:-1\" \/>\n<link rel=\"canonical\" href=\"https:\/\/vila.es\/de\/beratungsfelder\/neue-technologien\/\" \/>\n<meta property=\"og:locale\" content=\"de_DE\" \/>\n<meta property=\"og:type\" content=\"article\" \/>\n<meta property=\"og:title\" content=\"Neue Technologien - Vil\u00e1 Abogados\" \/>\n<meta property=\"og:description\" content=\"Wir bieten juristische Solidit\u00e4t und kreative Formeln f\u00fcr neue Modelle und Gesch\u00e4ftskonzepte in Technologien wie Blockchain oder Smart-Contracts.\" \/>\n<meta property=\"og:url\" content=\"https:\/\/vila.es\/de\/beratungsfelder\/neue-technologien\/\" \/>\n<meta property=\"og:site_name\" content=\"Vil\u00e1 Abogados\" \/>\n<meta property=\"article:modified_time\" content=\"2020-10-16T05:41:12+00:00\" \/>\n<meta name=\"twitter:card\" content=\"summary_large_image\" \/>\n<meta name=\"twitter:label1\" content=\"Gesch\u00e4tzte Lesezeit\" \/>\n\t<meta name=\"twitter:data1\" content=\"4\u00a0Minuten\" \/>\n<script type=\"application\/ld+json\" class=\"yoast-schema-graph\">{\"@context\":\"https:\/\/schema.org\",\"@graph\":[{\"@type\":\"WebPage\",\"@id\":\"https:\/\/vila.es\/de\/beratungsfelder\/neue-technologien\/\",\"url\":\"https:\/\/vila.es\/de\/beratungsfelder\/neue-technologien\/\",\"name\":\"Neue Technologien - Vil\u00e1 Abogados\",\"isPartOf\":{\"@id\":\"https:\/\/vila.es\/en\/#website\"},\"datePublished\":\"2020-07-21T09:25:52+00:00\",\"dateModified\":\"2020-10-16T05:41:12+00:00\",\"description\":\"Wir bieten juristische Solidit\u00e4t und kreative Formeln f\u00fcr neue Modelle und Gesch\u00e4ftskonzepte in Technologien wie Blockchain oder Smart-Contracts.\",\"breadcrumb\":{\"@id\":\"https:\/\/vila.es\/de\/beratungsfelder\/neue-technologien\/#breadcrumb\"},\"inLanguage\":\"de\",\"potentialAction\":[{\"@type\":\"ReadAction\",\"target\":[\"https:\/\/vila.es\/de\/beratungsfelder\/neue-technologien\/\"]}]},{\"@type\":\"BreadcrumbList\",\"@id\":\"https:\/\/vila.es\/de\/beratungsfelder\/neue-technologien\/#breadcrumb\",\"itemListElement\":[{\"@type\":\"ListItem\",\"position\":1,\"name\":\"Portada\",\"item\":\"https:\/\/vila.es\/de\/\"},{\"@type\":\"ListItem\",\"position\":2,\"name\":\"Beratungsfelder\",\"item\":\"https:\/\/vila.es\/de\/beratungsfelder\/\"},{\"@type\":\"ListItem\",\"position\":3,\"name\":\"Neue Technologien\"}]},{\"@type\":\"WebSite\",\"@id\":\"https:\/\/vila.es\/en\/#website\",\"url\":\"https:\/\/vila.es\/en\/\",\"name\":\"Vil\u00e1 Abogados\",\"description\":\"Damos soporte jur\u00eddico a proyectos e iniciativas de negocio de empresas y de emprendedores extranjeros y nacionales\",\"potentialAction\":[{\"@type\":\"SearchAction\",\"target\":{\"@type\":\"EntryPoint\",\"urlTemplate\":\"https:\/\/vila.es\/en\/?s={search_term_string}\"},\"query-input\":{\"@type\":\"PropertyValueSpecification\",\"valueRequired\":true,\"valueName\":\"search_term_string\"}}],\"inLanguage\":\"de\"}]}<\/script>\n<!-- \/ Yoast SEO plugin. -->","yoast_head_json":{"title":"Neue Technologien - Vil\u00e1 Abogados","description":"Wir bieten juristische Solidit\u00e4t und kreative Formeln f\u00fcr neue Modelle und Gesch\u00e4ftskonzepte in Technologien wie Blockchain oder Smart-Contracts.","robots":{"index":"index","follow":"follow","max-snippet":"max-snippet:-1","max-image-preview":"max-image-preview:large","max-video-preview":"max-video-preview:-1"},"canonical":"https:\/\/vila.es\/de\/beratungsfelder\/neue-technologien\/","og_locale":"de_DE","og_type":"article","og_title":"Neue Technologien - Vil\u00e1 Abogados","og_description":"Wir bieten juristische Solidit\u00e4t und kreative Formeln f\u00fcr neue Modelle und Gesch\u00e4ftskonzepte in Technologien wie Blockchain oder Smart-Contracts.","og_url":"https:\/\/vila.es\/de\/beratungsfelder\/neue-technologien\/","og_site_name":"Vil\u00e1 Abogados","article_modified_time":"2020-10-16T05:41:12+00:00","twitter_card":"summary_large_image","twitter_misc":{"Gesch\u00e4tzte Lesezeit":"4\u00a0Minuten"},"schema":{"@context":"https:\/\/schema.org","@graph":[{"@type":"WebPage","@id":"https:\/\/vila.es\/de\/beratungsfelder\/neue-technologien\/","url":"https:\/\/vila.es\/de\/beratungsfelder\/neue-technologien\/","name":"Neue Technologien - Vil\u00e1 Abogados","isPartOf":{"@id":"https:\/\/vila.es\/en\/#website"},"datePublished":"2020-07-21T09:25:52+00:00","dateModified":"2020-10-16T05:41:12+00:00","description":"Wir bieten juristische Solidit\u00e4t und kreative Formeln f\u00fcr neue Modelle und Gesch\u00e4ftskonzepte in Technologien wie Blockchain oder Smart-Contracts.","breadcrumb":{"@id":"https:\/\/vila.es\/de\/beratungsfelder\/neue-technologien\/#breadcrumb"},"inLanguage":"de","potentialAction":[{"@type":"ReadAction","target":["https:\/\/vila.es\/de\/beratungsfelder\/neue-technologien\/"]}]},{"@type":"BreadcrumbList","@id":"https:\/\/vila.es\/de\/beratungsfelder\/neue-technologien\/#breadcrumb","itemListElement":[{"@type":"ListItem","position":1,"name":"Portada","item":"https:\/\/vila.es\/de\/"},{"@type":"ListItem","position":2,"name":"Beratungsfelder","item":"https:\/\/vila.es\/de\/beratungsfelder\/"},{"@type":"ListItem","position":3,"name":"Neue Technologien"}]},{"@type":"WebSite","@id":"https:\/\/vila.es\/en\/#website","url":"https:\/\/vila.es\/en\/","name":"Vil\u00e1 Abogados","description":"Damos soporte jur\u00eddico a proyectos e iniciativas de negocio de empresas y de emprendedores extranjeros y nacionales","potentialAction":[{"@type":"SearchAction","target":{"@type":"EntryPoint","urlTemplate":"https:\/\/vila.es\/en\/?s={search_term_string}"},"query-input":{"@type":"PropertyValueSpecification","valueRequired":true,"valueName":"search_term_string"}}],"inLanguage":"de"}]}},"_links":{"self":[{"href":"https:\/\/vila.es\/de\/wp-json\/wp\/v2\/pages\/5640","targetHints":{"allow":["GET"]}}],"collection":[{"href":"https:\/\/vila.es\/de\/wp-json\/wp\/v2\/pages"}],"about":[{"href":"https:\/\/vila.es\/de\/wp-json\/wp\/v2\/types\/page"}],"author":[{"embeddable":true,"href":"https:\/\/vila.es\/de\/wp-json\/wp\/v2\/users\/1"}],"replies":[{"embeddable":true,"href":"https:\/\/vila.es\/de\/wp-json\/wp\/v2\/comments?post=5640"}],"version-history":[{"count":4,"href":"https:\/\/vila.es\/de\/wp-json\/wp\/v2\/pages\/5640\/revisions"}],"predecessor-version":[{"id":7753,"href":"https:\/\/vila.es\/de\/wp-json\/wp\/v2\/pages\/5640\/revisions\/7753"}],"up":[{"embeddable":true,"href":"https:\/\/vila.es\/de\/wp-json\/wp\/v2\/pages\/6133"}],"wp:attachment":[{"href":"https:\/\/vila.es\/de\/wp-json\/wp\/v2\/media?parent=5640"}],"curies":[{"name":"wp","href":"https:\/\/api.w.org\/{rel}","templated":true}]}}