{"id":5623,"date":"2020-07-21T08:46:54","date_gmt":"2020-07-21T08:46:54","guid":{"rendered":"http:\/\/desarrollo.vila.es\/?page_id=5623"},"modified":"2020-10-16T05:49:12","modified_gmt":"2020-10-16T05:49:12","slug":"fusionen-und-ubernahmen","status":"publish","type":"page","link":"https:\/\/vila.es\/de\/beratungsfelder\/fusionen-und-ubernahmen\/","title":{"rendered":"Fusionen und Ubernahmen"},"content":{"rendered":"<div class=\"fusion-fullwidth fullwidth-box fusion-builder-row-1 fusion-flex-container fusion-parallax-fixed nonhundred-percent-fullwidth non-hundred-percent-height-scrolling\" style=\"--awb-background-position:left center;--awb-border-radius-top-left:0px;--awb-border-radius-top-right:0px;--awb-border-radius-bottom-right:0px;--awb-border-radius-bottom-left:0px;--awb-padding-top:20px;--awb-padding-bottom:0px;--awb-margin-top:0px;--awb-margin-bottom:0px;--awb-background-image:url(&quot;https:\/\/vila.es\/wp-content\/uploads\/2020\/07\/m-a-3.jpg&quot;);--awb-background-size:cover;--awb-flex-wrap:wrap;background-attachment:fixed;\" ><div class=\"fusion-builder-row fusion-row fusion-flex-align-items-flex-start fusion-flex-content-wrap\" style=\"max-width:1476.8px;margin-left: calc(-4% \/ 2 );margin-right: calc(-4% \/ 2 );\"><div class=\"fusion-layout-column fusion_builder_column fusion-builder-column-0 fusion_builder_column_1_2 1_2 fusion-flex-column\" style=\"--awb-padding-top:0px;--awb-padding-bottom:0px;--awb-bg-size:cover;--awb-width-large:50%;--awb-margin-top-large:0px;--awb-spacing-right-large:3.84%;--awb-margin-bottom-large:0px;--awb-spacing-left-large:3.84%;--awb-width-medium:50%;--awb-spacing-right-medium:3.84%;--awb-spacing-left-medium:3.84%;--awb-width-small:100%;--awb-spacing-right-small:1.92%;--awb-spacing-left-small:1.92%;\"><div class=\"fusion-column-wrapper fusion-column-has-shadow fusion-flex-justify-content-flex-start fusion-content-layout-column\"><div class=\"fusion-text fusion-text-1\"><h1><span style=\"color: #ffffff;\">M &amp; A (Fusionen und \u00dcbernahmen)<\/span><\/h1>\n<\/div><div class=\"fusion-text fusion-text-2 text\"><h3><span style=\"color: #ffffff;\">Fusionen und \u00dcbernahmen von Unternehmen oder Produktionseinheiten<\/span><\/h3>\n<p><span style=\"color: #ffffff;\"><span class=\"first-big\">D<\/span>er Markt bietet Unternehmen Wachstums- oder Konsolidierungsm\u00f6glichkeiten durch die Fusion mit einem oder mehreren Unternehmen oder die \u00dcbernahme eines anderen Unternehmens oder Gesch\u00e4ftsbereichs. Der Kauf eines Unternehmens oder einer in Betrieb befindlichen Produktionseinheit ist mit Komplexit\u00e4ten und Ungewissheiten verbunden, wie z. B. versteckte Haftungen, nicht offensichtliche Minderwerte und m\u00f6gliche Wertminderungen aufgrund von Tatsachen, die zum Zeitpunkt des Erwerbs nicht ersichtlich waren. Wir legen besonderen Wert auf eine genaue Untersuchung aller rechtlichen Angelegenheiten des Zielunternehmens eines Erwerbs anhand von Rechts-, Arbeits- und Steuerpr\u00fcfungen. M&amp;A-Prozesse sind meist dem Zeitdruck und den finanziellen Bed\u00fcrfnissen beider Parteien ausgesetzt. Wir sind uns bewusst, wie wichtig es ist, Rechtssicherheit f\u00fcr diese Gesch\u00e4ftsoperationen zu schaffen, ohne dabei den Faktor Zeit zu vernachl\u00e4ssigen. Unser Ziel ist es, den Prozess so kurz und effizient wie m\u00f6glich zu gestalten.<\/span><\/p>\n<\/div><\/div><\/div><div class=\"fusion-layout-column fusion_builder_column fusion-builder-column-1 fusion_builder_column_1_2 1_2 fusion-flex-column\" style=\"--awb-padding-top:0px;--awb-padding-bottom:0px;--awb-bg-size:cover;--awb-width-large:50%;--awb-margin-top-large:0px;--awb-spacing-right-large:3.84%;--awb-margin-bottom-large:0px;--awb-spacing-left-large:3.84%;--awb-width-medium:50%;--awb-spacing-right-medium:3.84%;--awb-spacing-left-medium:3.84%;--awb-width-small:100%;--awb-spacing-right-small:1.92%;--awb-spacing-left-small:1.92%;\"><div class=\"fusion-column-wrapper fusion-column-has-shadow fusion-flex-justify-content-flex-start fusion-content-layout-column\"><\/div><\/div><\/div><\/div>\n","protected":false},"excerpt":{"rendered":"","protected":false},"author":1,"featured_media":0,"parent":6133,"menu_order":0,"comment_status":"closed","ping_status":"closed","template":"100-width.php","meta":{"footnotes":""},"class_list":["post-5623","page","type-page","status-publish","hentry"],"yoast_head":"<!-- This site is optimized with the Yoast SEO plugin v27.1.1 - https:\/\/yoast.com\/product\/yoast-seo-wordpress\/ -->\n<title>M&amp;A - Vil\u00e1 Abogados<\/title>\n<meta name=\"description\" content=\"Wir pr\u00fcfen Fusionen und \u00dcbernahmen mit Integrit\u00e4t, kl\u00e4ren Unsicherheiten auf und machen den Prozess so effizient und kurz wie m\u00f6glich.\" \/>\n<meta name=\"robots\" content=\"index, follow, max-snippet:-1, max-image-preview:large, max-video-preview:-1\" \/>\n<link rel=\"canonical\" href=\"https:\/\/vila.es\/de\/beratungsfelder\/fusionen-und-ubernahmen\/\" \/>\n<meta property=\"og:locale\" content=\"de_DE\" \/>\n<meta property=\"og:type\" content=\"article\" \/>\n<meta property=\"og:title\" content=\"M&amp;A - Vil\u00e1 Abogados\" \/>\n<meta property=\"og:description\" content=\"Wir pr\u00fcfen Fusionen und \u00dcbernahmen mit Integrit\u00e4t, kl\u00e4ren Unsicherheiten auf und machen den Prozess so effizient und kurz wie m\u00f6glich.\" \/>\n<meta property=\"og:url\" content=\"https:\/\/vila.es\/de\/beratungsfelder\/fusionen-und-ubernahmen\/\" \/>\n<meta property=\"og:site_name\" content=\"Vil\u00e1 Abogados\" \/>\n<meta property=\"article:modified_time\" content=\"2020-10-16T05:49:12+00:00\" \/>\n<meta name=\"twitter:card\" content=\"summary_large_image\" \/>\n<meta name=\"twitter:label1\" content=\"Gesch\u00e4tzte Lesezeit\" \/>\n\t<meta name=\"twitter:data1\" content=\"4\u00a0Minuten\" \/>\n<script type=\"application\/ld+json\" class=\"yoast-schema-graph\">{\"@context\":\"https:\/\/schema.org\",\"@graph\":[{\"@type\":\"WebPage\",\"@id\":\"https:\/\/vila.es\/de\/beratungsfelder\/fusionen-und-ubernahmen\/\",\"url\":\"https:\/\/vila.es\/de\/beratungsfelder\/fusionen-und-ubernahmen\/\",\"name\":\"M&A - Vil\u00e1 Abogados\",\"isPartOf\":{\"@id\":\"https:\/\/vila.es\/en\/#website\"},\"datePublished\":\"2020-07-21T08:46:54+00:00\",\"dateModified\":\"2020-10-16T05:49:12+00:00\",\"description\":\"Wir pr\u00fcfen Fusionen und \u00dcbernahmen mit Integrit\u00e4t, kl\u00e4ren Unsicherheiten auf und machen den Prozess so effizient und kurz wie m\u00f6glich.\",\"breadcrumb\":{\"@id\":\"https:\/\/vila.es\/de\/beratungsfelder\/fusionen-und-ubernahmen\/#breadcrumb\"},\"inLanguage\":\"de\",\"potentialAction\":[{\"@type\":\"ReadAction\",\"target\":[\"https:\/\/vila.es\/de\/beratungsfelder\/fusionen-und-ubernahmen\/\"]}]},{\"@type\":\"BreadcrumbList\",\"@id\":\"https:\/\/vila.es\/de\/beratungsfelder\/fusionen-und-ubernahmen\/#breadcrumb\",\"itemListElement\":[{\"@type\":\"ListItem\",\"position\":1,\"name\":\"Portada\",\"item\":\"https:\/\/vila.es\/de\/\"},{\"@type\":\"ListItem\",\"position\":2,\"name\":\"Beratungsfelder\",\"item\":\"https:\/\/vila.es\/de\/beratungsfelder\/\"},{\"@type\":\"ListItem\",\"position\":3,\"name\":\"Fusionen und Ubernahmen\"}]},{\"@type\":\"WebSite\",\"@id\":\"https:\/\/vila.es\/en\/#website\",\"url\":\"https:\/\/vila.es\/en\/\",\"name\":\"Vil\u00e1 Abogados\",\"description\":\"Damos soporte jur\u00eddico a proyectos e iniciativas de negocio de empresas y de emprendedores extranjeros y nacionales\",\"potentialAction\":[{\"@type\":\"SearchAction\",\"target\":{\"@type\":\"EntryPoint\",\"urlTemplate\":\"https:\/\/vila.es\/en\/?s={search_term_string}\"},\"query-input\":{\"@type\":\"PropertyValueSpecification\",\"valueRequired\":true,\"valueName\":\"search_term_string\"}}],\"inLanguage\":\"de\"}]}<\/script>\n<!-- \/ Yoast SEO plugin. -->","yoast_head_json":{"title":"M&A - Vil\u00e1 Abogados","description":"Wir pr\u00fcfen Fusionen und \u00dcbernahmen mit Integrit\u00e4t, kl\u00e4ren Unsicherheiten auf und machen den Prozess so effizient und kurz wie m\u00f6glich.","robots":{"index":"index","follow":"follow","max-snippet":"max-snippet:-1","max-image-preview":"max-image-preview:large","max-video-preview":"max-video-preview:-1"},"canonical":"https:\/\/vila.es\/de\/beratungsfelder\/fusionen-und-ubernahmen\/","og_locale":"de_DE","og_type":"article","og_title":"M&A - Vil\u00e1 Abogados","og_description":"Wir pr\u00fcfen Fusionen und \u00dcbernahmen mit Integrit\u00e4t, kl\u00e4ren Unsicherheiten auf und machen den Prozess so effizient und kurz wie m\u00f6glich.","og_url":"https:\/\/vila.es\/de\/beratungsfelder\/fusionen-und-ubernahmen\/","og_site_name":"Vil\u00e1 Abogados","article_modified_time":"2020-10-16T05:49:12+00:00","twitter_card":"summary_large_image","twitter_misc":{"Gesch\u00e4tzte Lesezeit":"4\u00a0Minuten"},"schema":{"@context":"https:\/\/schema.org","@graph":[{"@type":"WebPage","@id":"https:\/\/vila.es\/de\/beratungsfelder\/fusionen-und-ubernahmen\/","url":"https:\/\/vila.es\/de\/beratungsfelder\/fusionen-und-ubernahmen\/","name":"M&A - Vil\u00e1 Abogados","isPartOf":{"@id":"https:\/\/vila.es\/en\/#website"},"datePublished":"2020-07-21T08:46:54+00:00","dateModified":"2020-10-16T05:49:12+00:00","description":"Wir pr\u00fcfen Fusionen und \u00dcbernahmen mit Integrit\u00e4t, kl\u00e4ren Unsicherheiten auf und machen den Prozess so effizient und kurz wie m\u00f6glich.","breadcrumb":{"@id":"https:\/\/vila.es\/de\/beratungsfelder\/fusionen-und-ubernahmen\/#breadcrumb"},"inLanguage":"de","potentialAction":[{"@type":"ReadAction","target":["https:\/\/vila.es\/de\/beratungsfelder\/fusionen-und-ubernahmen\/"]}]},{"@type":"BreadcrumbList","@id":"https:\/\/vila.es\/de\/beratungsfelder\/fusionen-und-ubernahmen\/#breadcrumb","itemListElement":[{"@type":"ListItem","position":1,"name":"Portada","item":"https:\/\/vila.es\/de\/"},{"@type":"ListItem","position":2,"name":"Beratungsfelder","item":"https:\/\/vila.es\/de\/beratungsfelder\/"},{"@type":"ListItem","position":3,"name":"Fusionen und Ubernahmen"}]},{"@type":"WebSite","@id":"https:\/\/vila.es\/en\/#website","url":"https:\/\/vila.es\/en\/","name":"Vil\u00e1 Abogados","description":"Damos soporte jur\u00eddico a proyectos e iniciativas de negocio de empresas y de emprendedores extranjeros y nacionales","potentialAction":[{"@type":"SearchAction","target":{"@type":"EntryPoint","urlTemplate":"https:\/\/vila.es\/en\/?s={search_term_string}"},"query-input":{"@type":"PropertyValueSpecification","valueRequired":true,"valueName":"search_term_string"}}],"inLanguage":"de"}]}},"_links":{"self":[{"href":"https:\/\/vila.es\/de\/wp-json\/wp\/v2\/pages\/5623","targetHints":{"allow":["GET"]}}],"collection":[{"href":"https:\/\/vila.es\/de\/wp-json\/wp\/v2\/pages"}],"about":[{"href":"https:\/\/vila.es\/de\/wp-json\/wp\/v2\/types\/page"}],"author":[{"embeddable":true,"href":"https:\/\/vila.es\/de\/wp-json\/wp\/v2\/users\/1"}],"replies":[{"embeddable":true,"href":"https:\/\/vila.es\/de\/wp-json\/wp\/v2\/comments?post=5623"}],"version-history":[{"count":5,"href":"https:\/\/vila.es\/de\/wp-json\/wp\/v2\/pages\/5623\/revisions"}],"predecessor-version":[{"id":7765,"href":"https:\/\/vila.es\/de\/wp-json\/wp\/v2\/pages\/5623\/revisions\/7765"}],"up":[{"embeddable":true,"href":"https:\/\/vila.es\/de\/wp-json\/wp\/v2\/pages\/6133"}],"wp:attachment":[{"href":"https:\/\/vila.es\/de\/wp-json\/wp\/v2\/media?parent=5623"}],"curies":[{"name":"wp","href":"https:\/\/api.w.org\/{rel}","templated":true}]}}