{"id":5613,"date":"2020-07-21T08:32:28","date_gmt":"2020-07-21T08:32:28","guid":{"rendered":"http:\/\/desarrollo.vila.es\/?page_id=5613"},"modified":"2020-10-16T05:32:55","modified_gmt":"2020-10-16T05:32:55","slug":"auslandische-investition","status":"publish","type":"page","link":"https:\/\/vila.es\/de\/beratungsfelder\/auslandische-investition\/","title":{"rendered":"Auslandische Investition"},"content":{"rendered":"<div class=\"fusion-fullwidth fullwidth-box fusion-builder-row-1 fusion-flex-container fusion-parallax-fixed nonhundred-percent-fullwidth non-hundred-percent-height-scrolling\" style=\"--awb-background-position:left center;--awb-border-radius-top-left:0px;--awb-border-radius-top-right:0px;--awb-border-radius-bottom-right:0px;--awb-border-radius-bottom-left:0px;--awb-padding-top:20px;--awb-padding-bottom:0px;--awb-margin-top:0px;--awb-margin-bottom:0px;--awb-background-image:url(&quot;https:\/\/vila.es\/wp-content\/uploads\/2020\/07\/inversion-extranjera-3.jpg&quot;);--awb-background-size:cover;--awb-flex-wrap:wrap;background-attachment:fixed;\" ><div class=\"fusion-builder-row fusion-row fusion-flex-align-items-flex-start fusion-flex-content-wrap\" style=\"max-width:1476.8px;margin-left: calc(-4% \/ 2 );margin-right: calc(-4% \/ 2 );\"><div class=\"fusion-layout-column fusion_builder_column fusion-builder-column-0 fusion_builder_column_1_2 1_2 fusion-flex-column\" style=\"--awb-padding-top:0px;--awb-padding-bottom:0px;--awb-bg-size:cover;--awb-width-large:50%;--awb-margin-top-large:0px;--awb-spacing-right-large:3.84%;--awb-margin-bottom-large:0px;--awb-spacing-left-large:3.84%;--awb-width-medium:50%;--awb-spacing-right-medium:3.84%;--awb-spacing-left-medium:3.84%;--awb-width-small:100%;--awb-spacing-right-small:1.92%;--awb-spacing-left-small:1.92%;\"><div class=\"fusion-column-wrapper fusion-column-has-shadow fusion-flex-justify-content-flex-start fusion-content-layout-column\"><div class=\"fusion-text fusion-text-1\"><h1 id=\"constitucion\">AUSLANDSINVESTITIONEN<\/h1>\n<\/div><div class=\"fusion-text fusion-text-2 text\"><h3 id=\"constitucion\">Gr\u00fcndung von Tochtergesellschaften, Zweigniederlassungen und Vertretungen<\/h3>\n<p><span class=\"first-big\">E<\/span>ine gro\u00dfartige Idee ist der Grundstein f\u00fcr den Erfolg eines Unternehmers oder einer Firma. Dessen Erfolg oder Misserfolg h\u00e4ngt jedoch von vielen Aspekten im Zusammenhang mit dem rechtlichen Rahmen ab.<\/p>\n<p>Wir unterst\u00fctzen unsere Mandanten mit Fachwissen und Erfahrung, um ihren Projekten eine solide rechtliche Grundlage zu verleihen. Dabei gehen wir von verschiedenen Szenarien aus und ber\u00fccksichtigen die Rechtsvorschriften und gesetzlichen Regelungen (die manchmal von betr\u00e4chtlicher Komplexit\u00e4t sind), deren Nichtbeachtung ernsthafte Sch\u00e4den verursachen oder die Zukunft eines Projekts gef\u00e4hrden kann.<\/p>\n<p>Die enge Zusammenarbeit mit dem Mandant bei der Erstellung eines Projekts tr\u00e4gt dazu bei, Ideen zu finden, sie zu entwickeln und zuk\u00fcnftige Wachstums- oder Risikosituationen vorauszusehen, was sich in Mehrwert umsetzt. Genau das ist unser Endziel.<\/p>\n<p><span id=\"ventures\">Bei der Umsetzung von Auslandsinvestitionen bieten wir Dienstleistungen zur Gr\u00fcndung von Tochtergesellschaften, Zweigniederlassungen und Vertretungen und beraten unseren Mandanten bei der Wahl der f\u00fcr ihre Projekte am besten geeigneten Rechtsform.<\/span><\/p>\n<p>Dar\u00fcber hinaus bieten wir L\u00f6sungen f\u00fcr Aufenthalts- und Arbeitsgenehmigungen f\u00fcr die vom Mutterunternehmen (oder der Unternehmensgruppe) nach Spanien entsandten Mitarbeiter.<\/p>\n<h3>Joint Ventures<\/h3>\n<p><span class=\"first-big\">J<\/span>oint Ventures sind strategische Partnerschaften zwischen Unternehmen, die durch Gr\u00fcndung eines Gemeinschaftsunternehmens menschliche, wirtschaftliche und finanzielle Ressourcen b\u00fcndeln, um ein gemeinsames Ziel zu erreichen. Sie k\u00f6nnen je nach den verfolgten Zielen auf unbestimmte Dauer angelegt oder zeitlich befristet sein, und ihre Eignung h\u00e4ngt von der Art des Projekts und den Begleitumst\u00e4nden der Beteiligten ab. <span id=\"union\">Die Zuteilung von Rechten und Pflichten in einem Joint Venture sowie seine F\u00fchrung sind heikle Angelegenheiten, die eine gute Grundlagenvorbereitung w\u00e4hrend der Verhandlungen sowie einen Gr\u00fcndungsvertrag, der die F\u00fchrungsmechanismen und die Situationen des Gesellschafter-Austritts festlegt, erfordern.<\/span><\/p>\n<h3>Zeitlich begrenzte Unternehmensgemeinschaft<\/h3>\n<p><span class=\"first-big\">E<\/span>in solcher Zusammenschluss von Unternehmen ist ein wirksames Rechtsinstrument, um ein zeitlich begrenztes Projekt in Angriff zu nehmen, wenn daf\u00fcr Vereinbarungen mit einem oder mehreren Partnern erforderlich sind. Daf\u00fcr kann es viele Gr\u00fcnde geben,<span id=\"acuerdos\"> wie z. B. die Gr\u00f6\u00dfe des Projekts, der Finanzbedarf f\u00fcr seine Durchf\u00fchrung oder technische oder menschliche Ressourcen. Auf diese Weise k\u00f6nnen mehrere Unternehmen gemeinsam Projekte verwirklichen, die ein Unternehmen alleine nicht bew\u00e4ltigt. Hierbei beh\u00e4lt jedoch jedes Unternehmen seine Rechtsperson und rechtliche Unabh\u00e4ngigkeit.<\/span><\/p>\n<h3>Kooperationsvereinbarungen<\/h3>\n<p><span class=\"first-big\">I<\/span>nvestitionsprojekte im Ausland sind nicht immer mit der Gr\u00fcndung einer Tochtergesellschaft, Zweigniederlassung oder Vertretung verbunden. In diesen F\u00e4llen beraten wir Sie bei der Ausgestaltung und Verhandlung von Kooperationsvereinbarungen mit lokalen Unternehmen, um ausgewogene Strukturen zu schaffen, die zugleich die Interessen des ausl\u00e4ndischen Investors in angemessener Weise sch\u00fctzen.<\/p>\n<h3 id=\"procedimientos\">Verfahren in Ausl\u00e4nder-Angelegenheiten f\u00fcr nach Spanien entsandte Mitarbeiter<\/h3>\n<p><span class=\"first-big\">L<\/span>\u00e4nder\u00fcbergreifende Projekte k\u00f6nnen die Entsendung von Mitarbeitern zur Tochtergesellschaft mit sich bringen, die Aufenthalts- und Arbeitsgenehmigungen ben\u00f6tigen. Unsere Kanzlei sichert diese notwendigen Elemente rechtlich ab und sucht f\u00fcr jeden Fall die am besten geeignete L\u00f6sung.<\/p>\n<\/div><\/div><\/div><div class=\"fusion-layout-column fusion_builder_column fusion-builder-column-1 fusion_builder_column_1_2 1_2 fusion-flex-column\" style=\"--awb-padding-top:0px;--awb-padding-bottom:0px;--awb-bg-size:cover;--awb-width-large:50%;--awb-margin-top-large:0px;--awb-spacing-right-large:3.84%;--awb-margin-bottom-large:0px;--awb-spacing-left-large:3.84%;--awb-width-medium:50%;--awb-spacing-right-medium:3.84%;--awb-spacing-left-medium:3.84%;--awb-width-small:100%;--awb-spacing-right-small:1.92%;--awb-spacing-left-small:1.92%;\"><div class=\"fusion-column-wrapper fusion-column-has-shadow fusion-flex-justify-content-flex-start fusion-content-layout-column\"><\/div><\/div><\/div><\/div>\n","protected":false},"excerpt":{"rendered":"","protected":false},"author":1,"featured_media":0,"parent":6133,"menu_order":0,"comment_status":"closed","ping_status":"closed","template":"100-width.php","meta":{"footnotes":""},"class_list":["post-5613","page","type-page","status-publish","hentry"],"yoast_head":"<!-- This site is optimized with the Yoast SEO plugin v27.1.1 - https:\/\/yoast.com\/product\/yoast-seo-wordpress\/ -->\n<title>Auslandsinvestitionen - Vil\u00e1 Abogados<\/title>\n<meta name=\"description\" content=\"Gr\u00fcndung von Tochtergesellschaften, Zweigniederlassungen und Vertretungen, Joint Ventures, Konsortium tempor\u00e4rer Unternehmen, etc.\" \/>\n<meta name=\"robots\" content=\"index, follow, max-snippet:-1, max-image-preview:large, max-video-preview:-1\" \/>\n<link rel=\"canonical\" href=\"https:\/\/vila.es\/de\/beratungsfelder\/auslandische-investition\/\" \/>\n<meta property=\"og:locale\" content=\"de_DE\" \/>\n<meta property=\"og:type\" content=\"article\" \/>\n<meta property=\"og:title\" content=\"Auslandsinvestitionen - Vil\u00e1 Abogados\" \/>\n<meta property=\"og:description\" content=\"Gr\u00fcndung von Tochtergesellschaften, Zweigniederlassungen und Vertretungen, Joint Ventures, Konsortium tempor\u00e4rer Unternehmen, etc.\" \/>\n<meta property=\"og:url\" content=\"https:\/\/vila.es\/de\/beratungsfelder\/auslandische-investition\/\" \/>\n<meta property=\"og:site_name\" content=\"Vil\u00e1 Abogados\" \/>\n<meta property=\"article:modified_time\" content=\"2020-10-16T05:32:55+00:00\" \/>\n<meta name=\"twitter:card\" content=\"summary_large_image\" \/>\n<meta name=\"twitter:label1\" content=\"Gesch\u00e4tzte Lesezeit\" \/>\n\t<meta name=\"twitter:data1\" content=\"6\u00a0Minuten\" \/>\n<script type=\"application\/ld+json\" class=\"yoast-schema-graph\">{\"@context\":\"https:\/\/schema.org\",\"@graph\":[{\"@type\":\"WebPage\",\"@id\":\"https:\/\/vila.es\/de\/beratungsfelder\/auslandische-investition\/\",\"url\":\"https:\/\/vila.es\/de\/beratungsfelder\/auslandische-investition\/\",\"name\":\"Auslandsinvestitionen - Vil\u00e1 Abogados\",\"isPartOf\":{\"@id\":\"https:\/\/vila.es\/en\/#website\"},\"datePublished\":\"2020-07-21T08:32:28+00:00\",\"dateModified\":\"2020-10-16T05:32:55+00:00\",\"description\":\"Gr\u00fcndung von Tochtergesellschaften, Zweigniederlassungen und Vertretungen, Joint Ventures, Konsortium tempor\u00e4rer Unternehmen, etc.\",\"breadcrumb\":{\"@id\":\"https:\/\/vila.es\/de\/beratungsfelder\/auslandische-investition\/#breadcrumb\"},\"inLanguage\":\"de\",\"potentialAction\":[{\"@type\":\"ReadAction\",\"target\":[\"https:\/\/vila.es\/de\/beratungsfelder\/auslandische-investition\/\"]}]},{\"@type\":\"BreadcrumbList\",\"@id\":\"https:\/\/vila.es\/de\/beratungsfelder\/auslandische-investition\/#breadcrumb\",\"itemListElement\":[{\"@type\":\"ListItem\",\"position\":1,\"name\":\"Portada\",\"item\":\"https:\/\/vila.es\/de\/\"},{\"@type\":\"ListItem\",\"position\":2,\"name\":\"Beratungsfelder\",\"item\":\"https:\/\/vila.es\/de\/beratungsfelder\/\"},{\"@type\":\"ListItem\",\"position\":3,\"name\":\"Auslandische Investition\"}]},{\"@type\":\"WebSite\",\"@id\":\"https:\/\/vila.es\/en\/#website\",\"url\":\"https:\/\/vila.es\/en\/\",\"name\":\"Vil\u00e1 Abogados\",\"description\":\"Damos soporte jur\u00eddico a proyectos e iniciativas de negocio de empresas y de emprendedores extranjeros y nacionales\",\"potentialAction\":[{\"@type\":\"SearchAction\",\"target\":{\"@type\":\"EntryPoint\",\"urlTemplate\":\"https:\/\/vila.es\/en\/?s={search_term_string}\"},\"query-input\":{\"@type\":\"PropertyValueSpecification\",\"valueRequired\":true,\"valueName\":\"search_term_string\"}}],\"inLanguage\":\"de\"}]}<\/script>\n<!-- \/ Yoast SEO plugin. -->","yoast_head_json":{"title":"Auslandsinvestitionen - Vil\u00e1 Abogados","description":"Gr\u00fcndung von Tochtergesellschaften, Zweigniederlassungen und Vertretungen, Joint Ventures, Konsortium tempor\u00e4rer Unternehmen, etc.","robots":{"index":"index","follow":"follow","max-snippet":"max-snippet:-1","max-image-preview":"max-image-preview:large","max-video-preview":"max-video-preview:-1"},"canonical":"https:\/\/vila.es\/de\/beratungsfelder\/auslandische-investition\/","og_locale":"de_DE","og_type":"article","og_title":"Auslandsinvestitionen - Vil\u00e1 Abogados","og_description":"Gr\u00fcndung von Tochtergesellschaften, Zweigniederlassungen und Vertretungen, Joint Ventures, Konsortium tempor\u00e4rer Unternehmen, etc.","og_url":"https:\/\/vila.es\/de\/beratungsfelder\/auslandische-investition\/","og_site_name":"Vil\u00e1 Abogados","article_modified_time":"2020-10-16T05:32:55+00:00","twitter_card":"summary_large_image","twitter_misc":{"Gesch\u00e4tzte Lesezeit":"6\u00a0Minuten"},"schema":{"@context":"https:\/\/schema.org","@graph":[{"@type":"WebPage","@id":"https:\/\/vila.es\/de\/beratungsfelder\/auslandische-investition\/","url":"https:\/\/vila.es\/de\/beratungsfelder\/auslandische-investition\/","name":"Auslandsinvestitionen - Vil\u00e1 Abogados","isPartOf":{"@id":"https:\/\/vila.es\/en\/#website"},"datePublished":"2020-07-21T08:32:28+00:00","dateModified":"2020-10-16T05:32:55+00:00","description":"Gr\u00fcndung von Tochtergesellschaften, Zweigniederlassungen und Vertretungen, Joint Ventures, Konsortium tempor\u00e4rer Unternehmen, etc.","breadcrumb":{"@id":"https:\/\/vila.es\/de\/beratungsfelder\/auslandische-investition\/#breadcrumb"},"inLanguage":"de","potentialAction":[{"@type":"ReadAction","target":["https:\/\/vila.es\/de\/beratungsfelder\/auslandische-investition\/"]}]},{"@type":"BreadcrumbList","@id":"https:\/\/vila.es\/de\/beratungsfelder\/auslandische-investition\/#breadcrumb","itemListElement":[{"@type":"ListItem","position":1,"name":"Portada","item":"https:\/\/vila.es\/de\/"},{"@type":"ListItem","position":2,"name":"Beratungsfelder","item":"https:\/\/vila.es\/de\/beratungsfelder\/"},{"@type":"ListItem","position":3,"name":"Auslandische Investition"}]},{"@type":"WebSite","@id":"https:\/\/vila.es\/en\/#website","url":"https:\/\/vila.es\/en\/","name":"Vil\u00e1 Abogados","description":"Damos soporte jur\u00eddico a proyectos e iniciativas de negocio de empresas y de emprendedores extranjeros y nacionales","potentialAction":[{"@type":"SearchAction","target":{"@type":"EntryPoint","urlTemplate":"https:\/\/vila.es\/en\/?s={search_term_string}"},"query-input":{"@type":"PropertyValueSpecification","valueRequired":true,"valueName":"search_term_string"}}],"inLanguage":"de"}]}},"_links":{"self":[{"href":"https:\/\/vila.es\/de\/wp-json\/wp\/v2\/pages\/5613","targetHints":{"allow":["GET"]}}],"collection":[{"href":"https:\/\/vila.es\/de\/wp-json\/wp\/v2\/pages"}],"about":[{"href":"https:\/\/vila.es\/de\/wp-json\/wp\/v2\/types\/page"}],"author":[{"embeddable":true,"href":"https:\/\/vila.es\/de\/wp-json\/wp\/v2\/users\/1"}],"replies":[{"embeddable":true,"href":"https:\/\/vila.es\/de\/wp-json\/wp\/v2\/comments?post=5613"}],"version-history":[{"count":7,"href":"https:\/\/vila.es\/de\/wp-json\/wp\/v2\/pages\/5613\/revisions"}],"predecessor-version":[{"id":7741,"href":"https:\/\/vila.es\/de\/wp-json\/wp\/v2\/pages\/5613\/revisions\/7741"}],"up":[{"embeddable":true,"href":"https:\/\/vila.es\/de\/wp-json\/wp\/v2\/pages\/6133"}],"wp:attachment":[{"href":"https:\/\/vila.es\/de\/wp-json\/wp\/v2\/media?parent=5613"}],"curies":[{"name":"wp","href":"https:\/\/api.w.org\/{rel}","templated":true}]}}