{"id":5605,"date":"2020-07-21T08:29:48","date_gmt":"2020-07-21T08:29:48","guid":{"rendered":"http:\/\/desarrollo.vila.es\/?page_id=5605"},"modified":"2020-10-16T05:39:00","modified_gmt":"2020-10-16T05:39:00","slug":"immobilien","status":"publish","type":"page","link":"https:\/\/vila.es\/de\/beratungsfelder\/immobilien\/","title":{"rendered":"Immobilien"},"content":{"rendered":"<div class=\"fusion-fullwidth fullwidth-box fusion-builder-row-1 fusion-flex-container fusion-parallax-fixed nonhundred-percent-fullwidth non-hundred-percent-height-scrolling\" style=\"--awb-background-position:left center;--awb-border-radius-top-left:0px;--awb-border-radius-top-right:0px;--awb-border-radius-bottom-right:0px;--awb-border-radius-bottom-left:0px;--awb-padding-top:20px;--awb-padding-bottom:40px;--awb-margin-top:0px;--awb-margin-bottom:0px;--awb-background-image:url(&quot;https:\/\/vila.es\/wp-content\/uploads\/2020\/07\/inmobiliario-web.jpg&quot;);--awb-background-size:cover;--awb-flex-wrap:wrap;background-attachment:fixed;\" ><div class=\"fusion-builder-row fusion-row fusion-flex-align-items-flex-start fusion-flex-content-wrap\" style=\"max-width:1476.8px;margin-left: calc(-4% \/ 2 );margin-right: calc(-4% \/ 2 );\"><div class=\"fusion-layout-column fusion_builder_column fusion-builder-column-0 fusion_builder_column_1_2 1_2 fusion-flex-column\" style=\"--awb-padding-top:0px;--awb-padding-bottom:0px;--awb-bg-size:cover;--awb-width-large:50%;--awb-margin-top-large:0px;--awb-spacing-right-large:3.84%;--awb-margin-bottom-large:0px;--awb-spacing-left-large:3.84%;--awb-width-medium:50%;--awb-spacing-right-medium:3.84%;--awb-spacing-left-medium:3.84%;--awb-width-small:100%;--awb-spacing-right-small:1.92%;--awb-spacing-left-small:1.92%;\"><div class=\"fusion-column-wrapper fusion-column-has-shadow fusion-flex-justify-content-flex-start fusion-content-layout-column\"><div class=\"fusion-text fusion-text-1\"><h1>IMMOBILIEN<\/h1>\n<\/div><div class=\"fusion-text fusion-text-2 text\"><p><span class=\"first-big\">W<\/span>ir bieten Beratung und Aushandlung von Vertr\u00e4gen f\u00fcr An- und Verkauf, Tausch und Vermietung von Wohnungen, Gesch\u00e4ftslokalen und Geb\u00e4uden und stehen auch bei der Gr\u00fcndung von Hypothekengarantien, beim Abschluss von Lease-back-Vertr\u00e4gen \u00fcber Immobilienverm\u00f6gen und Oberfl\u00e4chenrechte f\u00fcr Einkaufszentren, Logistik- und Industriehallen beratend zur Seite.<\/p>\n<p>Der Fokus unserer Beratung liegt auf der Schaffung von Rechtssicherheit f\u00fcr die Abwicklung von Gesch\u00e4ftsvorg\u00e4ngen durch fr\u00fchzeitige Erkennung von Risiko-, Sch\u00e4den- oder Verbindlichkeitssituationen, die sich aus der realen oder rechtlichen Situation der Immobilie ergeben k\u00f6nnen.<\/p>\n<p>Wir sind besonders auf den Schutz der Interessen ausl\u00e4ndischer Investoren sensibilisiert, damit ihre Investitionen nicht an Zweifeln oder Komplexit\u00e4ten des lokalen Rechtsrahmens scheitern.<\/p>\n<\/div><\/div><\/div><div class=\"fusion-layout-column fusion_builder_column fusion-builder-column-1 fusion_builder_column_1_2 1_2 fusion-flex-column\" style=\"--awb-padding-top:0px;--awb-padding-bottom:0px;--awb-bg-size:cover;--awb-width-large:50%;--awb-margin-top-large:0px;--awb-spacing-right-large:3.84%;--awb-margin-bottom-large:0px;--awb-spacing-left-large:3.84%;--awb-width-medium:50%;--awb-spacing-right-medium:3.84%;--awb-spacing-left-medium:3.84%;--awb-width-small:100%;--awb-spacing-right-small:1.92%;--awb-spacing-left-small:1.92%;\"><div class=\"fusion-column-wrapper fusion-column-has-shadow fusion-flex-justify-content-flex-start fusion-content-layout-column\"><\/div><\/div><\/div><\/div>\n","protected":false},"excerpt":{"rendered":"","protected":false},"author":1,"featured_media":0,"parent":6133,"menu_order":0,"comment_status":"closed","ping_status":"closed","template":"100-width.php","meta":{"footnotes":""},"class_list":["post-5605","page","type-page","status-publish","hentry"],"yoast_head":"<!-- This site is optimized with the Yoast SEO plugin v27.1.1 - https:\/\/yoast.com\/product\/yoast-seo-wordpress\/ -->\n<title>Immobilienrecht - Vil\u00e1 Abogados<\/title>\n<meta name=\"description\" content=\"Beratung und Rechtssicherheit bei Immobiliengesch\u00e4ften im Zusammenhang mit Kauf, Verkauf, Miete, Verkaufsf\u00f6rderung, Bau, Oberfl\u00e4chenrechten und Leaseback.\" \/>\n<meta name=\"robots\" content=\"index, follow, max-snippet:-1, max-image-preview:large, max-video-preview:-1\" \/>\n<link rel=\"canonical\" href=\"https:\/\/vila.es\/de\/beratungsfelder\/immobilien\/\" \/>\n<meta property=\"og:locale\" content=\"de_DE\" \/>\n<meta property=\"og:type\" content=\"article\" \/>\n<meta property=\"og:title\" content=\"Immobilienrecht - Vil\u00e1 Abogados\" \/>\n<meta property=\"og:description\" content=\"Beratung und Rechtssicherheit bei Immobiliengesch\u00e4ften im Zusammenhang mit Kauf, Verkauf, Miete, Verkaufsf\u00f6rderung, Bau, Oberfl\u00e4chenrechten und Leaseback.\" \/>\n<meta property=\"og:url\" content=\"https:\/\/vila.es\/de\/beratungsfelder\/immobilien\/\" \/>\n<meta property=\"og:site_name\" content=\"Vil\u00e1 Abogados\" \/>\n<meta property=\"article:modified_time\" content=\"2020-10-16T05:39:00+00:00\" \/>\n<meta name=\"twitter:card\" content=\"summary_large_image\" \/>\n<meta name=\"twitter:label1\" content=\"Gesch\u00e4tzte Lesezeit\" \/>\n\t<meta name=\"twitter:data1\" content=\"4\u00a0Minuten\" \/>\n<script type=\"application\/ld+json\" class=\"yoast-schema-graph\">{\"@context\":\"https:\/\/schema.org\",\"@graph\":[{\"@type\":\"WebPage\",\"@id\":\"https:\/\/vila.es\/de\/beratungsfelder\/immobilien\/\",\"url\":\"https:\/\/vila.es\/de\/beratungsfelder\/immobilien\/\",\"name\":\"Immobilienrecht - Vil\u00e1 Abogados\",\"isPartOf\":{\"@id\":\"https:\/\/vila.es\/en\/#website\"},\"datePublished\":\"2020-07-21T08:29:48+00:00\",\"dateModified\":\"2020-10-16T05:39:00+00:00\",\"description\":\"Beratung und Rechtssicherheit bei Immobiliengesch\u00e4ften im Zusammenhang mit Kauf, Verkauf, Miete, Verkaufsf\u00f6rderung, Bau, Oberfl\u00e4chenrechten und Leaseback.\",\"breadcrumb\":{\"@id\":\"https:\/\/vila.es\/de\/beratungsfelder\/immobilien\/#breadcrumb\"},\"inLanguage\":\"de\",\"potentialAction\":[{\"@type\":\"ReadAction\",\"target\":[\"https:\/\/vila.es\/de\/beratungsfelder\/immobilien\/\"]}]},{\"@type\":\"BreadcrumbList\",\"@id\":\"https:\/\/vila.es\/de\/beratungsfelder\/immobilien\/#breadcrumb\",\"itemListElement\":[{\"@type\":\"ListItem\",\"position\":1,\"name\":\"Portada\",\"item\":\"https:\/\/vila.es\/de\/\"},{\"@type\":\"ListItem\",\"position\":2,\"name\":\"Beratungsfelder\",\"item\":\"https:\/\/vila.es\/de\/beratungsfelder\/\"},{\"@type\":\"ListItem\",\"position\":3,\"name\":\"Immobilien\"}]},{\"@type\":\"WebSite\",\"@id\":\"https:\/\/vila.es\/en\/#website\",\"url\":\"https:\/\/vila.es\/en\/\",\"name\":\"Vil\u00e1 Abogados\",\"description\":\"Damos soporte jur\u00eddico a proyectos e iniciativas de negocio de empresas y de emprendedores extranjeros y nacionales\",\"potentialAction\":[{\"@type\":\"SearchAction\",\"target\":{\"@type\":\"EntryPoint\",\"urlTemplate\":\"https:\/\/vila.es\/en\/?s={search_term_string}\"},\"query-input\":{\"@type\":\"PropertyValueSpecification\",\"valueRequired\":true,\"valueName\":\"search_term_string\"}}],\"inLanguage\":\"de\"}]}<\/script>\n<!-- \/ Yoast SEO plugin. -->","yoast_head_json":{"title":"Immobilienrecht - Vil\u00e1 Abogados","description":"Beratung und Rechtssicherheit bei Immobiliengesch\u00e4ften im Zusammenhang mit Kauf, Verkauf, Miete, Verkaufsf\u00f6rderung, Bau, Oberfl\u00e4chenrechten und Leaseback.","robots":{"index":"index","follow":"follow","max-snippet":"max-snippet:-1","max-image-preview":"max-image-preview:large","max-video-preview":"max-video-preview:-1"},"canonical":"https:\/\/vila.es\/de\/beratungsfelder\/immobilien\/","og_locale":"de_DE","og_type":"article","og_title":"Immobilienrecht - Vil\u00e1 Abogados","og_description":"Beratung und Rechtssicherheit bei Immobiliengesch\u00e4ften im Zusammenhang mit Kauf, Verkauf, Miete, Verkaufsf\u00f6rderung, Bau, Oberfl\u00e4chenrechten und Leaseback.","og_url":"https:\/\/vila.es\/de\/beratungsfelder\/immobilien\/","og_site_name":"Vil\u00e1 Abogados","article_modified_time":"2020-10-16T05:39:00+00:00","twitter_card":"summary_large_image","twitter_misc":{"Gesch\u00e4tzte Lesezeit":"4\u00a0Minuten"},"schema":{"@context":"https:\/\/schema.org","@graph":[{"@type":"WebPage","@id":"https:\/\/vila.es\/de\/beratungsfelder\/immobilien\/","url":"https:\/\/vila.es\/de\/beratungsfelder\/immobilien\/","name":"Immobilienrecht - Vil\u00e1 Abogados","isPartOf":{"@id":"https:\/\/vila.es\/en\/#website"},"datePublished":"2020-07-21T08:29:48+00:00","dateModified":"2020-10-16T05:39:00+00:00","description":"Beratung und Rechtssicherheit bei Immobiliengesch\u00e4ften im Zusammenhang mit Kauf, Verkauf, Miete, Verkaufsf\u00f6rderung, Bau, Oberfl\u00e4chenrechten und Leaseback.","breadcrumb":{"@id":"https:\/\/vila.es\/de\/beratungsfelder\/immobilien\/#breadcrumb"},"inLanguage":"de","potentialAction":[{"@type":"ReadAction","target":["https:\/\/vila.es\/de\/beratungsfelder\/immobilien\/"]}]},{"@type":"BreadcrumbList","@id":"https:\/\/vila.es\/de\/beratungsfelder\/immobilien\/#breadcrumb","itemListElement":[{"@type":"ListItem","position":1,"name":"Portada","item":"https:\/\/vila.es\/de\/"},{"@type":"ListItem","position":2,"name":"Beratungsfelder","item":"https:\/\/vila.es\/de\/beratungsfelder\/"},{"@type":"ListItem","position":3,"name":"Immobilien"}]},{"@type":"WebSite","@id":"https:\/\/vila.es\/en\/#website","url":"https:\/\/vila.es\/en\/","name":"Vil\u00e1 Abogados","description":"Damos soporte jur\u00eddico a proyectos e iniciativas de negocio de empresas y de emprendedores extranjeros y nacionales","potentialAction":[{"@type":"SearchAction","target":{"@type":"EntryPoint","urlTemplate":"https:\/\/vila.es\/en\/?s={search_term_string}"},"query-input":{"@type":"PropertyValueSpecification","valueRequired":true,"valueName":"search_term_string"}}],"inLanguage":"de"}]}},"_links":{"self":[{"href":"https:\/\/vila.es\/de\/wp-json\/wp\/v2\/pages\/5605","targetHints":{"allow":["GET"]}}],"collection":[{"href":"https:\/\/vila.es\/de\/wp-json\/wp\/v2\/pages"}],"about":[{"href":"https:\/\/vila.es\/de\/wp-json\/wp\/v2\/types\/page"}],"author":[{"embeddable":true,"href":"https:\/\/vila.es\/de\/wp-json\/wp\/v2\/users\/1"}],"replies":[{"embeddable":true,"href":"https:\/\/vila.es\/de\/wp-json\/wp\/v2\/comments?post=5605"}],"version-history":[{"count":5,"href":"https:\/\/vila.es\/de\/wp-json\/wp\/v2\/pages\/5605\/revisions"}],"predecessor-version":[{"id":7749,"href":"https:\/\/vila.es\/de\/wp-json\/wp\/v2\/pages\/5605\/revisions\/7749"}],"up":[{"embeddable":true,"href":"https:\/\/vila.es\/de\/wp-json\/wp\/v2\/pages\/6133"}],"wp:attachment":[{"href":"https:\/\/vila.es\/de\/wp-json\/wp\/v2\/media?parent=5605"}],"curies":[{"name":"wp","href":"https:\/\/api.w.org\/{rel}","templated":true}]}}