{"id":5598,"date":"2020-07-21T08:26:54","date_gmt":"2020-07-21T08:26:54","guid":{"rendered":"http:\/\/desarrollo.vila.es\/?page_id=5598"},"modified":"2023-09-05T09:18:40","modified_gmt":"2023-09-05T09:18:40","slug":"kontakt","status":"publish","type":"page","link":"https:\/\/vila.es\/de\/kontakt\/","title":{"rendered":"Kontakt"},"content":{"rendered":"<div class=\"fusion-fullwidth fullwidth-box fusion-builder-row-1 fusion-flex-container fusion-parallax-none nonhundred-percent-fullwidth non-hundred-percent-height-scrolling\" style=\"--awb-background-position:center top;--awb-border-sizes-top:0px;--awb-border-sizes-bottom:0px;--awb-border-sizes-left:0px;--awb-border-sizes-right:0px;--awb-border-radius-top-left:0px;--awb-border-radius-top-right:0px;--awb-border-radius-bottom-right:0px;--awb-border-radius-bottom-left:0px;--awb-padding-top:20px;--awb-padding-bottom:320px;--awb-margin-top:0px;--awb-margin-bottom:0px;--awb-background-image:url(&quot;https:\/\/vila.es\/wp-content\/uploads\/2020\/07\/contacto-background.jpg&quot;);--awb-background-size:cover;--awb-flex-wrap:wrap;\" ><div class=\"fusion-builder-row fusion-row fusion-flex-align-items-flex-start fusion-flex-content-wrap\" style=\"max-width:1476.8px;margin-left: calc(-4% \/ 2 );margin-right: calc(-4% \/ 2 );\"><div class=\"fusion-layout-column fusion_builder_column fusion-builder-column-0 fusion_builder_column_1_3 1_3 fusion-flex-column\" style=\"--awb-bg-size:cover;--awb-width-large:33.333333333333%;--awb-margin-top-large:0px;--awb-spacing-right-large:3.84%;--awb-margin-bottom-large:20px;--awb-spacing-left-large:5.76%;--awb-width-medium:33.333333333333%;--awb-spacing-right-medium:3.84%;--awb-spacing-left-medium:5.76%;--awb-width-small:100%;--awb-spacing-right-small:1.92%;--awb-spacing-left-small:1.92%;\"><div class=\"fusion-column-wrapper fusion-flex-justify-content-flex-start fusion-content-layout-column\"><div class=\"fusion-text fusion-text-1\"><h1>KONTAKT<\/h1>\n<\/div><div class=\"fusion-text fusion-text-2\"><p>Paseo de Gracia, 76, 1\u00ba &#8211; 2\u00aa<br \/>\n08008 Barcelona, Spanien<br \/>\n+34 93 215 68 65<br \/>\ninfo@vila.es<\/p>\n<\/div><div class=\"fusion-separator fusion-full-width-sep\" style=\"align-self: flex-start;margin-right:auto;margin-top:20px;width:100%;max-width:100%;\"><\/div><div class=\"fusion-text fusion-text-3\"><p><strong>\u00d6FFNUNGSZEITEN:<\/strong><br \/>\nMontag &#8211; Freitag 9:00 &#8211; 19:00 Uhr<\/p>\n<\/div><\/div><\/div><div class=\"fusion-layout-column fusion_builder_column fusion-builder-column-1 fusion_builder_column_1_4 1_4 fusion-flex-column background\" style=\"--awb-bg-size:cover;--awb-width-large:25%;--awb-margin-top-large:0px;--awb-spacing-right-large:7.68%;--awb-margin-bottom-large:20px;--awb-spacing-left-large:3.84%;--awb-width-medium:25%;--awb-order-medium:0;--awb-spacing-right-medium:7.68%;--awb-spacing-left-medium:3.84%;--awb-width-small:100%;--awb-order-small:0;--awb-spacing-right-small:1.92%;--awb-spacing-left-small:1.92%;\"><div class=\"fusion-column-wrapper fusion-column-has-shadow fusion-flex-justify-content-flex-start fusion-content-layout-column\"><div class=\"fusion-text fusion-text-4\"><h1>TRETEN SIE UNSEREM TEAM BEI<\/h1>\n<\/div><div class=\"fusion-text fusion-text-5\"><p>Bei Interesse, kontaktieren Sie uns bitte per E-Mail unter <a href=\"mailto:info@vila.es\">info@vila.es<\/a><\/p>\n<\/div><div class=\"fusion-separator fusion-full-width-sep\" style=\"align-self: flex-start;margin-right:auto;margin-top:20px;width:100%;max-width:100%;\"><\/div><div class=\"fusion-text fusion-text-6\"><p><strong>\u00bfROUTE?<\/strong><\/p>\n<\/div><div class=\"fusion-text fusion-text-7\"><ul style=\"list-style: none; margin: 0; padding: 0; overflow: hidden;\">\n<li style=\"float: left; margin-right: 20px;\"><a href=\"\/de\/contacto\/metro\/\"><img decoding=\"async\" style=\"height: 32px;\" src=\"\/wp-content\/uploads\/2020\/07\/ico-m-2.png\" alt=\"icono metro\" \/><\/a><\/li>\n<li style=\"float: left; margin-right: 20px;\"><a href=\"\/de\/contacto\/fgc\/\"><img decoding=\"async\" style=\"height: 32px;\" src=\"\/wp-content\/uploads\/2020\/07\/ico-metro-2.png\" alt=\"icono ferrocarriles\" \/><\/a><\/li>\n<li style=\"float: left; margin-right: 20px;\"><a href=\"\/de\/contacto\/parking\/\"><img decoding=\"async\" style=\"height: 32px;\" src=\"\/wp-content\/uploads\/2020\/07\/ico-parking-1.png\" alt=\"icono parking\" \/><\/a><\/li>\n<li style=\"float: left;\"><a href=\"\/de\/contacto\/aeropuerto\/\"><img decoding=\"async\" style=\"height: 32px;\" src=\"\/wp-content\/uploads\/2020\/07\/ico-aeroplane.png\" alt=\"icono aeropuerto\" \/><\/a><\/li>\n<\/ul>\n<\/div><div class=\"fusion-separator fusion-full-width-sep\" style=\"align-self: flex-start;margin-right:auto;margin-top:20px;margin-bottom:20px;width:100%;max-width:100%;\"><\/div><\/div><\/div><\/div><\/div>\n","protected":false},"excerpt":{"rendered":"","protected":false},"author":1,"featured_media":0,"parent":0,"menu_order":0,"comment_status":"closed","ping_status":"closed","template":"100-width.php","meta":{"footnotes":""},"class_list":["post-5598","page","type-page","status-publish","hentry"],"yoast_head":"<!-- This site is optimized with the Yoast SEO plugin v27.1.1 - https:\/\/yoast.com\/product\/yoast-seo-wordpress\/ -->\n<title>Kontakt - Vil\u00e1 Abogados<\/title>\n<meta name=\"description\" content=\"Die Vil\u00e1 Abogados Kanzlei befindet sich in Barcelona, im zentralen Paseo de Gracia. Informieren Sie sich \u00fcber die Anfahrt und unsere \u00d6ffnungszeiten.\" \/>\n<meta name=\"robots\" content=\"index, follow, max-snippet:-1, max-image-preview:large, max-video-preview:-1\" \/>\n<link rel=\"canonical\" href=\"https:\/\/vila.es\/de\/kontakt\/\" \/>\n<meta property=\"og:locale\" content=\"de_DE\" \/>\n<meta property=\"og:type\" content=\"article\" \/>\n<meta property=\"og:title\" content=\"Kontakt - Vil\u00e1 Abogados\" \/>\n<meta property=\"og:description\" content=\"Die Vil\u00e1 Abogados Kanzlei befindet sich in Barcelona, im zentralen Paseo de Gracia. Informieren Sie sich \u00fcber die Anfahrt und unsere \u00d6ffnungszeiten.\" \/>\n<meta property=\"og:url\" content=\"https:\/\/vila.es\/de\/kontakt\/\" \/>\n<meta property=\"og:site_name\" content=\"Vil\u00e1 Abogados\" \/>\n<meta property=\"article:modified_time\" content=\"2023-09-05T09:18:40+00:00\" \/>\n<meta name=\"twitter:card\" content=\"summary_large_image\" \/>\n<meta name=\"twitter:label1\" content=\"Gesch\u00e4tzte Lesezeit\" \/>\n\t<meta name=\"twitter:data1\" content=\"6\u00a0Minuten\" \/>\n<script type=\"application\/ld+json\" class=\"yoast-schema-graph\">{\"@context\":\"https:\/\/schema.org\",\"@graph\":[{\"@type\":\"WebPage\",\"@id\":\"https:\/\/vila.es\/de\/kontakt\/\",\"url\":\"https:\/\/vila.es\/de\/kontakt\/\",\"name\":\"Kontakt - Vil\u00e1 Abogados\",\"isPartOf\":{\"@id\":\"https:\/\/vila.es\/en\/#website\"},\"datePublished\":\"2020-07-21T08:26:54+00:00\",\"dateModified\":\"2023-09-05T09:18:40+00:00\",\"description\":\"Die Vil\u00e1 Abogados Kanzlei befindet sich in Barcelona, im zentralen Paseo de Gracia. Informieren Sie sich \u00fcber die Anfahrt und unsere \u00d6ffnungszeiten.\",\"breadcrumb\":{\"@id\":\"https:\/\/vila.es\/de\/kontakt\/#breadcrumb\"},\"inLanguage\":\"de\",\"potentialAction\":[{\"@type\":\"ReadAction\",\"target\":[\"https:\/\/vila.es\/de\/kontakt\/\"]}]},{\"@type\":\"BreadcrumbList\",\"@id\":\"https:\/\/vila.es\/de\/kontakt\/#breadcrumb\",\"itemListElement\":[{\"@type\":\"ListItem\",\"position\":1,\"name\":\"Portada\",\"item\":\"https:\/\/vila.es\/de\/\"},{\"@type\":\"ListItem\",\"position\":2,\"name\":\"Kontakt\"}]},{\"@type\":\"WebSite\",\"@id\":\"https:\/\/vila.es\/en\/#website\",\"url\":\"https:\/\/vila.es\/en\/\",\"name\":\"Vil\u00e1 Abogados\",\"description\":\"Damos soporte jur\u00eddico a proyectos e iniciativas de negocio de empresas y de emprendedores extranjeros y nacionales\",\"potentialAction\":[{\"@type\":\"SearchAction\",\"target\":{\"@type\":\"EntryPoint\",\"urlTemplate\":\"https:\/\/vila.es\/en\/?s={search_term_string}\"},\"query-input\":{\"@type\":\"PropertyValueSpecification\",\"valueRequired\":true,\"valueName\":\"search_term_string\"}}],\"inLanguage\":\"de\"}]}<\/script>\n<!-- \/ Yoast SEO plugin. -->","yoast_head_json":{"title":"Kontakt - Vil\u00e1 Abogados","description":"Die Vil\u00e1 Abogados Kanzlei befindet sich in Barcelona, im zentralen Paseo de Gracia. Informieren Sie sich \u00fcber die Anfahrt und unsere \u00d6ffnungszeiten.","robots":{"index":"index","follow":"follow","max-snippet":"max-snippet:-1","max-image-preview":"max-image-preview:large","max-video-preview":"max-video-preview:-1"},"canonical":"https:\/\/vila.es\/de\/kontakt\/","og_locale":"de_DE","og_type":"article","og_title":"Kontakt - Vil\u00e1 Abogados","og_description":"Die Vil\u00e1 Abogados Kanzlei befindet sich in Barcelona, im zentralen Paseo de Gracia. Informieren Sie sich \u00fcber die Anfahrt und unsere \u00d6ffnungszeiten.","og_url":"https:\/\/vila.es\/de\/kontakt\/","og_site_name":"Vil\u00e1 Abogados","article_modified_time":"2023-09-05T09:18:40+00:00","twitter_card":"summary_large_image","twitter_misc":{"Gesch\u00e4tzte Lesezeit":"6\u00a0Minuten"},"schema":{"@context":"https:\/\/schema.org","@graph":[{"@type":"WebPage","@id":"https:\/\/vila.es\/de\/kontakt\/","url":"https:\/\/vila.es\/de\/kontakt\/","name":"Kontakt - Vil\u00e1 Abogados","isPartOf":{"@id":"https:\/\/vila.es\/en\/#website"},"datePublished":"2020-07-21T08:26:54+00:00","dateModified":"2023-09-05T09:18:40+00:00","description":"Die Vil\u00e1 Abogados Kanzlei befindet sich in Barcelona, im zentralen Paseo de Gracia. Informieren Sie sich \u00fcber die Anfahrt und unsere \u00d6ffnungszeiten.","breadcrumb":{"@id":"https:\/\/vila.es\/de\/kontakt\/#breadcrumb"},"inLanguage":"de","potentialAction":[{"@type":"ReadAction","target":["https:\/\/vila.es\/de\/kontakt\/"]}]},{"@type":"BreadcrumbList","@id":"https:\/\/vila.es\/de\/kontakt\/#breadcrumb","itemListElement":[{"@type":"ListItem","position":1,"name":"Portada","item":"https:\/\/vila.es\/de\/"},{"@type":"ListItem","position":2,"name":"Kontakt"}]},{"@type":"WebSite","@id":"https:\/\/vila.es\/en\/#website","url":"https:\/\/vila.es\/en\/","name":"Vil\u00e1 Abogados","description":"Damos soporte jur\u00eddico a proyectos e iniciativas de negocio de empresas y de emprendedores extranjeros y nacionales","potentialAction":[{"@type":"SearchAction","target":{"@type":"EntryPoint","urlTemplate":"https:\/\/vila.es\/en\/?s={search_term_string}"},"query-input":{"@type":"PropertyValueSpecification","valueRequired":true,"valueName":"search_term_string"}}],"inLanguage":"de"}]}},"_links":{"self":[{"href":"https:\/\/vila.es\/de\/wp-json\/wp\/v2\/pages\/5598","targetHints":{"allow":["GET"]}}],"collection":[{"href":"https:\/\/vila.es\/de\/wp-json\/wp\/v2\/pages"}],"about":[{"href":"https:\/\/vila.es\/de\/wp-json\/wp\/v2\/types\/page"}],"author":[{"embeddable":true,"href":"https:\/\/vila.es\/de\/wp-json\/wp\/v2\/users\/1"}],"replies":[{"embeddable":true,"href":"https:\/\/vila.es\/de\/wp-json\/wp\/v2\/comments?post=5598"}],"version-history":[{"count":11,"href":"https:\/\/vila.es\/de\/wp-json\/wp\/v2\/pages\/5598\/revisions"}],"predecessor-version":[{"id":12714,"href":"https:\/\/vila.es\/de\/wp-json\/wp\/v2\/pages\/5598\/revisions\/12714"}],"wp:attachment":[{"href":"https:\/\/vila.es\/de\/wp-json\/wp\/v2\/media?parent=5598"}],"curies":[{"name":"wp","href":"https:\/\/api.w.org\/{rel}","templated":true}]}}