{"id":5589,"date":"2020-07-21T08:16:04","date_gmt":"2020-07-21T08:16:04","guid":{"rendered":"http:\/\/desarrollo.vila.es\/?page_id=5589"},"modified":"2020-10-16T05:46:20","modified_gmt":"2020-10-16T05:46:20","slug":"erneubare-energien","status":"publish","type":"page","link":"https:\/\/vila.es\/de\/beratungsfelder\/erneubare-energien\/","title":{"rendered":"Erneubare energien"},"content":{"rendered":"<div class=\"fusion-fullwidth fullwidth-box fusion-builder-row-1 fusion-flex-container fusion-parallax-fixed nonhundred-percent-fullwidth non-hundred-percent-height-scrolling\" style=\"--awb-background-position:left center;--awb-border-radius-top-left:0px;--awb-border-radius-top-right:0px;--awb-border-radius-bottom-right:0px;--awb-border-radius-bottom-left:0px;--awb-padding-top:20px;--awb-padding-bottom:0px;--awb-margin-top:0px;--awb-margin-bottom:0px;--awb-background-image:url(&quot;https:\/\/vila.es\/wp-content\/uploads\/2020\/07\/energias-renovables-web.jpg&quot;);--awb-background-size:cover;--awb-flex-wrap:wrap;background-attachment:fixed;\" ><div class=\"fusion-builder-row fusion-row fusion-flex-align-items-flex-start fusion-flex-content-wrap\" style=\"max-width:1476.8px;margin-left: calc(-4% \/ 2 );margin-right: calc(-4% \/ 2 );\"><div class=\"fusion-layout-column fusion_builder_column fusion-builder-column-0 fusion_builder_column_1_2 1_2 fusion-flex-column\" style=\"--awb-padding-top:0px;--awb-padding-bottom:0px;--awb-bg-size:cover;--awb-width-large:50%;--awb-margin-top-large:0px;--awb-spacing-right-large:3.84%;--awb-margin-bottom-large:0px;--awb-spacing-left-large:3.84%;--awb-width-medium:50%;--awb-spacing-right-medium:3.84%;--awb-spacing-left-medium:3.84%;--awb-width-small:100%;--awb-spacing-right-small:1.92%;--awb-spacing-left-small:1.92%;\"><div class=\"fusion-column-wrapper fusion-column-has-shadow fusion-flex-justify-content-flex-start fusion-content-layout-column\"><div class=\"fusion-text fusion-text-1\"><h1>ERNEUERBARE ENERGIEN<\/h1>\n<\/div><div class=\"fusion-text fusion-text-2 text\"><p><span class=\"first-big\">E<\/span>rneuerbare Energieerzeugung ist nicht nur ein unumkehrbarer Trend, der den Einsatz fossiler Brennstoffe zur Stromerzeugung verringert, sondern auch eine Gesch\u00e4ftst\u00e4tigkeit von bemerkenswerter Komplexit\u00e4t aufgrund der notwendigen Teilnahme verschiedener \u00f6ffentlicher und privater Akteure. Rechtsberatung ist f\u00fcr alle Arten von Unternehmern von Bedeutung, die ihre T\u00e4tigkeiten in diesem Sektor aufnehmen oder ausweiten m\u00f6chten. Hierzu z\u00e4hlen unter anderem folgende Bereiche:<\/p>\n<ul style=\"text-align: justify;\">\n<li style=\"margin-bottom: 20px;\">Kooperationsvertr\u00e4ge zwischen Partnern zur Schaffung von Instrumenten, die die gemeinsame F\u00f6rderung und Umsetzung von Projekten im Bereich der erneuerbaren Energien erm\u00f6glichen.<\/li>\n<li style=\"margin-bottom: 20px;\">Vertr\u00e4ge zur Sicherung von Grundst\u00fccken und anderen Fl\u00e4chen f\u00fcr die Installation der Anlagen mit einer Vielzahl von Rechtsformeln, um ihre Nutzung langfristig zu gew\u00e4hrleisten.<\/li>\n<li style=\"margin-bottom: 20px;\">Wirtschaftliche und finanzielle Vereinbarungen mit Dritten, seien es reine Kapitalgeber, strategische Partner, Geldinstitute oder Unternehmen im Betriebsmittel-Verleih oder Leasing, um das notwendige Kapital f\u00fcr die Projekte bereitzustellen.<\/li>\n<li style=\"margin-bottom: 20px;\">Vertr\u00e4ge zur Verwaltung von beh\u00f6rdlichen Genehmigungen und \u00fcber Ingenieurstechnik, Bau und Betrieb\/Instandhaltung der Anlagen.<\/li>\n<\/ul>\n<\/div><\/div><\/div><div class=\"fusion-layout-column fusion_builder_column fusion-builder-column-1 fusion_builder_column_1_2 1_2 fusion-flex-column\" style=\"--awb-padding-top:0px;--awb-padding-bottom:0px;--awb-bg-size:cover;--awb-width-large:50%;--awb-margin-top-large:0px;--awb-spacing-right-large:3.84%;--awb-margin-bottom-large:0px;--awb-spacing-left-large:3.84%;--awb-width-medium:50%;--awb-spacing-right-medium:3.84%;--awb-spacing-left-medium:3.84%;--awb-width-small:100%;--awb-spacing-right-small:1.92%;--awb-spacing-left-small:1.92%;\"><div class=\"fusion-column-wrapper fusion-column-has-shadow fusion-flex-justify-content-flex-start fusion-content-layout-column\"><\/div><\/div><\/div><\/div>\n","protected":false},"excerpt":{"rendered":"","protected":false},"author":1,"featured_media":0,"parent":6133,"menu_order":0,"comment_status":"closed","ping_status":"closed","template":"100-width.php","meta":{"footnotes":""},"class_list":["post-5589","page","type-page","status-publish","hentry"],"yoast_head":"<!-- This site is optimized with the Yoast SEO plugin v27.1.1 - https:\/\/yoast.com\/product\/yoast-seo-wordpress\/ -->\n<title>Erneubare Energien - Vil\u00e1 Abogados<\/title>\n<meta name=\"description\" content=\"Wir bieten Ihnen eine umfassende Rechtsberatung, um den Erfolg Ihres Projekts zur Entwicklung erneuerbarer Energien zu erleichtern.\" \/>\n<meta name=\"robots\" content=\"index, follow, max-snippet:-1, max-image-preview:large, max-video-preview:-1\" \/>\n<link rel=\"canonical\" href=\"https:\/\/vila.es\/de\/beratungsfelder\/erneubare-energien\/\" \/>\n<meta property=\"og:locale\" content=\"de_DE\" \/>\n<meta property=\"og:type\" content=\"article\" \/>\n<meta property=\"og:title\" content=\"Erneubare Energien - Vil\u00e1 Abogados\" \/>\n<meta property=\"og:description\" content=\"Wir bieten Ihnen eine umfassende Rechtsberatung, um den Erfolg Ihres Projekts zur Entwicklung erneuerbarer Energien zu erleichtern.\" \/>\n<meta property=\"og:url\" content=\"https:\/\/vila.es\/de\/beratungsfelder\/erneubare-energien\/\" \/>\n<meta property=\"og:site_name\" content=\"Vil\u00e1 Abogados\" \/>\n<meta property=\"article:modified_time\" content=\"2020-10-16T05:46:20+00:00\" \/>\n<meta name=\"twitter:card\" content=\"summary_large_image\" \/>\n<meta name=\"twitter:label1\" content=\"Gesch\u00e4tzte Lesezeit\" \/>\n\t<meta name=\"twitter:data1\" content=\"4\u00a0Minuten\" \/>\n<script type=\"application\/ld+json\" class=\"yoast-schema-graph\">{\"@context\":\"https:\/\/schema.org\",\"@graph\":[{\"@type\":\"WebPage\",\"@id\":\"https:\/\/vila.es\/de\/beratungsfelder\/erneubare-energien\/\",\"url\":\"https:\/\/vila.es\/de\/beratungsfelder\/erneubare-energien\/\",\"name\":\"Erneubare Energien - Vil\u00e1 Abogados\",\"isPartOf\":{\"@id\":\"https:\/\/vila.es\/en\/#website\"},\"datePublished\":\"2020-07-21T08:16:04+00:00\",\"dateModified\":\"2020-10-16T05:46:20+00:00\",\"description\":\"Wir bieten Ihnen eine umfassende Rechtsberatung, um den Erfolg Ihres Projekts zur Entwicklung erneuerbarer Energien zu erleichtern.\",\"breadcrumb\":{\"@id\":\"https:\/\/vila.es\/de\/beratungsfelder\/erneubare-energien\/#breadcrumb\"},\"inLanguage\":\"de\",\"potentialAction\":[{\"@type\":\"ReadAction\",\"target\":[\"https:\/\/vila.es\/de\/beratungsfelder\/erneubare-energien\/\"]}]},{\"@type\":\"BreadcrumbList\",\"@id\":\"https:\/\/vila.es\/de\/beratungsfelder\/erneubare-energien\/#breadcrumb\",\"itemListElement\":[{\"@type\":\"ListItem\",\"position\":1,\"name\":\"Portada\",\"item\":\"https:\/\/vila.es\/de\/\"},{\"@type\":\"ListItem\",\"position\":2,\"name\":\"Beratungsfelder\",\"item\":\"https:\/\/vila.es\/de\/beratungsfelder\/\"},{\"@type\":\"ListItem\",\"position\":3,\"name\":\"Erneubare energien\"}]},{\"@type\":\"WebSite\",\"@id\":\"https:\/\/vila.es\/en\/#website\",\"url\":\"https:\/\/vila.es\/en\/\",\"name\":\"Vil\u00e1 Abogados\",\"description\":\"Damos soporte jur\u00eddico a proyectos e iniciativas de negocio de empresas y de emprendedores extranjeros y nacionales\",\"potentialAction\":[{\"@type\":\"SearchAction\",\"target\":{\"@type\":\"EntryPoint\",\"urlTemplate\":\"https:\/\/vila.es\/en\/?s={search_term_string}\"},\"query-input\":{\"@type\":\"PropertyValueSpecification\",\"valueRequired\":true,\"valueName\":\"search_term_string\"}}],\"inLanguage\":\"de\"}]}<\/script>\n<!-- \/ Yoast SEO plugin. -->","yoast_head_json":{"title":"Erneubare Energien - Vil\u00e1 Abogados","description":"Wir bieten Ihnen eine umfassende Rechtsberatung, um den Erfolg Ihres Projekts zur Entwicklung erneuerbarer Energien zu erleichtern.","robots":{"index":"index","follow":"follow","max-snippet":"max-snippet:-1","max-image-preview":"max-image-preview:large","max-video-preview":"max-video-preview:-1"},"canonical":"https:\/\/vila.es\/de\/beratungsfelder\/erneubare-energien\/","og_locale":"de_DE","og_type":"article","og_title":"Erneubare Energien - Vil\u00e1 Abogados","og_description":"Wir bieten Ihnen eine umfassende Rechtsberatung, um den Erfolg Ihres Projekts zur Entwicklung erneuerbarer Energien zu erleichtern.","og_url":"https:\/\/vila.es\/de\/beratungsfelder\/erneubare-energien\/","og_site_name":"Vil\u00e1 Abogados","article_modified_time":"2020-10-16T05:46:20+00:00","twitter_card":"summary_large_image","twitter_misc":{"Gesch\u00e4tzte Lesezeit":"4\u00a0Minuten"},"schema":{"@context":"https:\/\/schema.org","@graph":[{"@type":"WebPage","@id":"https:\/\/vila.es\/de\/beratungsfelder\/erneubare-energien\/","url":"https:\/\/vila.es\/de\/beratungsfelder\/erneubare-energien\/","name":"Erneubare Energien - Vil\u00e1 Abogados","isPartOf":{"@id":"https:\/\/vila.es\/en\/#website"},"datePublished":"2020-07-21T08:16:04+00:00","dateModified":"2020-10-16T05:46:20+00:00","description":"Wir bieten Ihnen eine umfassende Rechtsberatung, um den Erfolg Ihres Projekts zur Entwicklung erneuerbarer Energien zu erleichtern.","breadcrumb":{"@id":"https:\/\/vila.es\/de\/beratungsfelder\/erneubare-energien\/#breadcrumb"},"inLanguage":"de","potentialAction":[{"@type":"ReadAction","target":["https:\/\/vila.es\/de\/beratungsfelder\/erneubare-energien\/"]}]},{"@type":"BreadcrumbList","@id":"https:\/\/vila.es\/de\/beratungsfelder\/erneubare-energien\/#breadcrumb","itemListElement":[{"@type":"ListItem","position":1,"name":"Portada","item":"https:\/\/vila.es\/de\/"},{"@type":"ListItem","position":2,"name":"Beratungsfelder","item":"https:\/\/vila.es\/de\/beratungsfelder\/"},{"@type":"ListItem","position":3,"name":"Erneubare energien"}]},{"@type":"WebSite","@id":"https:\/\/vila.es\/en\/#website","url":"https:\/\/vila.es\/en\/","name":"Vil\u00e1 Abogados","description":"Damos soporte jur\u00eddico a proyectos e iniciativas de negocio de empresas y de emprendedores extranjeros y nacionales","potentialAction":[{"@type":"SearchAction","target":{"@type":"EntryPoint","urlTemplate":"https:\/\/vila.es\/en\/?s={search_term_string}"},"query-input":{"@type":"PropertyValueSpecification","valueRequired":true,"valueName":"search_term_string"}}],"inLanguage":"de"}]}},"_links":{"self":[{"href":"https:\/\/vila.es\/de\/wp-json\/wp\/v2\/pages\/5589","targetHints":{"allow":["GET"]}}],"collection":[{"href":"https:\/\/vila.es\/de\/wp-json\/wp\/v2\/pages"}],"about":[{"href":"https:\/\/vila.es\/de\/wp-json\/wp\/v2\/types\/page"}],"author":[{"embeddable":true,"href":"https:\/\/vila.es\/de\/wp-json\/wp\/v2\/users\/1"}],"replies":[{"embeddable":true,"href":"https:\/\/vila.es\/de\/wp-json\/wp\/v2\/comments?post=5589"}],"version-history":[{"count":6,"href":"https:\/\/vila.es\/de\/wp-json\/wp\/v2\/pages\/5589\/revisions"}],"predecessor-version":[{"id":7761,"href":"https:\/\/vila.es\/de\/wp-json\/wp\/v2\/pages\/5589\/revisions\/7761"}],"up":[{"embeddable":true,"href":"https:\/\/vila.es\/de\/wp-json\/wp\/v2\/pages\/6133"}],"wp:attachment":[{"href":"https:\/\/vila.es\/de\/wp-json\/wp\/v2\/media?parent=5589"}],"curies":[{"name":"wp","href":"https:\/\/api.w.org\/{rel}","templated":true}]}}