{"id":5582,"date":"2020-07-21T08:02:43","date_gmt":"2020-07-21T08:02:43","guid":{"rendered":"http:\/\/desarrollo.vila.es\/?page_id=5582"},"modified":"2020-10-16T05:51:49","modified_gmt":"2020-10-16T05:51:49","slug":"unternehmensrecht","status":"publish","type":"page","link":"https:\/\/vila.es\/de\/beratungsfelder\/unternehmensrecht\/","title":{"rendered":"Unternehmensrecht"},"content":{"rendered":"<div class=\"fusion-fullwidth fullwidth-box fusion-builder-row-1 fusion-flex-container fusion-parallax-fixed nonhundred-percent-fullwidth non-hundred-percent-height-scrolling\" style=\"--awb-background-position:left center;--awb-border-radius-top-left:0px;--awb-border-radius-top-right:0px;--awb-border-radius-bottom-right:0px;--awb-border-radius-bottom-left:0px;--awb-padding-top:20px;--awb-padding-bottom:0px;--awb-margin-top:0px;--awb-margin-bottom:0px;--awb-background-image:url(&quot;https:\/\/vila.es\/wp-content\/uploads\/2020\/07\/corporativo-web-2.jpg&quot;);--awb-background-size:cover;--awb-flex-wrap:wrap;background-attachment:fixed;\" ><div class=\"fusion-builder-row fusion-row fusion-flex-align-items-flex-start fusion-flex-content-wrap\" style=\"max-width:1476.8px;margin-left: calc(-4% \/ 2 );margin-right: calc(-4% \/ 2 );\"><div class=\"fusion-layout-column fusion_builder_column fusion-builder-column-0 fusion_builder_column_1_2 1_2 fusion-flex-column\" style=\"--awb-padding-top:0px;--awb-padding-bottom:0px;--awb-bg-size:cover;--awb-width-large:50%;--awb-margin-top-large:0px;--awb-spacing-right-large:3.84%;--awb-margin-bottom-large:0px;--awb-spacing-left-large:3.84%;--awb-width-medium:50%;--awb-spacing-right-medium:3.84%;--awb-spacing-left-medium:3.84%;--awb-width-small:100%;--awb-spacing-right-small:1.92%;--awb-spacing-left-small:1.92%;\"><div class=\"fusion-column-wrapper fusion-column-has-shadow fusion-flex-justify-content-flex-start fusion-content-layout-column\"><div class=\"fusion-text fusion-text-1\"><h1>UNTERNEHMESRECHT<\/h1>\n<\/div><div class=\"fusion-text fusion-text-2 text\"><p><span class=\"first-big\">E<\/span>in effizientes und geordnetes Unternehmen setzt generell eine st\u00e4ndige rechtliche und administrative Systematisierung sowie eine angemessene Unternehmensf\u00fchrung voraus. Unser Ziel ist es, den Mandanten dabei zu helfen, s\u00e4mtliche Unternehmensangelegenheiten auf dem neuesten Stand zu halten und ihr Unternehmen an die sie betreffenden Gesetzes\u00e4nderungen anzupassen, damit sich der Unternehmer voll und ganz den wesentlichen Belangen seines Unternehmens widmen kann.<\/p>\n<p><span class=\"first-big\">D<\/span>ie Realit\u00e4t zeigt, dass der Wohlstand eines Unternehmens nicht nur von internen Faktoren abh\u00e4ngt, sondern auch von externen, nicht beeinflussbaren Aspekten wie der Marktentwicklung oder der allgemeinen wirtschaftlichen oder finanziellen Situation. In schwierigen Zeiten muss ein Unternehmen Abwehr- und Anpassungsmechanismen einrichten, um sein Fortbestehen zu sichern und sich auf bessere Zeiten vorzubereiten. Entscheidend f\u00fcr Erfolg oder Misserfolg des Managements ist oft die Umsetzung geeigneter Ma\u00dfnahmen zum richtigen Zeitpunkt, bevor es zu nicht mehr umkehrbaren Situationen kommt. In diesem Bewusstsein bieten wir Beratung und rechtliche L\u00f6sungen f\u00fcr die Umstrukturierung von Unternehmen und zur erfolgreichen Bew\u00e4ltigung eines Wandels sowie Unterst\u00fctzung bei der Umsetzung von Entscheidungen wie etwa die Anpassung des Personalbestands oder eine Umschuldung oder Neuverhandlung von Vertragsbedingungen.<\/p>\n<p><span class=\"first-big\">M<\/span>anchmal erweisen sich Ma\u00dfnahmen zur Umgehung oder Bew\u00e4ltigung einer Krise aufgrund einer Reihe von Ursachen als unzureichend, was nicht unbedingt auf ein unangemessenes Management zur\u00fcckzuf\u00fchren ist, sondern eventuell auf unvermeidbare externe Faktoren. In jedem Fall aber sind geeignete Ma\u00dfnahmen zum richtigen Zeitpunkt notwendig, auch um eine pers\u00f6nliche Haftung der Gesch\u00e4ftsf\u00fchrer des Unternehmens in einer Krise zu vermeiden. Unsere Dienstleistungen umfassen die Rechtsberatung vor und w\u00e4hrend einer Insolvenz, sowohl im Hinblick auf die Vertretung der Interessen des Unternehmens in der Krise als auch im Hinblick auf die Gl\u00e4ubiger.<\/p>\n<\/div><\/div><\/div><div class=\"fusion-layout-column fusion_builder_column fusion-builder-column-1 fusion_builder_column_1_2 1_2 fusion-flex-column\" style=\"--awb-padding-top:0px;--awb-padding-bottom:0px;--awb-bg-size:cover;--awb-width-large:50%;--awb-margin-top-large:0px;--awb-spacing-right-large:3.84%;--awb-margin-bottom-large:0px;--awb-spacing-left-large:3.84%;--awb-width-medium:50%;--awb-spacing-right-medium:3.84%;--awb-spacing-left-medium:3.84%;--awb-width-small:100%;--awb-spacing-right-small:1.92%;--awb-spacing-left-small:1.92%;\"><div class=\"fusion-column-wrapper fusion-column-has-shadow fusion-flex-justify-content-flex-start fusion-content-layout-column\"><\/div><\/div><\/div><\/div>\n","protected":false},"excerpt":{"rendered":"","protected":false},"author":1,"featured_media":0,"parent":6133,"menu_order":0,"comment_status":"closed","ping_status":"closed","template":"100-width.php","meta":{"footnotes":""},"class_list":["post-5582","page","type-page","status-publish","hentry"],"yoast_head":"<!-- This site is optimized with the Yoast SEO plugin v27.1.1 - https:\/\/yoast.com\/product\/yoast-seo-wordpress\/ -->\n<title>Gesellschaftsrecht - Vil\u00e1 Abogados<\/title>\n<meta name=\"description\" content=\"Wir halten alle Unternehmensangelegenheiten aktualisiert bei Anpassung an die Gesetzes\u00e4nderungen, so dass Sie sich auf ihren Gesch\u00e4ft konzentrieren k\u00f6nnen.\" \/>\n<meta name=\"robots\" content=\"index, follow, max-snippet:-1, max-image-preview:large, max-video-preview:-1\" \/>\n<link rel=\"canonical\" href=\"https:\/\/vila.es\/de\/beratungsfelder\/unternehmensrecht\/\" \/>\n<meta property=\"og:locale\" content=\"de_DE\" \/>\n<meta property=\"og:type\" content=\"article\" \/>\n<meta property=\"og:title\" content=\"Gesellschaftsrecht - Vil\u00e1 Abogados\" \/>\n<meta property=\"og:description\" content=\"Wir halten alle Unternehmensangelegenheiten aktualisiert bei Anpassung an die Gesetzes\u00e4nderungen, so dass Sie sich auf ihren Gesch\u00e4ft konzentrieren k\u00f6nnen.\" \/>\n<meta property=\"og:url\" content=\"https:\/\/vila.es\/de\/beratungsfelder\/unternehmensrecht\/\" \/>\n<meta property=\"og:site_name\" content=\"Vil\u00e1 Abogados\" \/>\n<meta property=\"article:modified_time\" content=\"2020-10-16T05:51:49+00:00\" \/>\n<meta name=\"twitter:card\" content=\"summary_large_image\" \/>\n<meta name=\"twitter:label1\" content=\"Gesch\u00e4tzte Lesezeit\" \/>\n\t<meta name=\"twitter:data1\" content=\"5\u00a0Minuten\" \/>\n<script type=\"application\/ld+json\" class=\"yoast-schema-graph\">{\"@context\":\"https:\/\/schema.org\",\"@graph\":[{\"@type\":\"WebPage\",\"@id\":\"https:\/\/vila.es\/de\/beratungsfelder\/unternehmensrecht\/\",\"url\":\"https:\/\/vila.es\/de\/beratungsfelder\/unternehmensrecht\/\",\"name\":\"Gesellschaftsrecht - Vil\u00e1 Abogados\",\"isPartOf\":{\"@id\":\"https:\/\/vila.es\/en\/#website\"},\"datePublished\":\"2020-07-21T08:02:43+00:00\",\"dateModified\":\"2020-10-16T05:51:49+00:00\",\"description\":\"Wir halten alle Unternehmensangelegenheiten aktualisiert bei Anpassung an die Gesetzes\u00e4nderungen, so dass Sie sich auf ihren Gesch\u00e4ft konzentrieren k\u00f6nnen.\",\"breadcrumb\":{\"@id\":\"https:\/\/vila.es\/de\/beratungsfelder\/unternehmensrecht\/#breadcrumb\"},\"inLanguage\":\"de\",\"potentialAction\":[{\"@type\":\"ReadAction\",\"target\":[\"https:\/\/vila.es\/de\/beratungsfelder\/unternehmensrecht\/\"]}]},{\"@type\":\"BreadcrumbList\",\"@id\":\"https:\/\/vila.es\/de\/beratungsfelder\/unternehmensrecht\/#breadcrumb\",\"itemListElement\":[{\"@type\":\"ListItem\",\"position\":1,\"name\":\"Portada\",\"item\":\"https:\/\/vila.es\/de\/\"},{\"@type\":\"ListItem\",\"position\":2,\"name\":\"Beratungsfelder\",\"item\":\"https:\/\/vila.es\/de\/beratungsfelder\/\"},{\"@type\":\"ListItem\",\"position\":3,\"name\":\"Unternehmensrecht\"}]},{\"@type\":\"WebSite\",\"@id\":\"https:\/\/vila.es\/en\/#website\",\"url\":\"https:\/\/vila.es\/en\/\",\"name\":\"Vil\u00e1 Abogados\",\"description\":\"Damos soporte jur\u00eddico a proyectos e iniciativas de negocio de empresas y de emprendedores extranjeros y nacionales\",\"potentialAction\":[{\"@type\":\"SearchAction\",\"target\":{\"@type\":\"EntryPoint\",\"urlTemplate\":\"https:\/\/vila.es\/en\/?s={search_term_string}\"},\"query-input\":{\"@type\":\"PropertyValueSpecification\",\"valueRequired\":true,\"valueName\":\"search_term_string\"}}],\"inLanguage\":\"de\"}]}<\/script>\n<!-- \/ Yoast SEO plugin. -->","yoast_head_json":{"title":"Gesellschaftsrecht - Vil\u00e1 Abogados","description":"Wir halten alle Unternehmensangelegenheiten aktualisiert bei Anpassung an die Gesetzes\u00e4nderungen, so dass Sie sich auf ihren Gesch\u00e4ft konzentrieren k\u00f6nnen.","robots":{"index":"index","follow":"follow","max-snippet":"max-snippet:-1","max-image-preview":"max-image-preview:large","max-video-preview":"max-video-preview:-1"},"canonical":"https:\/\/vila.es\/de\/beratungsfelder\/unternehmensrecht\/","og_locale":"de_DE","og_type":"article","og_title":"Gesellschaftsrecht - Vil\u00e1 Abogados","og_description":"Wir halten alle Unternehmensangelegenheiten aktualisiert bei Anpassung an die Gesetzes\u00e4nderungen, so dass Sie sich auf ihren Gesch\u00e4ft konzentrieren k\u00f6nnen.","og_url":"https:\/\/vila.es\/de\/beratungsfelder\/unternehmensrecht\/","og_site_name":"Vil\u00e1 Abogados","article_modified_time":"2020-10-16T05:51:49+00:00","twitter_card":"summary_large_image","twitter_misc":{"Gesch\u00e4tzte Lesezeit":"5\u00a0Minuten"},"schema":{"@context":"https:\/\/schema.org","@graph":[{"@type":"WebPage","@id":"https:\/\/vila.es\/de\/beratungsfelder\/unternehmensrecht\/","url":"https:\/\/vila.es\/de\/beratungsfelder\/unternehmensrecht\/","name":"Gesellschaftsrecht - Vil\u00e1 Abogados","isPartOf":{"@id":"https:\/\/vila.es\/en\/#website"},"datePublished":"2020-07-21T08:02:43+00:00","dateModified":"2020-10-16T05:51:49+00:00","description":"Wir halten alle Unternehmensangelegenheiten aktualisiert bei Anpassung an die Gesetzes\u00e4nderungen, so dass Sie sich auf ihren Gesch\u00e4ft konzentrieren k\u00f6nnen.","breadcrumb":{"@id":"https:\/\/vila.es\/de\/beratungsfelder\/unternehmensrecht\/#breadcrumb"},"inLanguage":"de","potentialAction":[{"@type":"ReadAction","target":["https:\/\/vila.es\/de\/beratungsfelder\/unternehmensrecht\/"]}]},{"@type":"BreadcrumbList","@id":"https:\/\/vila.es\/de\/beratungsfelder\/unternehmensrecht\/#breadcrumb","itemListElement":[{"@type":"ListItem","position":1,"name":"Portada","item":"https:\/\/vila.es\/de\/"},{"@type":"ListItem","position":2,"name":"Beratungsfelder","item":"https:\/\/vila.es\/de\/beratungsfelder\/"},{"@type":"ListItem","position":3,"name":"Unternehmensrecht"}]},{"@type":"WebSite","@id":"https:\/\/vila.es\/en\/#website","url":"https:\/\/vila.es\/en\/","name":"Vil\u00e1 Abogados","description":"Damos soporte jur\u00eddico a proyectos e iniciativas de negocio de empresas y de emprendedores extranjeros y nacionales","potentialAction":[{"@type":"SearchAction","target":{"@type":"EntryPoint","urlTemplate":"https:\/\/vila.es\/en\/?s={search_term_string}"},"query-input":{"@type":"PropertyValueSpecification","valueRequired":true,"valueName":"search_term_string"}}],"inLanguage":"de"}]}},"_links":{"self":[{"href":"https:\/\/vila.es\/de\/wp-json\/wp\/v2\/pages\/5582","targetHints":{"allow":["GET"]}}],"collection":[{"href":"https:\/\/vila.es\/de\/wp-json\/wp\/v2\/pages"}],"about":[{"href":"https:\/\/vila.es\/de\/wp-json\/wp\/v2\/types\/page"}],"author":[{"embeddable":true,"href":"https:\/\/vila.es\/de\/wp-json\/wp\/v2\/users\/1"}],"replies":[{"embeddable":true,"href":"https:\/\/vila.es\/de\/wp-json\/wp\/v2\/comments?post=5582"}],"version-history":[{"count":5,"href":"https:\/\/vila.es\/de\/wp-json\/wp\/v2\/pages\/5582\/revisions"}],"predecessor-version":[{"id":7770,"href":"https:\/\/vila.es\/de\/wp-json\/wp\/v2\/pages\/5582\/revisions\/7770"}],"up":[{"embeddable":true,"href":"https:\/\/vila.es\/de\/wp-json\/wp\/v2\/pages\/6133"}],"wp:attachment":[{"href":"https:\/\/vila.es\/de\/wp-json\/wp\/v2\/media?parent=5582"}],"curies":[{"name":"wp","href":"https:\/\/api.w.org\/{rel}","templated":true}]}}