{"id":5575,"date":"2020-07-20T21:26:13","date_gmt":"2020-07-20T21:26:13","guid":{"rendered":"http:\/\/desarrollo.vila.es\/?page_id=5575"},"modified":"2020-10-16T05:36:14","modified_gmt":"2020-10-16T05:36:14","slug":"vertragswesen","status":"publish","type":"page","link":"https:\/\/vila.es\/de\/beratungsfelder\/vertragswesen\/","title":{"rendered":"Vertragswesen"},"content":{"rendered":"<div class=\"fusion-fullwidth fullwidth-box fusion-builder-row-1 fusion-flex-container fusion-parallax-fixed nonhundred-percent-fullwidth non-hundred-percent-height-scrolling\" style=\"--awb-background-position:left center;--awb-border-radius-top-left:0px;--awb-border-radius-top-right:0px;--awb-border-radius-bottom-right:0px;--awb-border-radius-bottom-left:0px;--awb-padding-top:20px;--awb-padding-bottom:0px;--awb-margin-top:0px;--awb-margin-bottom:0px;--awb-background-image:url(&quot;https:\/\/vila.es\/wp-content\/uploads\/2020\/07\/contratacion-web-1.jpg&quot;);--awb-background-size:cover;--awb-flex-wrap:wrap;background-attachment:fixed;\" ><div class=\"fusion-builder-row fusion-row fusion-flex-align-items-flex-start fusion-flex-content-wrap\" style=\"max-width:1476.8px;margin-left: calc(-4% \/ 2 );margin-right: calc(-4% \/ 2 );\"><div class=\"fusion-layout-column fusion_builder_column fusion-builder-column-0 fusion_builder_column_1_2 1_2 fusion-flex-column\" style=\"--awb-padding-top:0px;--awb-padding-bottom:0px;--awb-bg-size:cover;--awb-width-large:50%;--awb-margin-top-large:0px;--awb-spacing-right-large:3.84%;--awb-margin-bottom-large:0px;--awb-spacing-left-large:3.84%;--awb-width-medium:50%;--awb-spacing-right-medium:3.84%;--awb-spacing-left-medium:3.84%;--awb-width-small:100%;--awb-spacing-right-small:1.92%;--awb-spacing-left-small:1.92%;\"><div class=\"fusion-column-wrapper fusion-column-has-shadow fusion-flex-justify-content-flex-start fusion-content-layout-column\"><div class=\"fusion-text fusion-text-1\"><h1 id=\"agencia\">VERTRAGSWESEN<\/h1>\n<\/div><div class=\"fusion-text fusion-text-2 text\"><p><span class=\"first-big\">D<\/span>as Vertragswesen macht einen wesentlichen Teil unseres Fachwissens und unserer Erfahrung aus und umfasst eine gro\u00dfe Bandbreite von Vertragstypen, wie beispielsweise folgende:<\/p>\n<h3>Agentur- und Vertriebsvertr\u00e4ge (online und offline)<\/h3>\n<p><span class=\"first-big\">D<\/span>er Vertrieb nimmt im Zeitalter des technologischen Fortschritts eine rasante Entwicklung. Damit die Vertriebsstruktur nicht zum Erliegen kommt, m\u00fcssen neue Formeln geschaffen werden, um die Netze zu beschleunigen und wettbewerbsf\u00e4higer zu machen, <span id=\"licencia\">ohne jedoch den Rahmen der nationalen und gemeinschaftlichen Gesetze \u00fcber Wettbewerb, gewerbliches Eigentum und Datenschutz zu verletzen oder mit ihm zu kollidieren. Wir bieten virtuelle Konzepte (E-Commerce) und hybride Vertriebsl\u00f6sungen, sowohl f\u00fcr bestehende Strukturen als auch f\u00fcr neue Einrichtungen.<\/span><\/p>\n<h3>Technologie-Lizenzierung<\/h3>\n<p><span class=\"first-big\">E<\/span>ine Verbesserung der Produktivit\u00e4t, Qualit\u00e4t oder industriellen Wettbewerbsf\u00e4higkeit von Produkten oder Dienstleistungen setzt die Einbindung von Verfahren, Patenten, Know-how oder Geheimnissen Dritter voraus. Technologie-Lizenzvertr\u00e4ge <span id=\"oem\">erm\u00f6glichen eine solche Eingliederung; sie sind aber auch ein Instrument zur \u00dcberlassung einer gesch\u00fctzten Technologie, wenn es darum geht, einen Gewinn aus dem Wissen zu erzielen und gleichzeitig in den Genuss der Schutzwirkung und der ausschlie\u00dflichen Nutzung zu kommen, die durch ihre Registrierung entstehen.<\/span><\/p>\n<h3>OEM (Originalausr\u00fcster)<\/h3>\n<p><span class=\"first-big\">O<\/span>EM-Vertr\u00e4ge (Original Equipment Manufacturer) werden dann abgeschlossen, wenn es aufgrund der Unternehmensstruktur nicht angeraten ist, eigene Ressourcen zur Herstellung eines bestimmten Produkts zu verwenden, aber dieses, hergestellt durch einen Dritter, bestimmten Anforderungen hinsichtlich Qualit\u00e4t, Design und Image des Auftraggebenden Unternehmens entsprechen muss. Zu diesem Bereich geh\u00f6ren auch Vertr\u00e4ge \u00fcber die Schaffung von Produkten ex-novo aus einer embryonalen Idee, aber mit einer ausgelagerten Entwicklung und Herstellung.<\/p>\n<h3 id=\"franquicia\">Franchising<\/h3>\n<p><span class=\"first-big\">F<\/span>\u00fcr Franchisegeber bzw. -Inhaber oder f\u00fcr Entrepreneure, die ein Unternehmen mit der Sicherheit einer bereits etablierten Marke oder Marketingformel gr\u00fcnden wollen, ist Franchising eine effiziente und schnelle M\u00f6glichkeit, auf dem Markt zu wachsen. Entscheidend f\u00fcr den Erfolg einer Franchise ist auch, wie sie von vornherein auf den Schutz der urspr\u00fcnglichen Idee, ihres Images und der Gesch\u00e4ftsverfahren ausgerichtet ist.<\/p>\n<h3 id=\"derechos\">Bildrechte und Sponsoring<\/h3>\n<p><span class=\"first-big\">D<\/span>as Bild nat\u00fcrlicher Personen ist ein Grundrecht und zudem ein starkes Wirtschaftsgut. Auf dem Markt dient es h\u00e4ufig zur Projektierung oder Unterst\u00fctzung eines Produkts durch die Verbindung mit einer bestimmten Person oder bestimmten Personen. Insbesondere in der Welt des Sports, der Mode, in sozialen Netzwerken und f\u00fcr audiovisuelle Inhalte ist dies von erheblichem wirtschaftlichem Interesse.<\/p>\n<p>Sponsoring erm\u00f6glicht nat\u00fcrlichen und juristischen Personen, ihren Namen oder ihr Bild mit bestimmten kulturellen, sportlichen oder wissenschaftlichen Initiativen und Einrichtungen in Verbindung zu bringen und auf diese Weise ein f\u00fcr beide Seiten vorteilhaftes Ergebnis zu erzielen \u2013 sowohl f\u00fcr diejenigen, die ihr Bild einem Dritten \u00fcberlassen oder es mit ihm in Verbindung bringen, als auch f\u00fcr diejenigen, die den finanziellen Beitrag leisten.<\/p>\n<h3 id=\"contrato\">Vertr\u00e4ge \u00fcber den Verleih von Betriebsmitteln<\/h3>\n<p><span class=\"first-big\">D<\/span>as Anleihen von Betriebsmitteln kann ideal sein, falls die Nutzung von Ger\u00e4ten oder Anlagen mittels eines flexiblen und erschwinglichen Zahlungssystems interessiert, welches das Unternehmen von finanziellen Engp\u00e4ssen oder finanzielle Anstrengungen befreit, die f\u00fcr andere Zwecke freigesetzt werden. Es ist auch deshalb attraktiv, weil es nicht den strengen formalen Anforderungen eines Leasingvertrags unterliegt und zudem steuerliche Vorteile mit sich bringt.<\/p>\n<\/div><\/div><\/div><div class=\"fusion-layout-column fusion_builder_column fusion-builder-column-1 fusion_builder_column_1_2 1_2 fusion-flex-column\" style=\"--awb-padding-top:0px;--awb-padding-bottom:0px;--awb-bg-size:cover;--awb-width-large:50%;--awb-margin-top-large:0px;--awb-spacing-right-large:3.84%;--awb-margin-bottom-large:0px;--awb-spacing-left-large:3.84%;--awb-width-medium:50%;--awb-spacing-right-medium:3.84%;--awb-spacing-left-medium:3.84%;--awb-width-small:100%;--awb-spacing-right-small:1.92%;--awb-spacing-left-small:1.92%;\"><div class=\"fusion-column-wrapper fusion-column-has-shadow fusion-flex-justify-content-flex-start fusion-content-layout-column\"><\/div><\/div><\/div><\/div>\n","protected":false},"excerpt":{"rendered":"","protected":false},"author":1,"featured_media":0,"parent":6133,"menu_order":0,"comment_status":"closed","ping_status":"closed","template":"100-width.php","meta":{"footnotes":""},"class_list":["post-5575","page","type-page","status-publish","hentry"],"yoast_head":"<!-- This site is optimized with the Yoast SEO plugin v27.1.1 - https:\/\/yoast.com\/product\/yoast-seo-wordpress\/ -->\n<title>Vertragswesen - Vil\u00e1 Abogados<\/title>\n<meta name=\"description\" content=\"Agentur und Vertriebsvertr\u00e4ge (online und offline), Technologielizenzen, OEM, Franchising, Bildrechte und Sponsoring, operatives Leasing.\" \/>\n<meta name=\"robots\" content=\"index, follow, max-snippet:-1, max-image-preview:large, max-video-preview:-1\" \/>\n<link rel=\"canonical\" href=\"https:\/\/vila.es\/de\/beratungsfelder\/vertragswesen\/\" \/>\n<meta property=\"og:locale\" content=\"de_DE\" \/>\n<meta property=\"og:type\" content=\"article\" \/>\n<meta property=\"og:title\" content=\"Vertragswesen - Vil\u00e1 Abogados\" \/>\n<meta property=\"og:description\" content=\"Agentur und Vertriebsvertr\u00e4ge (online und offline), Technologielizenzen, OEM, Franchising, Bildrechte und Sponsoring, operatives Leasing.\" \/>\n<meta property=\"og:url\" content=\"https:\/\/vila.es\/de\/beratungsfelder\/vertragswesen\/\" \/>\n<meta property=\"og:site_name\" content=\"Vil\u00e1 Abogados\" \/>\n<meta property=\"article:modified_time\" content=\"2020-10-16T05:36:14+00:00\" \/>\n<meta name=\"twitter:card\" content=\"summary_large_image\" \/>\n<meta name=\"twitter:label1\" content=\"Gesch\u00e4tzte Lesezeit\" \/>\n\t<meta name=\"twitter:data1\" content=\"6\u00a0Minuten\" \/>\n<script type=\"application\/ld+json\" class=\"yoast-schema-graph\">{\"@context\":\"https:\/\/schema.org\",\"@graph\":[{\"@type\":\"WebPage\",\"@id\":\"https:\/\/vila.es\/de\/beratungsfelder\/vertragswesen\/\",\"url\":\"https:\/\/vila.es\/de\/beratungsfelder\/vertragswesen\/\",\"name\":\"Vertragswesen - Vil\u00e1 Abogados\",\"isPartOf\":{\"@id\":\"https:\/\/vila.es\/en\/#website\"},\"datePublished\":\"2020-07-20T21:26:13+00:00\",\"dateModified\":\"2020-10-16T05:36:14+00:00\",\"description\":\"Agentur und Vertriebsvertr\u00e4ge (online und offline), Technologielizenzen, OEM, Franchising, Bildrechte und Sponsoring, operatives Leasing.\",\"breadcrumb\":{\"@id\":\"https:\/\/vila.es\/de\/beratungsfelder\/vertragswesen\/#breadcrumb\"},\"inLanguage\":\"de\",\"potentialAction\":[{\"@type\":\"ReadAction\",\"target\":[\"https:\/\/vila.es\/de\/beratungsfelder\/vertragswesen\/\"]}]},{\"@type\":\"BreadcrumbList\",\"@id\":\"https:\/\/vila.es\/de\/beratungsfelder\/vertragswesen\/#breadcrumb\",\"itemListElement\":[{\"@type\":\"ListItem\",\"position\":1,\"name\":\"Portada\",\"item\":\"https:\/\/vila.es\/de\/\"},{\"@type\":\"ListItem\",\"position\":2,\"name\":\"Beratungsfelder\",\"item\":\"https:\/\/vila.es\/de\/beratungsfelder\/\"},{\"@type\":\"ListItem\",\"position\":3,\"name\":\"Vertragswesen\"}]},{\"@type\":\"WebSite\",\"@id\":\"https:\/\/vila.es\/en\/#website\",\"url\":\"https:\/\/vila.es\/en\/\",\"name\":\"Vil\u00e1 Abogados\",\"description\":\"Damos soporte jur\u00eddico a proyectos e iniciativas de negocio de empresas y de emprendedores extranjeros y nacionales\",\"potentialAction\":[{\"@type\":\"SearchAction\",\"target\":{\"@type\":\"EntryPoint\",\"urlTemplate\":\"https:\/\/vila.es\/en\/?s={search_term_string}\"},\"query-input\":{\"@type\":\"PropertyValueSpecification\",\"valueRequired\":true,\"valueName\":\"search_term_string\"}}],\"inLanguage\":\"de\"}]}<\/script>\n<!-- \/ Yoast SEO plugin. -->","yoast_head_json":{"title":"Vertragswesen - Vil\u00e1 Abogados","description":"Agentur und Vertriebsvertr\u00e4ge (online und offline), Technologielizenzen, OEM, Franchising, Bildrechte und Sponsoring, operatives Leasing.","robots":{"index":"index","follow":"follow","max-snippet":"max-snippet:-1","max-image-preview":"max-image-preview:large","max-video-preview":"max-video-preview:-1"},"canonical":"https:\/\/vila.es\/de\/beratungsfelder\/vertragswesen\/","og_locale":"de_DE","og_type":"article","og_title":"Vertragswesen - Vil\u00e1 Abogados","og_description":"Agentur und Vertriebsvertr\u00e4ge (online und offline), Technologielizenzen, OEM, Franchising, Bildrechte und Sponsoring, operatives Leasing.","og_url":"https:\/\/vila.es\/de\/beratungsfelder\/vertragswesen\/","og_site_name":"Vil\u00e1 Abogados","article_modified_time":"2020-10-16T05:36:14+00:00","twitter_card":"summary_large_image","twitter_misc":{"Gesch\u00e4tzte Lesezeit":"6\u00a0Minuten"},"schema":{"@context":"https:\/\/schema.org","@graph":[{"@type":"WebPage","@id":"https:\/\/vila.es\/de\/beratungsfelder\/vertragswesen\/","url":"https:\/\/vila.es\/de\/beratungsfelder\/vertragswesen\/","name":"Vertragswesen - Vil\u00e1 Abogados","isPartOf":{"@id":"https:\/\/vila.es\/en\/#website"},"datePublished":"2020-07-20T21:26:13+00:00","dateModified":"2020-10-16T05:36:14+00:00","description":"Agentur und Vertriebsvertr\u00e4ge (online und offline), Technologielizenzen, OEM, Franchising, Bildrechte und Sponsoring, operatives Leasing.","breadcrumb":{"@id":"https:\/\/vila.es\/de\/beratungsfelder\/vertragswesen\/#breadcrumb"},"inLanguage":"de","potentialAction":[{"@type":"ReadAction","target":["https:\/\/vila.es\/de\/beratungsfelder\/vertragswesen\/"]}]},{"@type":"BreadcrumbList","@id":"https:\/\/vila.es\/de\/beratungsfelder\/vertragswesen\/#breadcrumb","itemListElement":[{"@type":"ListItem","position":1,"name":"Portada","item":"https:\/\/vila.es\/de\/"},{"@type":"ListItem","position":2,"name":"Beratungsfelder","item":"https:\/\/vila.es\/de\/beratungsfelder\/"},{"@type":"ListItem","position":3,"name":"Vertragswesen"}]},{"@type":"WebSite","@id":"https:\/\/vila.es\/en\/#website","url":"https:\/\/vila.es\/en\/","name":"Vil\u00e1 Abogados","description":"Damos soporte jur\u00eddico a proyectos e iniciativas de negocio de empresas y de emprendedores extranjeros y nacionales","potentialAction":[{"@type":"SearchAction","target":{"@type":"EntryPoint","urlTemplate":"https:\/\/vila.es\/en\/?s={search_term_string}"},"query-input":{"@type":"PropertyValueSpecification","valueRequired":true,"valueName":"search_term_string"}}],"inLanguage":"de"}]}},"_links":{"self":[{"href":"https:\/\/vila.es\/de\/wp-json\/wp\/v2\/pages\/5575","targetHints":{"allow":["GET"]}}],"collection":[{"href":"https:\/\/vila.es\/de\/wp-json\/wp\/v2\/pages"}],"about":[{"href":"https:\/\/vila.es\/de\/wp-json\/wp\/v2\/types\/page"}],"author":[{"embeddable":true,"href":"https:\/\/vila.es\/de\/wp-json\/wp\/v2\/users\/1"}],"replies":[{"embeddable":true,"href":"https:\/\/vila.es\/de\/wp-json\/wp\/v2\/comments?post=5575"}],"version-history":[{"count":7,"href":"https:\/\/vila.es\/de\/wp-json\/wp\/v2\/pages\/5575\/revisions"}],"predecessor-version":[{"id":7745,"href":"https:\/\/vila.es\/de\/wp-json\/wp\/v2\/pages\/5575\/revisions\/7745"}],"up":[{"embeddable":true,"href":"https:\/\/vila.es\/de\/wp-json\/wp\/v2\/pages\/6133"}],"wp:attachment":[{"href":"https:\/\/vila.es\/de\/wp-json\/wp\/v2\/media?parent=5575"}],"curies":[{"name":"wp","href":"https:\/\/api.w.org\/{rel}","templated":true}]}}