{"id":5562,"date":"2020-07-20T17:09:29","date_gmt":"2020-07-20T17:09:29","guid":{"rendered":"http:\/\/desarrollo.vila.es\/?page_id=5562"},"modified":"2025-04-29T16:13:49","modified_gmt":"2025-04-29T16:13:49","slug":"unser-team","status":"publish","type":"page","link":"https:\/\/vila.es\/de\/unser-team\/","title":{"rendered":"Unser team"},"content":{"rendered":"<div class=\"fusion-fullwidth fullwidth-box fusion-builder-row-1 fusion-flex-container fusion-parallax-fixed nonhundred-percent-fullwidth non-hundred-percent-height-scrolling\" style=\"--awb-background-position:left center;--awb-border-radius-top-left:0px;--awb-border-radius-top-right:0px;--awb-border-radius-bottom-right:0px;--awb-border-radius-bottom-left:0px;--awb-padding-top:20px;--awb-padding-bottom:0px;--awb-margin-top:0px;--awb-margin-bottom:0px;--awb-background-image:url(&quot;https:\/\/vila.es\/wp-content\/uploads\/2020\/07\/equipo-web.jpg&quot;);--awb-background-size:cover;--awb-flex-wrap:wrap;background-attachment:fixed;\" ><div class=\"fusion-builder-row fusion-row fusion-flex-align-items-flex-start fusion-flex-content-wrap\" style=\"max-width:1476.8px;margin-left: calc(-4% \/ 2 );margin-right: calc(-4% \/ 2 );\"><div class=\"fusion-layout-column fusion_builder_column fusion-builder-column-0 fusion_builder_column_1_2 1_2 fusion-flex-column\" style=\"--awb-padding-top:0px;--awb-padding-bottom:0px;--awb-bg-size:cover;--awb-width-large:50%;--awb-margin-top-large:0px;--awb-spacing-right-large:3.84%;--awb-margin-bottom-large:0px;--awb-spacing-left-large:3.84%;--awb-width-medium:50%;--awb-spacing-right-medium:3.84%;--awb-spacing-left-medium:3.84%;--awb-width-small:100%;--awb-spacing-right-small:1.92%;--awb-spacing-left-small:1.92%;\"><div class=\"fusion-column-wrapper fusion-column-has-shadow fusion-flex-justify-content-flex-start fusion-content-layout-column\"><div class=\"fusion-text fusion-text-1\"><h1>UNSER TEAM<\/h1>\n<\/div><div class=\"fusion-text fusion-text-2 text\"><p><span class=\"first-big\">U<\/span>nsere Kanzlei setzt sich aus Fachleuten verschiedener Nationalit\u00e4ten zusammen, die alle mindestens drei Sprachen beherrschen und \u00fcber internationale akademische Erfahrung oder Berufserfahrung verf\u00fcgen. Diese kulturelle Vielfalt erm\u00f6glicht uns auch, mit einer nat\u00fcrlich offenen und flexiblen Mentalit\u00e4t auf internationale Mandanten zuzugehen.<\/p>\n<p>Dank der Teamarbeit und unserer Gr\u00f6\u00dfe f\u00fchren wir schnell und effektiv unsere Arbeiten aus und erreichen die gesteckten Ziele. Dabei garantieren wir, dass unser Mandanten jederzeit mit einem Mitglied des an seinem Fall arbeitenden Teams in Kontakt treten kann und umgehend Antwort erh\u00e4lt.<\/p>\n<\/div><div class=\"fusion-text fusion-text-3\"><h3 style=\"line-height: 1.3 !important; margin-bottom: 20px; margin-top: 40px; font-weight: 200;\"><span style=\"color: #42669d;\">Eduardo VIL\u00c1\u00a0<\/span><br \/>\n<span style=\"color: #42669d;\"><strong>Partner<\/strong><\/span><\/h3>\n<\/div><div class=\"fusion-text fusion-text-4 text\"><p>Wurde 1966 in Vic (Barcelona) geboren. Er studierte an der Fundaci\u00f3n Abat Oliba im Fachbereich Jura und graduierte 1989 an der Universit\u00e4t von Barcelona. Im September 1990 wurde ihm ein Stipendium von der Fundaci\u00f3n La Caixa und dem Britisch Council gew\u00e4hrt, um am Queen Mary and Westfield College der University of London zu studieren , wo er 1991 einen Master in internationalem Handelsrecht (LLM) machte. Er hat auch einen Master in st\u00e4dtebaulichem Recht (Derecho Urban\u00edstico) der Fundaci\u00f3n Abad Oliba und in Schiedsgerichtsbarkeit (Derecho arbitral) von der Universidad Pompeu Fabra de Barcelona, wo er 1993 graduierte.<\/p>\n<p>1991 schloss er sich dem Madrider B\u00fcro der Rechtsanwaltskanzlei G\u00f3mez-Acebo &amp; Pombo an, um dann in Barcelona f\u00fcr die gleiche Kanzlei weiter zu praktizieren. Zwischen 1993 und 1995 arbeitete er in Japan als Partner der Anwaltkanzlei Nagashima, Ohno &amp; Tsunematsu in Tokio. 1995 kehrte er nach Barcelona zur\u00fcck, wo er wieder bei G\u00f3mez-Acebo &amp; Pombo arbeitete. 1997 gr\u00fcndete er in Barcelona die Anwaltskanzlei VIL\u00c1 ABOGADOS.<\/p>\n<p><strong>Sprachen: Spanisch, Katalanisch, Englisch, Franz\u00f6sisch und Japanisch.<br \/>\n<\/strong><strong>Kontakt: <\/strong><a href=\"mailto:vila@vila.es\"><strong>vila@vila.es<\/strong><\/a><\/p>\n<\/div><div class=\"fusion-text fusion-text-5\" style=\"--awb-text-transform:none;\"><h3 style=\"line-height: 1.3 !important; margin-bottom: 20px; margin-top: 40px; font-weight: 200;\"><span style=\"color: #42669d;\">Satoshi MINAMI\u00a0<\/span><br \/>\n<span style=\"color: #42669d;\"><strong>Rechtsanwalt<\/strong><\/span><\/h3>\n<\/div><div class=\"fusion-text fusion-text-6 text\" style=\"--awb-text-transform:none;\"><p style=\"text-align: justify;\">Geboren 1988 in Wakayama, Japan. Satoshi studierte Rechtswissenschaften und erwarb den akademischen Grad an der Keio Law School University. Im Jahr 2013 bestand er die japanische Anwaltspr\u00fcfung und er ist derzeit Mitglied der Dai-ichi Tokyo Rechtsanwaltskammer. Nach seiner T\u00e4tigkeit in einer Anwaltskanzlei in Japan wechselte er 2020 zu einer Anwaltskanzlei in Mexiko-Stadt, wo er haupts\u00e4chlich japanische Unternehmen in Mexiko rechtlich ber\u00e4t. Seit Juni 2023 ist Satoshi bei Vil\u00e1 Abogados t\u00e4tig.<\/p>\n<p><strong>Sprachen: Japanisch, Englisch und Spanisch.<br \/>\n<\/strong><strong>Kontakt: <a href=\"mailto:minami@vila.es\">minami@vila.es<\/a>\u00a0<\/strong><\/p>\n<\/div><div class=\"fusion-text fusion-text-7\" style=\"--awb-text-transform:none;\"><h3 style=\"line-height: 1.3 !important; margin-bottom: 20px; margin-top: 40px; font-weight: 200;\"><span style=\"color: #42669d;\">Joan Llu\u00eds RUBIO\u00a0<\/span><br \/>\n<span style=\"color: #42669d;\"><strong>Rechtsanwalt<\/strong><\/span><\/h3>\n<\/div><div class=\"fusion-text fusion-text-8 text\" style=\"--awb-text-transform:none;\"><p style=\"text-align: justify;\">Herr Rubio wurde 1997 in Barcelona geboren. Er hat sein Studium der Rechtswissenschaften an der Universit\u00e4t Pompeu Fabra im Jahr 2020 abgeschlossen. Er hat einen akademischen Aufenthalt an der Universit\u00e4t von Antwerpen in Belgien verfolgt. Nach einem Praktikum in verschiedenen B\u00fcros in Barcelona trat er 2021 in die Kanzlei ein. Monate sp\u00e4ter, im Jahr 2022, erwarb er den Master-Abschluss f\u00fcr den Zugang zur Rechtsanwaltschaft an der Universitat Oberta de Catalunya.<\/p>\n<p><strong>Sprachen: Spanisch, Katalanisch, Englisch und Grundkenntnisse in Japanisch und Franz\u00f6sisch<br \/>\n<\/strong><strong>Kontakt: <a href=\"mailto:jlr@vila.es\">jlr@vila.es<\/a>\u00a0<\/strong><\/p>\n<\/div><div class=\"fusion-text fusion-text-9\" style=\"--awb-text-transform:none;\"><h3 style=\"line-height: 1.3 !important; margin-bottom: 20px; margin-top: 40px; font-weight: 200;\"><span style=\"color: #42669d;\">Julio GONZ\u00c1LEZ\u00a0<\/span><br \/>\n<span style=\"color: #42669d;\"><strong>Rechtsanwalt<\/strong><\/span><\/h3>\n<\/div><div class=\"fusion-text fusion-text-10 text\" style=\"--awb-text-transform:none;\"><p style=\"text-align: justify;\">Julio wurde 1998 in Granada geboren und schloss sein Jurastudium an der Universitat Pompeu Fabra ab. Nach einem Praktikum in verschiedenen Anwaltskanzleien in Barcelona trat er 2023 in die Kanzlei ein.<\/p>\n<p><strong>Sprachen: Spanisch, Englisch, Katalanisch und Grundkenntnisse in Franz\u00f6sisch.<br \/>\n<\/strong><strong>Kontakt: <a href=\"mailto:juliogv@vila.es\">juliogv@vila.es<\/a>\u00a0<\/strong><\/p>\n<\/div><div class=\"fusion-text fusion-text-11\" style=\"--awb-text-transform:none;\"><h3 style=\"line-height: 1.3 !important; margin-bottom: 20px; margin-top: 40px; font-weight: 200;\"><span style=\"color: #42669d;\">Oscar VIL\u00c1\u00a0<\/span><br \/>\n<span style=\"color: #42669d;\"><strong>Rechtsanwalt<\/strong><\/span><\/h3>\n<\/div><div class=\"fusion-text fusion-text-12 text\" style=\"--awb-text-transform:none;\"><p style=\"text-align: justify;\">Geboren im Jahr 2000 in Barcelona, schloss er den Abschluss in Rechtswissenschaften an der Universitat Pompeu Fabra (2022) mit einem Studienaufenthalt am Tecnol\u00f3gico de Monterrey Institut (Mexiko) ab. Nach einem Praktikum in verschiedenen Firmen in Barcelona trat er 2023 in die Kanzlei ein.<\/p>\n<p><strong>Sprachen: Spanisch, Katalanisch, Englisch, Japanisch und Grundkenntnisse in Franz\u00f6sisch und Deutsch.<br \/>\n<\/strong><strong>Kontakt: <a href=\"mailto:ov@vila.es\">ov@vila.es<\/a>\u00a0<\/strong><\/p>\n<\/div><div class=\"fusion-text fusion-text-13\"><h3 style=\"line-height: 1.3 !important; margin-bottom: 20px; margin-top: 40px; font-weight: 200;\"><span style=\"color: #42669d;\">Yumi MIKATA\u00a0<\/span><br \/>\n<span style=\"color: #42669d;\"><strong>Anwaltsassistentin<\/strong><\/span><\/h3>\n<\/div><div class=\"fusion-text fusion-text-14 text\"><p>Geboren in Tottori, Japan. Studium des Internationalen Privatrechts an der Aoyama Gakuin Universit\u00e4t in Tokio.<\/p>\n<p><strong>Sprachen: Japanisch, Englisch und Spanisch.<br \/>\n<\/strong><strong>Kontakt: <a href=\"mailto:mikata@vila.es\">mikata@vila.es<\/a><a href=\"mailto:jmadero@vila.es\"><br \/>\n<\/a><\/strong><\/p>\n<\/div><\/div><\/div><div class=\"fusion-layout-column fusion_builder_column fusion-builder-column-1 fusion_builder_column_1_2 1_2 fusion-flex-column\" style=\"--awb-padding-top:0px;--awb-padding-bottom:0px;--awb-bg-size:cover;--awb-width-large:50%;--awb-margin-top-large:0px;--awb-spacing-right-large:3.84%;--awb-margin-bottom-large:0px;--awb-spacing-left-large:3.84%;--awb-width-medium:50%;--awb-spacing-right-medium:3.84%;--awb-spacing-left-medium:3.84%;--awb-width-small:100%;--awb-spacing-right-small:1.92%;--awb-spacing-left-small:1.92%;\"><div class=\"fusion-column-wrapper fusion-column-has-shadow fusion-flex-justify-content-flex-start fusion-content-layout-column\"><\/div><\/div><\/div><\/div>\n","protected":false},"excerpt":{"rendered":"","protected":false},"author":1,"featured_media":0,"parent":0,"menu_order":0,"comment_status":"closed","ping_status":"closed","template":"100-width.php","meta":{"footnotes":""},"class_list":["post-5562","page","type-page","status-publish","hentry"],"yoast_head":"<!-- This site is optimized with the Yoast SEO plugin v27.1.1 - https:\/\/yoast.com\/product\/yoast-seo-wordpress\/ -->\n<title>Team - Vil\u00e1 Abogados<\/title>\n<meta name=\"description\" content=\"Wir sind ein agiles, multikulturelles und aufgeschlossenes Team, in dem jeder von uns min. 3 Sprachen flie\u00dfend beherrscht und internationale Erfahrung hat.\" \/>\n<meta name=\"robots\" content=\"index, follow, max-snippet:-1, max-image-preview:large, max-video-preview:-1\" \/>\n<link rel=\"canonical\" href=\"https:\/\/vila.es\/de\/unser-team\/\" \/>\n<meta property=\"og:locale\" content=\"de_DE\" \/>\n<meta property=\"og:type\" content=\"article\" \/>\n<meta property=\"og:title\" content=\"Team - Vil\u00e1 Abogados\" \/>\n<meta property=\"og:description\" content=\"Wir sind ein agiles, multikulturelles und aufgeschlossenes Team, in dem jeder von uns min. 3 Sprachen flie\u00dfend beherrscht und internationale Erfahrung hat.\" \/>\n<meta property=\"og:url\" content=\"https:\/\/vila.es\/de\/unser-team\/\" \/>\n<meta property=\"og:site_name\" content=\"Vil\u00e1 Abogados\" \/>\n<meta property=\"article:modified_time\" content=\"2025-04-29T16:13:49+00:00\" \/>\n<meta name=\"twitter:card\" content=\"summary_large_image\" \/>\n<meta name=\"twitter:label1\" content=\"Gesch\u00e4tzte Lesezeit\" \/>\n\t<meta name=\"twitter:data1\" content=\"5\u00a0Minuten\" \/>\n<script type=\"application\/ld+json\" class=\"yoast-schema-graph\">{\"@context\":\"https:\/\/schema.org\",\"@graph\":[{\"@type\":\"WebPage\",\"@id\":\"https:\/\/vila.es\/de\/unser-team\/\",\"url\":\"https:\/\/vila.es\/de\/unser-team\/\",\"name\":\"Team - Vil\u00e1 Abogados\",\"isPartOf\":{\"@id\":\"https:\/\/vila.es\/en\/#website\"},\"datePublished\":\"2020-07-20T17:09:29+00:00\",\"dateModified\":\"2025-04-29T16:13:49+00:00\",\"description\":\"Wir sind ein agiles, multikulturelles und aufgeschlossenes Team, in dem jeder von uns min. 3 Sprachen flie\u00dfend beherrscht und internationale Erfahrung hat.\",\"breadcrumb\":{\"@id\":\"https:\/\/vila.es\/de\/unser-team\/#breadcrumb\"},\"inLanguage\":\"de\",\"potentialAction\":[{\"@type\":\"ReadAction\",\"target\":[\"https:\/\/vila.es\/de\/unser-team\/\"]}]},{\"@type\":\"BreadcrumbList\",\"@id\":\"https:\/\/vila.es\/de\/unser-team\/#breadcrumb\",\"itemListElement\":[{\"@type\":\"ListItem\",\"position\":1,\"name\":\"Portada\",\"item\":\"https:\/\/vila.es\/de\/\"},{\"@type\":\"ListItem\",\"position\":2,\"name\":\"Unser team\"}]},{\"@type\":\"WebSite\",\"@id\":\"https:\/\/vila.es\/en\/#website\",\"url\":\"https:\/\/vila.es\/en\/\",\"name\":\"Vil\u00e1 Abogados\",\"description\":\"Damos soporte jur\u00eddico a proyectos e iniciativas de negocio de empresas y de emprendedores extranjeros y nacionales\",\"potentialAction\":[{\"@type\":\"SearchAction\",\"target\":{\"@type\":\"EntryPoint\",\"urlTemplate\":\"https:\/\/vila.es\/en\/?s={search_term_string}\"},\"query-input\":{\"@type\":\"PropertyValueSpecification\",\"valueRequired\":true,\"valueName\":\"search_term_string\"}}],\"inLanguage\":\"de\"}]}<\/script>\n<!-- \/ Yoast SEO plugin. -->","yoast_head_json":{"title":"Team - Vil\u00e1 Abogados","description":"Wir sind ein agiles, multikulturelles und aufgeschlossenes Team, in dem jeder von uns min. 3 Sprachen flie\u00dfend beherrscht und internationale Erfahrung hat.","robots":{"index":"index","follow":"follow","max-snippet":"max-snippet:-1","max-image-preview":"max-image-preview:large","max-video-preview":"max-video-preview:-1"},"canonical":"https:\/\/vila.es\/de\/unser-team\/","og_locale":"de_DE","og_type":"article","og_title":"Team - Vil\u00e1 Abogados","og_description":"Wir sind ein agiles, multikulturelles und aufgeschlossenes Team, in dem jeder von uns min. 3 Sprachen flie\u00dfend beherrscht und internationale Erfahrung hat.","og_url":"https:\/\/vila.es\/de\/unser-team\/","og_site_name":"Vil\u00e1 Abogados","article_modified_time":"2025-04-29T16:13:49+00:00","twitter_card":"summary_large_image","twitter_misc":{"Gesch\u00e4tzte Lesezeit":"5\u00a0Minuten"},"schema":{"@context":"https:\/\/schema.org","@graph":[{"@type":"WebPage","@id":"https:\/\/vila.es\/de\/unser-team\/","url":"https:\/\/vila.es\/de\/unser-team\/","name":"Team - Vil\u00e1 Abogados","isPartOf":{"@id":"https:\/\/vila.es\/en\/#website"},"datePublished":"2020-07-20T17:09:29+00:00","dateModified":"2025-04-29T16:13:49+00:00","description":"Wir sind ein agiles, multikulturelles und aufgeschlossenes Team, in dem jeder von uns min. 3 Sprachen flie\u00dfend beherrscht und internationale Erfahrung hat.","breadcrumb":{"@id":"https:\/\/vila.es\/de\/unser-team\/#breadcrumb"},"inLanguage":"de","potentialAction":[{"@type":"ReadAction","target":["https:\/\/vila.es\/de\/unser-team\/"]}]},{"@type":"BreadcrumbList","@id":"https:\/\/vila.es\/de\/unser-team\/#breadcrumb","itemListElement":[{"@type":"ListItem","position":1,"name":"Portada","item":"https:\/\/vila.es\/de\/"},{"@type":"ListItem","position":2,"name":"Unser team"}]},{"@type":"WebSite","@id":"https:\/\/vila.es\/en\/#website","url":"https:\/\/vila.es\/en\/","name":"Vil\u00e1 Abogados","description":"Damos soporte jur\u00eddico a proyectos e iniciativas de negocio de empresas y de emprendedores extranjeros y nacionales","potentialAction":[{"@type":"SearchAction","target":{"@type":"EntryPoint","urlTemplate":"https:\/\/vila.es\/en\/?s={search_term_string}"},"query-input":{"@type":"PropertyValueSpecification","valueRequired":true,"valueName":"search_term_string"}}],"inLanguage":"de"}]}},"_links":{"self":[{"href":"https:\/\/vila.es\/de\/wp-json\/wp\/v2\/pages\/5562","targetHints":{"allow":["GET"]}}],"collection":[{"href":"https:\/\/vila.es\/de\/wp-json\/wp\/v2\/pages"}],"about":[{"href":"https:\/\/vila.es\/de\/wp-json\/wp\/v2\/types\/page"}],"author":[{"embeddable":true,"href":"https:\/\/vila.es\/de\/wp-json\/wp\/v2\/users\/1"}],"replies":[{"embeddable":true,"href":"https:\/\/vila.es\/de\/wp-json\/wp\/v2\/comments?post=5562"}],"version-history":[{"count":32,"href":"https:\/\/vila.es\/de\/wp-json\/wp\/v2\/pages\/5562\/revisions"}],"predecessor-version":[{"id":14352,"href":"https:\/\/vila.es\/de\/wp-json\/wp\/v2\/pages\/5562\/revisions\/14352"}],"wp:attachment":[{"href":"https:\/\/vila.es\/de\/wp-json\/wp\/v2\/media?parent=5562"}],"curies":[{"name":"wp","href":"https:\/\/api.w.org\/{rel}","templated":true}]}}